{"id":2260,"date":"2025-12-01T09:00:18","date_gmt":"2025-12-01T08:00:18","guid":{"rendered":"https:\/\/www.euroco.fr\/?post_type=product&#038;p=2260"},"modified":"2025-12-01T09:21:31","modified_gmt":"2025-12-01T08:21:31","slug":"crepes-blinis-et-pancakes-le-monde-des-crepes","status":"publish","type":"product","link":"https:\/\/www.euroco.fr\/fr\/produit\/crepes-blinis-et-pancakes-le-monde-des-crepes\/","title":{"rendered":"Cr\u00eapes blinis et pancakes Le Monde des Cr\u00eapes"},"content":{"rendered":"<p>C\u2019est en Bretagne que Le Monde des Cr\u00eapes a su d\u00e9velopper depuis 1982 une vaste gamme de cr\u00eapes blinis et pancakes, fabriqu\u00e9s \u00e0 partir d\u2019ingr\u00e9dients de qualit\u00e9 sup\u00e9rieure et s\u00e9lectionn\u00e9s localement.<\/p>\n<p>Leurs deux sites fabriquent des produits frais mais aussi surgel\u00e9s.<\/p>\n<p>Aujourd\u2019hui, la gamme existe en BIO, VEGGIE, SANS GLUTEN ou riche en OMEGA-3.<\/p>\n<p>Vous pourrez appr\u00e9cier \u00e0 tout moment de la journ\u00e9e, et laisser libre court \u00e0 votre imagination pour cr\u00e9er de nouvelles recettes.<\/p>\n","protected":false},"excerpt":{"rendered":"<p>C\u2019est en Bretagne que Le Monde des Cr\u00eapes a su d\u00e9velopper depuis 1982 une vaste gamme de cr\u00eapes blinis et pancakes, fabriqu\u00e9s \u00e0 partir d\u2019ingr\u00e9dients de qualit\u00e9 sup\u00e9rieure et s\u00e9lectionn\u00e9s localement. Leurs deux sites fabriquent des produits frais mais aussi surgel\u00e9s. Aujourd\u2019hui, la gamme existe en BIO, VEGGIE, SANS GLUTEN ou riche en OMEGA-3. Vous [&hellip;]<\/p>\n","protected":false},"featured_media":2262,"template":"","meta":{"_acf_changed":false,"_et_pb_use_builder":"","_et_pb_old_content":"","_et_gb_content_width":""},"pwb-brand":[82],"product_brand":[],"product_cat":[50],"product_tag":[282,284,283],"class_list":{"0":"post-2260","1":"product","2":"type-product","3":"status-publish","4":"has-post-thumbnail","6":"pwb-brand-le-monde-des-crepes","7":"product_cat-surgeles","8":"product_tag-blini-fr","9":"product_tag-crepe-fr","10":"product_tag-pancake-fr","12":"first","13":"instock","14":"featured","15":"shipping-taxable","16":"product-type-simple"},"acf":[],"yoast_head":"<!-- This site is optimized with the Yoast SEO plugin v27.4 - https:\/\/yoast.com\/product\/yoast-seo-wordpress\/ -->\n<title>Cr\u00eapes blinis et pancakes Le Monde des Cr\u00eapes - Euroco<\/title>\n<meta name=\"description\" content=\"Le Monde des Cr\u00eapes produit depuis 1982 sur deux sites de production une gamme de cr\u00eapes, blinis et pancakes en frais mais aussi en surgel\u00e9s.\" \/>\n<meta name=\"robots\" content=\"index, follow, max-snippet:-1, max-image-preview:large, max-video-preview:-1\" \/>\n<link rel=\"canonical\" href=\"https:\/\/www.euroco.fr\/fr\/produit\/crepes-blinis-et-pancakes-le-monde-des-crepes\/\" \/>\n<meta property=\"og:locale\" content=\"fr_FR\" \/>\n<meta property=\"og:type\" content=\"article\" \/>\n<meta property=\"og:title\" content=\"Cr\u00eapes blinis et pancakes Le Monde des Cr\u00eapes - Euroco\" \/>\n<meta property=\"og:description\" content=\"Le Monde des Cr\u00eapes produit depuis 1982 sur deux sites de production une gamme de cr\u00eapes, blinis et pancakes en frais mais aussi en surgel\u00e9s.\" \/>\n<meta property=\"og:url\" content=\"https:\/\/www.euroco.fr\/fr\/produit\/crepes-blinis-et-pancakes-le-monde-des-crepes\/\" \/>\n<meta property=\"og:site_name\" content=\"Euroco\" \/>\n<meta property=\"article:modified_time\" content=\"2025-12-01T08:21:31+00:00\" \/>\n<meta property=\"og:image\" content=\"https:\/\/www.euroco.fr\/wp-content\/uploads\/2022\/11\/LE_M10.jpg\" \/>\n\t<meta property=\"og:image:width\" content=\"1181\" \/>\n\t<meta property=\"og:image:height\" content=\"1181\" \/>\n\t<meta property=\"og:image:type\" content=\"image\/jpeg\" \/>\n<meta name=\"twitter:card\" content=\"summary_large_image\" \/>\n<meta name=\"twitter:label1\" content=\"Dur\u00e9e de lecture estim\u00e9e\" \/>\n\t<meta name=\"twitter:data1\" content=\"1 minute\" \/>\n<script type=\"application\/ld+json\" class=\"yoast-schema-graph\">{\"@context\":\"https:\\\/\\\/schema.org\",\"@graph\":[{\"@type\":\"WebPage\",\"@id\":\"https:\\\/\\\/www.euroco.fr\\\/fr\\\/produit\\\/crepes-blinis-et-pancakes-le-monde-des-crepes\\\/\",\"url\":\"https:\\\/\\\/www.euroco.fr\\\/fr\\\/produit\\\/crepes-blinis-et-pancakes-le-monde-des-crepes\\\/\",\"name\":\"Cr\u00eapes blinis et pancakes Le Monde des Cr\u00eapes - Euroco\",\"isPartOf\":{\"@id\":\"https:\\\/\\\/www.euroco.fr\\\/fr\\\/#website\"},\"primaryImageOfPage\":{\"@id\":\"https:\\\/\\\/www.euroco.fr\\\/fr\\\/produit\\\/crepes-blinis-et-pancakes-le-monde-des-crepes\\\/#primaryimage\"},\"image\":{\"@id\":\"https:\\\/\\\/www.euroco.fr\\\/fr\\\/produit\\\/crepes-blinis-et-pancakes-le-monde-des-crepes\\\/#primaryimage\"},\"thumbnailUrl\":\"https:\\\/\\\/www.euroco.fr\\\/wp-content\\\/uploads\\\/2022\\\/11\\\/LE_M10.jpg\",\"datePublished\":\"2025-12-01T08:00:18+00:00\",\"dateModified\":\"2025-12-01T08:21:31+00:00\",\"description\":\"Le Monde des Cr\u00eapes produit depuis 1982 sur deux sites de production une gamme de cr\u00eapes, blinis et pancakes en frais mais aussi en surgel\u00e9s.\",\"breadcrumb\":{\"@id\":\"https:\\\/\\\/www.euroco.fr\\\/fr\\\/produit\\\/crepes-blinis-et-pancakes-le-monde-des-crepes\\\/#breadcrumb\"},\"inLanguage\":\"fr-FR\",\"potentialAction\":[{\"@type\":\"ReadAction\",\"target\":[\"https:\\\/\\\/www.euroco.fr\\\/fr\\\/produit\\\/crepes-blinis-et-pancakes-le-monde-des-crepes\\\/\"]}]},{\"@type\":\"ImageObject\",\"inLanguage\":\"fr-FR\",\"@id\":\"https:\\\/\\\/www.euroco.fr\\\/fr\\\/produit\\\/crepes-blinis-et-pancakes-le-monde-des-crepes\\\/#primaryimage\",\"url\":\"https:\\\/\\\/www.euroco.fr\\\/wp-content\\\/uploads\\\/2022\\\/11\\\/LE_M10.jpg\",\"contentUrl\":\"https:\\\/\\\/www.euroco.fr\\\/wp-content\\\/uploads\\\/2022\\\/11\\\/LE_M10.jpg\",\"width\":1181,\"height\":1181,\"caption\":\"Cr\u00eapes blinis et pancakes\"},{\"@type\":\"BreadcrumbList\",\"@id\":\"https:\\\/\\\/www.euroco.fr\\\/fr\\\/produit\\\/crepes-blinis-et-pancakes-le-monde-des-crepes\\\/#breadcrumb\",\"itemListElement\":[{\"@type\":\"ListItem\",\"position\":1,\"name\":\"Accueil\",\"item\":\"https:\\\/\\\/www.euroco.fr\\\/fr\\\/\"},{\"@type\":\"ListItem\",\"position\":2,\"name\":\"Les Produits\",\"item\":\"https:\\\/\\\/www.euroco.fr\\\/fr\\\/boutique\\\/\"},{\"@type\":\"ListItem\",\"position\":3,\"name\":\"Cr\u00eapes blinis et pancakes Le Monde des Cr\u00eapes\"}]},{\"@type\":\"WebSite\",\"@id\":\"https:\\\/\\\/www.euroco.fr\\\/fr\\\/#website\",\"url\":\"https:\\\/\\\/www.euroco.fr\\\/fr\\\/\",\"name\":\"Euroco\",\"description\":\"The French food supplier\",\"publisher\":{\"@id\":\"https:\\\/\\\/www.euroco.fr\\\/fr\\\/#organization\"},\"potentialAction\":[{\"@type\":\"SearchAction\",\"target\":{\"@type\":\"EntryPoint\",\"urlTemplate\":\"https:\\\/\\\/www.euroco.fr\\\/fr\\\/?s={search_term_string}\"},\"query-input\":{\"@type\":\"PropertyValueSpecification\",\"valueRequired\":true,\"valueName\":\"search_term_string\"}}],\"inLanguage\":\"fr-FR\"},{\"@type\":\"Organization\",\"@id\":\"https:\\\/\\\/www.euroco.fr\\\/fr\\\/#organization\",\"name\":\"Euroco\",\"url\":\"https:\\\/\\\/www.euroco.fr\\\/fr\\\/\",\"logo\":{\"@type\":\"ImageObject\",\"inLanguage\":\"fr-FR\",\"@id\":\"https:\\\/\\\/www.euroco.fr\\\/fr\\\/#\\\/schema\\\/logo\\\/image\\\/\",\"url\":\"https:\\\/\\\/www.euroco.fr\\\/wp-content\\\/uploads\\\/2022\\\/03\\\/logo-euroco.png\",\"contentUrl\":\"https:\\\/\\\/www.euroco.fr\\\/wp-content\\\/uploads\\\/2022\\\/03\\\/logo-euroco.png\",\"width\":1231,\"height\":501,\"caption\":\"Euroco\"},\"image\":{\"@id\":\"https:\\\/\\\/www.euroco.fr\\\/fr\\\/#\\\/schema\\\/logo\\\/image\\\/\"}}]}<\/script>\n<!-- \/ Yoast SEO plugin. -->","yoast_head_json":{"title":"Cr\u00eapes blinis et pancakes Le Monde des Cr\u00eapes - Euroco","description":"Le Monde des Cr\u00eapes produit depuis 1982 sur deux sites de production une gamme de cr\u00eapes, blinis et pancakes en frais mais aussi en surgel\u00e9s.","robots":{"index":"index","follow":"follow","max-snippet":"max-snippet:-1","max-image-preview":"max-image-preview:large","max-video-preview":"max-video-preview:-1"},"canonical":"https:\/\/www.euroco.fr\/fr\/produit\/crepes-blinis-et-pancakes-le-monde-des-crepes\/","og_locale":"fr_FR","og_type":"article","og_title":"Cr\u00eapes blinis et pancakes Le Monde des Cr\u00eapes - Euroco","og_description":"Le Monde des Cr\u00eapes produit depuis 1982 sur deux sites de production une gamme de cr\u00eapes, blinis et pancakes en frais mais aussi en surgel\u00e9s.","og_url":"https:\/\/www.euroco.fr\/fr\/produit\/crepes-blinis-et-pancakes-le-monde-des-crepes\/","og_site_name":"Euroco","article_modified_time":"2025-12-01T08:21:31+00:00","og_image":[{"width":1181,"height":1181,"url":"https:\/\/www.euroco.fr\/wp-content\/uploads\/2022\/11\/LE_M10.jpg","type":"image\/jpeg"}],"twitter_card":"summary_large_image","twitter_misc":{"Dur\u00e9e de lecture estim\u00e9e":"1 minute"},"schema":{"@context":"https:\/\/schema.org","@graph":[{"@type":"WebPage","@id":"https:\/\/www.euroco.fr\/fr\/produit\/crepes-blinis-et-pancakes-le-monde-des-crepes\/","url":"https:\/\/www.euroco.fr\/fr\/produit\/crepes-blinis-et-pancakes-le-monde-des-crepes\/","name":"Cr\u00eapes blinis et pancakes Le Monde des Cr\u00eapes - Euroco","isPartOf":{"@id":"https:\/\/www.euroco.fr\/fr\/#website"},"primaryImageOfPage":{"@id":"https:\/\/www.euroco.fr\/fr\/produit\/crepes-blinis-et-pancakes-le-monde-des-crepes\/#primaryimage"},"image":{"@id":"https:\/\/www.euroco.fr\/fr\/produit\/crepes-blinis-et-pancakes-le-monde-des-crepes\/#primaryimage"},"thumbnailUrl":"https:\/\/www.euroco.fr\/wp-content\/uploads\/2022\/11\/LE_M10.jpg","datePublished":"2025-12-01T08:00:18+00:00","dateModified":"2025-12-01T08:21:31+00:00","description":"Le Monde des Cr\u00eapes produit depuis 1982 sur deux sites de production une gamme de cr\u00eapes, blinis et pancakes en frais mais aussi en surgel\u00e9s.","breadcrumb":{"@id":"https:\/\/www.euroco.fr\/fr\/produit\/crepes-blinis-et-pancakes-le-monde-des-crepes\/#breadcrumb"},"inLanguage":"fr-FR","potentialAction":[{"@type":"ReadAction","target":["https:\/\/www.euroco.fr\/fr\/produit\/crepes-blinis-et-pancakes-le-monde-des-crepes\/"]}]},{"@type":"ImageObject","inLanguage":"fr-FR","@id":"https:\/\/www.euroco.fr\/fr\/produit\/crepes-blinis-et-pancakes-le-monde-des-crepes\/#primaryimage","url":"https:\/\/www.euroco.fr\/wp-content\/uploads\/2022\/11\/LE_M10.jpg","contentUrl":"https:\/\/www.euroco.fr\/wp-content\/uploads\/2022\/11\/LE_M10.jpg","width":1181,"height":1181,"caption":"Cr\u00eapes blinis et pancakes"},{"@type":"BreadcrumbList","@id":"https:\/\/www.euroco.fr\/fr\/produit\/crepes-blinis-et-pancakes-le-monde-des-crepes\/#breadcrumb","itemListElement":[{"@type":"ListItem","position":1,"name":"Accueil","item":"https:\/\/www.euroco.fr\/fr\/"},{"@type":"ListItem","position":2,"name":"Les Produits","item":"https:\/\/www.euroco.fr\/fr\/boutique\/"},{"@type":"ListItem","position":3,"name":"Cr\u00eapes blinis et pancakes Le Monde des Cr\u00eapes"}]},{"@type":"WebSite","@id":"https:\/\/www.euroco.fr\/fr\/#website","url":"https:\/\/www.euroco.fr\/fr\/","name":"Euroco","description":"The French food supplier","publisher":{"@id":"https:\/\/www.euroco.fr\/fr\/#organization"},"potentialAction":[{"@type":"SearchAction","target":{"@type":"EntryPoint","urlTemplate":"https:\/\/www.euroco.fr\/fr\/?s={search_term_string}"},"query-input":{"@type":"PropertyValueSpecification","valueRequired":true,"valueName":"search_term_string"}}],"inLanguage":"fr-FR"},{"@type":"Organization","@id":"https:\/\/www.euroco.fr\/fr\/#organization","name":"Euroco","url":"https:\/\/www.euroco.fr\/fr\/","logo":{"@type":"ImageObject","inLanguage":"fr-FR","@id":"https:\/\/www.euroco.fr\/fr\/#\/schema\/logo\/image\/","url":"https:\/\/www.euroco.fr\/wp-content\/uploads\/2022\/03\/logo-euroco.png","contentUrl":"https:\/\/www.euroco.fr\/wp-content\/uploads\/2022\/03\/logo-euroco.png","width":1231,"height":501,"caption":"Euroco"},"image":{"@id":"https:\/\/www.euroco.fr\/fr\/#\/schema\/logo\/image\/"}}]}},"brands":[{"id":82,"name":"Le monde des cr\u00eapes","slug":"le-monde-des-crepes"}],"_links":{"self":[{"href":"https:\/\/www.euroco.fr\/fr\/wp-json\/wp\/v2\/product\/2260","targetHints":{"allow":["GET"]}}],"collection":[{"href":"https:\/\/www.euroco.fr\/fr\/wp-json\/wp\/v2\/product"}],"about":[{"href":"https:\/\/www.euroco.fr\/fr\/wp-json\/wp\/v2\/types\/product"}],"wp:featuredmedia":[{"embeddable":true,"href":"https:\/\/www.euroco.fr\/fr\/wp-json\/wp\/v2\/media\/2262"}],"wp:attachment":[{"href":"https:\/\/www.euroco.fr\/fr\/wp-json\/wp\/v2\/media?parent=2260"}],"wp:term":[{"taxonomy":"pwb-brand","embeddable":true,"href":"https:\/\/www.euroco.fr\/fr\/wp-json\/wp\/v2\/pwb-brand?post=2260"},{"taxonomy":"product_brand","embeddable":true,"href":"https:\/\/www.euroco.fr\/fr\/wp-json\/wp\/v2\/product_brand?post=2260"},{"taxonomy":"product_cat","embeddable":true,"href":"https:\/\/www.euroco.fr\/fr\/wp-json\/wp\/v2\/product_cat?post=2260"},{"taxonomy":"product_tag","embeddable":true,"href":"https:\/\/www.euroco.fr\/fr\/wp-json\/wp\/v2\/product_tag?post=2260"}],"curies":[{"name":"wp","href":"https:\/\/api.w.org\/{rel}","templated":true}]}}