{"id":2249,"date":"2025-09-01T00:01:39","date_gmt":"2025-08-31T22:01:39","guid":{"rendered":"https:\/\/www.euroco.fr\/?post_type=product&#038;p=2249"},"modified":"2025-09-01T11:07:53","modified_gmt":"2025-09-01T09:07:53","slug":"epices-de-madagascar-jacarandas","status":"publish","type":"product","link":"https:\/\/www.euroco.fr\/fr\/produit\/epices-de-madagascar-jacarandas\/","title":{"rendered":"Epices de Madagascar Jacarandas"},"content":{"rendered":"<p>Fond\u00e9e en 2016, notre partenaire Jarcarandas est une entreprise malgache sp\u00e9cialis\u00e9e dans la production et la commercialisation d&rsquo;\u00e9pices de Madagascar. On y retrouve la cannelle, le curcuma, le girofle, la baie rose et le poivre voatsiperifery.<\/p>\n<p>Jacarandas se distingue par son approche \u00e9cologique et sociale dans la culture de la cannelle. L\u2019entreprise travaille avec plus de 510 producteurs certifi\u00e9s biologiques r\u00e9partis dans trois grandes r\u00e9gions de Madagascar.<\/p>\n<p>Nous exportons ces \u00e9pices vers le Japon et vers d&rsquo;autres zones.<\/p>\n","protected":false},"excerpt":{"rendered":"<p>Fond\u00e9e en 2016, notre partenaire Jarcarandas est une entreprise malgache sp\u00e9cialis\u00e9e dans la production et la commercialisation d&rsquo;\u00e9pices de Madagascar. On y retrouve la cannelle, le curcuma, le girofle, la baie rose et le poivre voatsiperifery. Jacarandas se distingue par son approche \u00e9cologique et sociale dans la culture de la cannelle. L\u2019entreprise travaille avec plus [&hellip;]<\/p>\n","protected":false},"featured_media":2241,"template":"","meta":{"_acf_changed":false,"_et_pb_use_builder":"","_et_pb_old_content":"","_et_gb_content_width":""},"pwb-brand":[80],"product_brand":[],"product_cat":[56],"product_tag":[568,567,570,565,566,569],"class_list":{"0":"post-2249","1":"product","2":"type-product","3":"status-publish","4":"has-post-thumbnail","6":"pwb-brand-jacarandas","7":"product_cat-epices","8":"product_tag-baie-rose","9":"product_tag-cannelle","10":"product_tag-curcuma","11":"product_tag-epice","12":"product_tag-madagascar","13":"product_tag-poivre","15":"first","16":"instock","17":"featured","18":"shipping-taxable","19":"product-type-simple"},"acf":[],"yoast_head":"<!-- This site is optimized with the Yoast SEO plugin v27.4 - https:\/\/yoast.com\/product\/yoast-seo-wordpress\/ -->\n<title>Epices de Madagascar Jacarandas - Euroco<\/title>\n<meta name=\"description\" content=\"D\u00e9couvrez les \u00e9pices de Madagascar Jacarandas, des \u00e9pices d&#039;exception cultiv\u00e9es durablement, aux parfums chaud et raffin\u00e9.\" \/>\n<meta name=\"robots\" content=\"index, follow, max-snippet:-1, max-image-preview:large, max-video-preview:-1\" \/>\n<link rel=\"canonical\" href=\"https:\/\/www.euroco.fr\/fr\/produit\/epices-de-madagascar-jacarandas\/\" \/>\n<meta property=\"og:locale\" content=\"fr_FR\" \/>\n<meta property=\"og:type\" content=\"article\" \/>\n<meta property=\"og:title\" content=\"Epices de Madagascar Jacarandas - Euroco\" \/>\n<meta property=\"og:description\" content=\"D\u00e9couvrez les \u00e9pices de Madagascar Jacarandas, des \u00e9pices d&#039;exception cultiv\u00e9es durablement, aux parfums chaud et raffin\u00e9.\" \/>\n<meta property=\"og:url\" content=\"https:\/\/www.euroco.fr\/fr\/produit\/epices-de-madagascar-jacarandas\/\" \/>\n<meta property=\"og:site_name\" content=\"Euroco\" \/>\n<meta property=\"article:modified_time\" content=\"2025-09-01T09:07:53+00:00\" \/>\n<meta property=\"og:image\" content=\"https:\/\/www.euroco.fr\/wp-content\/uploads\/2022\/11\/baies-roses-triage.jpg\" \/>\n\t<meta property=\"og:image:width\" content=\"1344\" \/>\n\t<meta property=\"og:image:height\" content=\"2240\" \/>\n\t<meta property=\"og:image:type\" content=\"image\/jpeg\" \/>\n<meta name=\"twitter:card\" content=\"summary_large_image\" \/>\n<meta name=\"twitter:label1\" content=\"Dur\u00e9e de lecture estim\u00e9e\" \/>\n\t<meta name=\"twitter:data1\" content=\"1 minute\" \/>\n<script type=\"application\/ld+json\" class=\"yoast-schema-graph\">{\"@context\":\"https:\\\/\\\/schema.org\",\"@graph\":[{\"@type\":\"WebPage\",\"@id\":\"https:\\\/\\\/www.euroco.fr\\\/fr\\\/produit\\\/epices-de-madagascar-jacarandas\\\/\",\"url\":\"https:\\\/\\\/www.euroco.fr\\\/fr\\\/produit\\\/epices-de-madagascar-jacarandas\\\/\",\"name\":\"Epices de Madagascar Jacarandas - Euroco\",\"isPartOf\":{\"@id\":\"https:\\\/\\\/www.euroco.fr\\\/fr\\\/#website\"},\"primaryImageOfPage\":{\"@id\":\"https:\\\/\\\/www.euroco.fr\\\/fr\\\/produit\\\/epices-de-madagascar-jacarandas\\\/#primaryimage\"},\"image\":{\"@id\":\"https:\\\/\\\/www.euroco.fr\\\/fr\\\/produit\\\/epices-de-madagascar-jacarandas\\\/#primaryimage\"},\"thumbnailUrl\":\"https:\\\/\\\/www.euroco.fr\\\/wp-content\\\/uploads\\\/2022\\\/11\\\/baies-roses-triage.jpg\",\"datePublished\":\"2025-08-31T22:01:39+00:00\",\"dateModified\":\"2025-09-01T09:07:53+00:00\",\"description\":\"D\u00e9couvrez les \u00e9pices de Madagascar Jacarandas, des \u00e9pices d'exception cultiv\u00e9es durablement, aux parfums chaud et raffin\u00e9.\",\"breadcrumb\":{\"@id\":\"https:\\\/\\\/www.euroco.fr\\\/fr\\\/produit\\\/epices-de-madagascar-jacarandas\\\/#breadcrumb\"},\"inLanguage\":\"fr-FR\",\"potentialAction\":[{\"@type\":\"ReadAction\",\"target\":[\"https:\\\/\\\/www.euroco.fr\\\/fr\\\/produit\\\/epices-de-madagascar-jacarandas\\\/\"]}]},{\"@type\":\"ImageObject\",\"inLanguage\":\"fr-FR\",\"@id\":\"https:\\\/\\\/www.euroco.fr\\\/fr\\\/produit\\\/epices-de-madagascar-jacarandas\\\/#primaryimage\",\"url\":\"https:\\\/\\\/www.euroco.fr\\\/wp-content\\\/uploads\\\/2022\\\/11\\\/baies-roses-triage.jpg\",\"contentUrl\":\"https:\\\/\\\/www.euroco.fr\\\/wp-content\\\/uploads\\\/2022\\\/11\\\/baies-roses-triage.jpg\",\"width\":1344,\"height\":2240},{\"@type\":\"BreadcrumbList\",\"@id\":\"https:\\\/\\\/www.euroco.fr\\\/fr\\\/produit\\\/epices-de-madagascar-jacarandas\\\/#breadcrumb\",\"itemListElement\":[{\"@type\":\"ListItem\",\"position\":1,\"name\":\"Accueil\",\"item\":\"https:\\\/\\\/www.euroco.fr\\\/fr\\\/\"},{\"@type\":\"ListItem\",\"position\":2,\"name\":\"Les Produits\",\"item\":\"https:\\\/\\\/www.euroco.fr\\\/fr\\\/boutique\\\/\"},{\"@type\":\"ListItem\",\"position\":3,\"name\":\"Epices de Madagascar Jacarandas\"}]},{\"@type\":\"WebSite\",\"@id\":\"https:\\\/\\\/www.euroco.fr\\\/fr\\\/#website\",\"url\":\"https:\\\/\\\/www.euroco.fr\\\/fr\\\/\",\"name\":\"Euroco\",\"description\":\"The French food supplier\",\"publisher\":{\"@id\":\"https:\\\/\\\/www.euroco.fr\\\/fr\\\/#organization\"},\"potentialAction\":[{\"@type\":\"SearchAction\",\"target\":{\"@type\":\"EntryPoint\",\"urlTemplate\":\"https:\\\/\\\/www.euroco.fr\\\/fr\\\/?s={search_term_string}\"},\"query-input\":{\"@type\":\"PropertyValueSpecification\",\"valueRequired\":true,\"valueName\":\"search_term_string\"}}],\"inLanguage\":\"fr-FR\"},{\"@type\":\"Organization\",\"@id\":\"https:\\\/\\\/www.euroco.fr\\\/fr\\\/#organization\",\"name\":\"Euroco\",\"url\":\"https:\\\/\\\/www.euroco.fr\\\/fr\\\/\",\"logo\":{\"@type\":\"ImageObject\",\"inLanguage\":\"fr-FR\",\"@id\":\"https:\\\/\\\/www.euroco.fr\\\/fr\\\/#\\\/schema\\\/logo\\\/image\\\/\",\"url\":\"https:\\\/\\\/www.euroco.fr\\\/wp-content\\\/uploads\\\/2022\\\/03\\\/logo-euroco.png\",\"contentUrl\":\"https:\\\/\\\/www.euroco.fr\\\/wp-content\\\/uploads\\\/2022\\\/03\\\/logo-euroco.png\",\"width\":1231,\"height\":501,\"caption\":\"Euroco\"},\"image\":{\"@id\":\"https:\\\/\\\/www.euroco.fr\\\/fr\\\/#\\\/schema\\\/logo\\\/image\\\/\"}}]}<\/script>\n<!-- \/ Yoast SEO plugin. -->","yoast_head_json":{"title":"Epices de Madagascar Jacarandas - Euroco","description":"D\u00e9couvrez les \u00e9pices de Madagascar Jacarandas, des \u00e9pices d'exception cultiv\u00e9es durablement, aux parfums chaud et raffin\u00e9.","robots":{"index":"index","follow":"follow","max-snippet":"max-snippet:-1","max-image-preview":"max-image-preview:large","max-video-preview":"max-video-preview:-1"},"canonical":"https:\/\/www.euroco.fr\/fr\/produit\/epices-de-madagascar-jacarandas\/","og_locale":"fr_FR","og_type":"article","og_title":"Epices de Madagascar Jacarandas - Euroco","og_description":"D\u00e9couvrez les \u00e9pices de Madagascar Jacarandas, des \u00e9pices d'exception cultiv\u00e9es durablement, aux parfums chaud et raffin\u00e9.","og_url":"https:\/\/www.euroco.fr\/fr\/produit\/epices-de-madagascar-jacarandas\/","og_site_name":"Euroco","article_modified_time":"2025-09-01T09:07:53+00:00","og_image":[{"width":1344,"height":2240,"url":"https:\/\/www.euroco.fr\/wp-content\/uploads\/2022\/11\/baies-roses-triage.jpg","type":"image\/jpeg"}],"twitter_card":"summary_large_image","twitter_misc":{"Dur\u00e9e de lecture estim\u00e9e":"1 minute"},"schema":{"@context":"https:\/\/schema.org","@graph":[{"@type":"WebPage","@id":"https:\/\/www.euroco.fr\/fr\/produit\/epices-de-madagascar-jacarandas\/","url":"https:\/\/www.euroco.fr\/fr\/produit\/epices-de-madagascar-jacarandas\/","name":"Epices de Madagascar Jacarandas - Euroco","isPartOf":{"@id":"https:\/\/www.euroco.fr\/fr\/#website"},"primaryImageOfPage":{"@id":"https:\/\/www.euroco.fr\/fr\/produit\/epices-de-madagascar-jacarandas\/#primaryimage"},"image":{"@id":"https:\/\/www.euroco.fr\/fr\/produit\/epices-de-madagascar-jacarandas\/#primaryimage"},"thumbnailUrl":"https:\/\/www.euroco.fr\/wp-content\/uploads\/2022\/11\/baies-roses-triage.jpg","datePublished":"2025-08-31T22:01:39+00:00","dateModified":"2025-09-01T09:07:53+00:00","description":"D\u00e9couvrez les \u00e9pices de Madagascar Jacarandas, des \u00e9pices d'exception cultiv\u00e9es durablement, aux parfums chaud et raffin\u00e9.","breadcrumb":{"@id":"https:\/\/www.euroco.fr\/fr\/produit\/epices-de-madagascar-jacarandas\/#breadcrumb"},"inLanguage":"fr-FR","potentialAction":[{"@type":"ReadAction","target":["https:\/\/www.euroco.fr\/fr\/produit\/epices-de-madagascar-jacarandas\/"]}]},{"@type":"ImageObject","inLanguage":"fr-FR","@id":"https:\/\/www.euroco.fr\/fr\/produit\/epices-de-madagascar-jacarandas\/#primaryimage","url":"https:\/\/www.euroco.fr\/wp-content\/uploads\/2022\/11\/baies-roses-triage.jpg","contentUrl":"https:\/\/www.euroco.fr\/wp-content\/uploads\/2022\/11\/baies-roses-triage.jpg","width":1344,"height":2240},{"@type":"BreadcrumbList","@id":"https:\/\/www.euroco.fr\/fr\/produit\/epices-de-madagascar-jacarandas\/#breadcrumb","itemListElement":[{"@type":"ListItem","position":1,"name":"Accueil","item":"https:\/\/www.euroco.fr\/fr\/"},{"@type":"ListItem","position":2,"name":"Les Produits","item":"https:\/\/www.euroco.fr\/fr\/boutique\/"},{"@type":"ListItem","position":3,"name":"Epices de Madagascar Jacarandas"}]},{"@type":"WebSite","@id":"https:\/\/www.euroco.fr\/fr\/#website","url":"https:\/\/www.euroco.fr\/fr\/","name":"Euroco","description":"The French food supplier","publisher":{"@id":"https:\/\/www.euroco.fr\/fr\/#organization"},"potentialAction":[{"@type":"SearchAction","target":{"@type":"EntryPoint","urlTemplate":"https:\/\/www.euroco.fr\/fr\/?s={search_term_string}"},"query-input":{"@type":"PropertyValueSpecification","valueRequired":true,"valueName":"search_term_string"}}],"inLanguage":"fr-FR"},{"@type":"Organization","@id":"https:\/\/www.euroco.fr\/fr\/#organization","name":"Euroco","url":"https:\/\/www.euroco.fr\/fr\/","logo":{"@type":"ImageObject","inLanguage":"fr-FR","@id":"https:\/\/www.euroco.fr\/fr\/#\/schema\/logo\/image\/","url":"https:\/\/www.euroco.fr\/wp-content\/uploads\/2022\/03\/logo-euroco.png","contentUrl":"https:\/\/www.euroco.fr\/wp-content\/uploads\/2022\/03\/logo-euroco.png","width":1231,"height":501,"caption":"Euroco"},"image":{"@id":"https:\/\/www.euroco.fr\/fr\/#\/schema\/logo\/image\/"}}]}},"brands":[{"id":80,"name":"Jacarandas","slug":"jacarandas"}],"_links":{"self":[{"href":"https:\/\/www.euroco.fr\/fr\/wp-json\/wp\/v2\/product\/2249","targetHints":{"allow":["GET"]}}],"collection":[{"href":"https:\/\/www.euroco.fr\/fr\/wp-json\/wp\/v2\/product"}],"about":[{"href":"https:\/\/www.euroco.fr\/fr\/wp-json\/wp\/v2\/types\/product"}],"wp:featuredmedia":[{"embeddable":true,"href":"https:\/\/www.euroco.fr\/fr\/wp-json\/wp\/v2\/media\/2241"}],"wp:attachment":[{"href":"https:\/\/www.euroco.fr\/fr\/wp-json\/wp\/v2\/media?parent=2249"}],"wp:term":[{"taxonomy":"pwb-brand","embeddable":true,"href":"https:\/\/www.euroco.fr\/fr\/wp-json\/wp\/v2\/pwb-brand?post=2249"},{"taxonomy":"product_brand","embeddable":true,"href":"https:\/\/www.euroco.fr\/fr\/wp-json\/wp\/v2\/product_brand?post=2249"},{"taxonomy":"product_cat","embeddable":true,"href":"https:\/\/www.euroco.fr\/fr\/wp-json\/wp\/v2\/product_cat?post=2249"},{"taxonomy":"product_tag","embeddable":true,"href":"https:\/\/www.euroco.fr\/fr\/wp-json\/wp\/v2\/product_tag?post=2249"}],"curies":[{"name":"wp","href":"https:\/\/api.w.org\/{rel}","templated":true}]}}