{"id":2224,"date":"2024-11-05T10:02:38","date_gmt":"2024-11-05T09:02:38","guid":{"rendered":"https:\/\/www.euroco.fr\/?post_type=product&#038;p=2224"},"modified":"2024-12-05T15:50:37","modified_gmt":"2024-12-05T14:50:37","slug":"ingredients-boulanger-patissier","status":"publish","type":"product","link":"https:\/\/www.euroco.fr\/fr\/produit\/ingredients-boulanger-patissier\/","title":{"rendered":"Fruits au sirop p\u00e2tissiers Brover"},"content":{"rendered":"<p>Depuis 1979, BROVER est la marque fran\u00e7aise de r\u00e9f\u00e9rence d&rsquo;ingr\u00e9dients appertis\u00e9s et secs \u00e0 destination des professionnels de la Boulangerie-P\u00e2tisserie.<\/p>\n<p>BROVER, c\u2019est le choix d\u2019une marque leader au positionnement haut de gamme, avec des mati\u00e8res premi\u00e8res s\u00e9lectionn\u00e9es pour r\u00e9pondre aux exigences de la Boulangerie-P\u00e2tisserie.<\/p>\n<p>Les 2 valeurs fondatrices de BROVER : un engagement qualit\u00e9 \u00e9lev\u00e9 et une gamme de produits sur-mesure.<\/p>\n<p>Reconnue pour la qualit\u00e9 de ses fruits au sirop p\u00e2tissiers, BROVER s\u2019est progressivement diversifi\u00e9e autour d\u2019une large gamme d\u2019ingr\u00e9dients pour la Boulangerie-P\u00e2tisserie : fourrage de fruits, miel, mais aussi ingr\u00e9dients \u00ab snacking \u00bb (sauce pizza, olives, cornichons\u2026), fruits secs pour viennoiseries &amp; pains sp\u00e9ciaux et fruits confits d\u00e9cor ou inclusion.<\/p>\n<p>BROVER est distribu\u00e9e partout en France par un r\u00e9seau de plus de 200 grossistes en m\u00e9tiers de bouche, ainsi que dans 40 pays via des importateurs de produits fins.<\/p>\n<p>Cliquez ici pour d\u00e9couvrir la <a href=\"https:\/\/www.euroco.fr\/fr\/produit\/brover-reference-dingredients-pour-boulanger-patissier\/\">gamme compl\u00e8te<\/a>!<\/p>\n<p>Cliquez <a href=\"https:\/\/www.euroco.fr\/fr\/contact\/\">ici<\/a> pour connaitre les r\u00e9seaux de distributions dans votre pays<\/p>\n","protected":false},"excerpt":{"rendered":"<p>Depuis 1979, BROVER est la marque fran\u00e7aise de r\u00e9f\u00e9rence d&rsquo;ingr\u00e9dients appertis\u00e9s et secs \u00e0 destination des professionnels de la Boulangerie-P\u00e2tisserie. BROVER, c\u2019est le choix d\u2019une marque leader au positionnement haut de gamme, avec des mati\u00e8res premi\u00e8res s\u00e9lectionn\u00e9es pour r\u00e9pondre aux exigences de la Boulangerie-P\u00e2tisserie. Les 2 valeurs fondatrices de BROVER : un engagement qualit\u00e9 \u00e9lev\u00e9 [&hellip;]<\/p>\n","protected":false},"featured_media":2214,"template":"","meta":{"_acf_changed":false,"_et_pb_use_builder":"","_et_pb_old_content":"","_et_gb_content_width":""},"pwb-brand":[66],"product_brand":[],"product_cat":[54],"product_tag":[],"class_list":{"0":"post-2224","1":"product","2":"type-product","3":"status-publish","4":"has-post-thumbnail","6":"pwb-brand-brover","7":"product_cat-patisserie","9":"first","10":"instock","11":"featured","12":"shipping-taxable","13":"product-type-simple"},"acf":[],"yoast_head":"<!-- This site is optimized with the Yoast SEO plugin v27.4 - https:\/\/yoast.com\/product\/yoast-seo-wordpress\/ -->\n<title>Fruits au sirop p\u00e2tissiers Brover - Euroco<\/title>\n<meta name=\"description\" content=\"BROVER est la marque fran\u00e7aise de r\u00e9f\u00e9rence d&#039;ingr\u00e9dients appertis\u00e9s et secs \u00e0 destination des cr\u00e9ateurs artisans boulanger p\u00e2tissier et industriels.\" \/>\n<meta name=\"robots\" content=\"index, follow, max-snippet:-1, max-image-preview:large, max-video-preview:-1\" \/>\n<link rel=\"canonical\" href=\"https:\/\/www.euroco.fr\/fr\/produit\/ingredients-boulanger-patissier\/\" \/>\n<meta property=\"og:locale\" content=\"fr_FR\" \/>\n<meta property=\"og:type\" content=\"article\" \/>\n<meta property=\"og:title\" content=\"Fruits au sirop p\u00e2tissiers Brover - Euroco\" \/>\n<meta property=\"og:description\" content=\"BROVER est la marque fran\u00e7aise de r\u00e9f\u00e9rence d&#039;ingr\u00e9dients appertis\u00e9s et secs \u00e0 destination des cr\u00e9ateurs artisans boulanger p\u00e2tissier et industriels.\" \/>\n<meta property=\"og:url\" content=\"https:\/\/www.euroco.fr\/fr\/produit\/ingredients-boulanger-patissier\/\" \/>\n<meta property=\"og:site_name\" content=\"Euroco\" \/>\n<meta property=\"article:modified_time\" content=\"2024-12-05T14:50:37+00:00\" \/>\n<meta property=\"og:image\" content=\"https:\/\/www.euroco.fr\/wp-content\/uploads\/2022\/11\/Brousse.jpg\" \/>\n\t<meta property=\"og:image:width\" content=\"1485\" \/>\n\t<meta property=\"og:image:height\" content=\"1830\" \/>\n\t<meta property=\"og:image:type\" content=\"image\/jpeg\" \/>\n<meta name=\"twitter:card\" content=\"summary_large_image\" \/>\n<meta name=\"twitter:label1\" content=\"Dur\u00e9e de lecture estim\u00e9e\" \/>\n\t<meta name=\"twitter:data1\" content=\"1 minute\" \/>\n<script type=\"application\/ld+json\" class=\"yoast-schema-graph\">{\"@context\":\"https:\\\/\\\/schema.org\",\"@graph\":[{\"@type\":\"WebPage\",\"@id\":\"https:\\\/\\\/www.euroco.fr\\\/fr\\\/produit\\\/ingredients-boulanger-patissier\\\/\",\"url\":\"https:\\\/\\\/www.euroco.fr\\\/fr\\\/produit\\\/ingredients-boulanger-patissier\\\/\",\"name\":\"Fruits au sirop p\u00e2tissiers Brover - Euroco\",\"isPartOf\":{\"@id\":\"https:\\\/\\\/www.euroco.fr\\\/fr\\\/#website\"},\"primaryImageOfPage\":{\"@id\":\"https:\\\/\\\/www.euroco.fr\\\/fr\\\/produit\\\/ingredients-boulanger-patissier\\\/#primaryimage\"},\"image\":{\"@id\":\"https:\\\/\\\/www.euroco.fr\\\/fr\\\/produit\\\/ingredients-boulanger-patissier\\\/#primaryimage\"},\"thumbnailUrl\":\"https:\\\/\\\/www.euroco.fr\\\/wp-content\\\/uploads\\\/2022\\\/11\\\/Brousse.jpg\",\"datePublished\":\"2024-11-05T09:02:38+00:00\",\"dateModified\":\"2024-12-05T14:50:37+00:00\",\"description\":\"BROVER est la marque fran\u00e7aise de r\u00e9f\u00e9rence d'ingr\u00e9dients appertis\u00e9s et secs \u00e0 destination des cr\u00e9ateurs artisans boulanger p\u00e2tissier et industriels.\",\"breadcrumb\":{\"@id\":\"https:\\\/\\\/www.euroco.fr\\\/fr\\\/produit\\\/ingredients-boulanger-patissier\\\/#breadcrumb\"},\"inLanguage\":\"fr-FR\",\"potentialAction\":[{\"@type\":\"ReadAction\",\"target\":[\"https:\\\/\\\/www.euroco.fr\\\/fr\\\/produit\\\/ingredients-boulanger-patissier\\\/\"]}]},{\"@type\":\"ImageObject\",\"inLanguage\":\"fr-FR\",\"@id\":\"https:\\\/\\\/www.euroco.fr\\\/fr\\\/produit\\\/ingredients-boulanger-patissier\\\/#primaryimage\",\"url\":\"https:\\\/\\\/www.euroco.fr\\\/wp-content\\\/uploads\\\/2022\\\/11\\\/Brousse.jpg\",\"contentUrl\":\"https:\\\/\\\/www.euroco.fr\\\/wp-content\\\/uploads\\\/2022\\\/11\\\/Brousse.jpg\",\"width\":1485,\"height\":1830,\"caption\":\"Brover r\u00e9ference d'ingr\u00e9dients pour boulanger-p\u00e2tissier\"},{\"@type\":\"BreadcrumbList\",\"@id\":\"https:\\\/\\\/www.euroco.fr\\\/fr\\\/produit\\\/ingredients-boulanger-patissier\\\/#breadcrumb\",\"itemListElement\":[{\"@type\":\"ListItem\",\"position\":1,\"name\":\"Accueil\",\"item\":\"https:\\\/\\\/www.euroco.fr\\\/fr\\\/\"},{\"@type\":\"ListItem\",\"position\":2,\"name\":\"Les Produits\",\"item\":\"https:\\\/\\\/www.euroco.fr\\\/fr\\\/boutique\\\/\"},{\"@type\":\"ListItem\",\"position\":3,\"name\":\"Fruits au sirop p\u00e2tissiers Brover\"}]},{\"@type\":\"WebSite\",\"@id\":\"https:\\\/\\\/www.euroco.fr\\\/fr\\\/#website\",\"url\":\"https:\\\/\\\/www.euroco.fr\\\/fr\\\/\",\"name\":\"Euroco\",\"description\":\"The French food supplier\",\"publisher\":{\"@id\":\"https:\\\/\\\/www.euroco.fr\\\/fr\\\/#organization\"},\"potentialAction\":[{\"@type\":\"SearchAction\",\"target\":{\"@type\":\"EntryPoint\",\"urlTemplate\":\"https:\\\/\\\/www.euroco.fr\\\/fr\\\/?s={search_term_string}\"},\"query-input\":{\"@type\":\"PropertyValueSpecification\",\"valueRequired\":true,\"valueName\":\"search_term_string\"}}],\"inLanguage\":\"fr-FR\"},{\"@type\":\"Organization\",\"@id\":\"https:\\\/\\\/www.euroco.fr\\\/fr\\\/#organization\",\"name\":\"Euroco\",\"url\":\"https:\\\/\\\/www.euroco.fr\\\/fr\\\/\",\"logo\":{\"@type\":\"ImageObject\",\"inLanguage\":\"fr-FR\",\"@id\":\"https:\\\/\\\/www.euroco.fr\\\/fr\\\/#\\\/schema\\\/logo\\\/image\\\/\",\"url\":\"https:\\\/\\\/www.euroco.fr\\\/wp-content\\\/uploads\\\/2022\\\/03\\\/logo-euroco.png\",\"contentUrl\":\"https:\\\/\\\/www.euroco.fr\\\/wp-content\\\/uploads\\\/2022\\\/03\\\/logo-euroco.png\",\"width\":1231,\"height\":501,\"caption\":\"Euroco\"},\"image\":{\"@id\":\"https:\\\/\\\/www.euroco.fr\\\/fr\\\/#\\\/schema\\\/logo\\\/image\\\/\"}}]}<\/script>\n<!-- \/ Yoast SEO plugin. -->","yoast_head_json":{"title":"Fruits au sirop p\u00e2tissiers Brover - Euroco","description":"BROVER est la marque fran\u00e7aise de r\u00e9f\u00e9rence d'ingr\u00e9dients appertis\u00e9s et secs \u00e0 destination des cr\u00e9ateurs artisans boulanger p\u00e2tissier et industriels.","robots":{"index":"index","follow":"follow","max-snippet":"max-snippet:-1","max-image-preview":"max-image-preview:large","max-video-preview":"max-video-preview:-1"},"canonical":"https:\/\/www.euroco.fr\/fr\/produit\/ingredients-boulanger-patissier\/","og_locale":"fr_FR","og_type":"article","og_title":"Fruits au sirop p\u00e2tissiers Brover - Euroco","og_description":"BROVER est la marque fran\u00e7aise de r\u00e9f\u00e9rence d'ingr\u00e9dients appertis\u00e9s et secs \u00e0 destination des cr\u00e9ateurs artisans boulanger p\u00e2tissier et industriels.","og_url":"https:\/\/www.euroco.fr\/fr\/produit\/ingredients-boulanger-patissier\/","og_site_name":"Euroco","article_modified_time":"2024-12-05T14:50:37+00:00","og_image":[{"width":1485,"height":1830,"url":"https:\/\/www.euroco.fr\/wp-content\/uploads\/2022\/11\/Brousse.jpg","type":"image\/jpeg"}],"twitter_card":"summary_large_image","twitter_misc":{"Dur\u00e9e de lecture estim\u00e9e":"1 minute"},"schema":{"@context":"https:\/\/schema.org","@graph":[{"@type":"WebPage","@id":"https:\/\/www.euroco.fr\/fr\/produit\/ingredients-boulanger-patissier\/","url":"https:\/\/www.euroco.fr\/fr\/produit\/ingredients-boulanger-patissier\/","name":"Fruits au sirop p\u00e2tissiers Brover - Euroco","isPartOf":{"@id":"https:\/\/www.euroco.fr\/fr\/#website"},"primaryImageOfPage":{"@id":"https:\/\/www.euroco.fr\/fr\/produit\/ingredients-boulanger-patissier\/#primaryimage"},"image":{"@id":"https:\/\/www.euroco.fr\/fr\/produit\/ingredients-boulanger-patissier\/#primaryimage"},"thumbnailUrl":"https:\/\/www.euroco.fr\/wp-content\/uploads\/2022\/11\/Brousse.jpg","datePublished":"2024-11-05T09:02:38+00:00","dateModified":"2024-12-05T14:50:37+00:00","description":"BROVER est la marque fran\u00e7aise de r\u00e9f\u00e9rence d'ingr\u00e9dients appertis\u00e9s et secs \u00e0 destination des cr\u00e9ateurs artisans boulanger p\u00e2tissier et industriels.","breadcrumb":{"@id":"https:\/\/www.euroco.fr\/fr\/produit\/ingredients-boulanger-patissier\/#breadcrumb"},"inLanguage":"fr-FR","potentialAction":[{"@type":"ReadAction","target":["https:\/\/www.euroco.fr\/fr\/produit\/ingredients-boulanger-patissier\/"]}]},{"@type":"ImageObject","inLanguage":"fr-FR","@id":"https:\/\/www.euroco.fr\/fr\/produit\/ingredients-boulanger-patissier\/#primaryimage","url":"https:\/\/www.euroco.fr\/wp-content\/uploads\/2022\/11\/Brousse.jpg","contentUrl":"https:\/\/www.euroco.fr\/wp-content\/uploads\/2022\/11\/Brousse.jpg","width":1485,"height":1830,"caption":"Brover r\u00e9ference d'ingr\u00e9dients pour boulanger-p\u00e2tissier"},{"@type":"BreadcrumbList","@id":"https:\/\/www.euroco.fr\/fr\/produit\/ingredients-boulanger-patissier\/#breadcrumb","itemListElement":[{"@type":"ListItem","position":1,"name":"Accueil","item":"https:\/\/www.euroco.fr\/fr\/"},{"@type":"ListItem","position":2,"name":"Les Produits","item":"https:\/\/www.euroco.fr\/fr\/boutique\/"},{"@type":"ListItem","position":3,"name":"Fruits au sirop p\u00e2tissiers Brover"}]},{"@type":"WebSite","@id":"https:\/\/www.euroco.fr\/fr\/#website","url":"https:\/\/www.euroco.fr\/fr\/","name":"Euroco","description":"The French food supplier","publisher":{"@id":"https:\/\/www.euroco.fr\/fr\/#organization"},"potentialAction":[{"@type":"SearchAction","target":{"@type":"EntryPoint","urlTemplate":"https:\/\/www.euroco.fr\/fr\/?s={search_term_string}"},"query-input":{"@type":"PropertyValueSpecification","valueRequired":true,"valueName":"search_term_string"}}],"inLanguage":"fr-FR"},{"@type":"Organization","@id":"https:\/\/www.euroco.fr\/fr\/#organization","name":"Euroco","url":"https:\/\/www.euroco.fr\/fr\/","logo":{"@type":"ImageObject","inLanguage":"fr-FR","@id":"https:\/\/www.euroco.fr\/fr\/#\/schema\/logo\/image\/","url":"https:\/\/www.euroco.fr\/wp-content\/uploads\/2022\/03\/logo-euroco.png","contentUrl":"https:\/\/www.euroco.fr\/wp-content\/uploads\/2022\/03\/logo-euroco.png","width":1231,"height":501,"caption":"Euroco"},"image":{"@id":"https:\/\/www.euroco.fr\/fr\/#\/schema\/logo\/image\/"}}]}},"brands":[{"id":66,"name":"Brover","slug":"brover"}],"_links":{"self":[{"href":"https:\/\/www.euroco.fr\/fr\/wp-json\/wp\/v2\/product\/2224","targetHints":{"allow":["GET"]}}],"collection":[{"href":"https:\/\/www.euroco.fr\/fr\/wp-json\/wp\/v2\/product"}],"about":[{"href":"https:\/\/www.euroco.fr\/fr\/wp-json\/wp\/v2\/types\/product"}],"wp:featuredmedia":[{"embeddable":true,"href":"https:\/\/www.euroco.fr\/fr\/wp-json\/wp\/v2\/media\/2214"}],"wp:attachment":[{"href":"https:\/\/www.euroco.fr\/fr\/wp-json\/wp\/v2\/media?parent=2224"}],"wp:term":[{"taxonomy":"pwb-brand","embeddable":true,"href":"https:\/\/www.euroco.fr\/fr\/wp-json\/wp\/v2\/pwb-brand?post=2224"},{"taxonomy":"product_brand","embeddable":true,"href":"https:\/\/www.euroco.fr\/fr\/wp-json\/wp\/v2\/product_brand?post=2224"},{"taxonomy":"product_cat","embeddable":true,"href":"https:\/\/www.euroco.fr\/fr\/wp-json\/wp\/v2\/product_cat?post=2224"},{"taxonomy":"product_tag","embeddable":true,"href":"https:\/\/www.euroco.fr\/fr\/wp-json\/wp\/v2\/product_tag?post=2224"}],"curies":[{"name":"wp","href":"https:\/\/api.w.org\/{rel}","templated":true}]}}