{"id":2132,"date":"2024-02-01T00:01:12","date_gmt":"2024-01-31T23:01:12","guid":{"rendered":"https:\/\/www.euroco.fr\/?post_type=product&#038;p=2132"},"modified":"2024-02-01T11:07:21","modified_gmt":"2024-02-01T10:07:21","slug":"vinaigre-cave-abbe-rous","status":"publish","type":"product","link":"https:\/\/www.euroco.fr\/fr\/produit\/vinaigre-cave-abbe-rous\/","title":{"rendered":"Vinaigre Cave Abb\u00e9 Rous"},"content":{"rendered":"<p>Son lieu de production et de r\u00e9colte entre soleil m\u00e9diterran\u00e9en et chaine de montagne Pyr\u00e9n\u00e9ennes.<\/p>\n<p>Son \u00e9laboration \u00e0 partir d\u2019un vin doux naturel \u00e9lev\u00e9 pendant 4 ans dans des pi\u00e8ces en bois qui d\u00e9veloppe le fameux ar\u00f4me rancio (noix fraiches et menthol).<\/p>\n<p>Son process d\u2019ac\u00e9tification en circuit ferm\u00e9 avant d\u2019\u00eatre vieilli en barrique de ch\u00eane pendant 12 mois.<\/p>\n<p>Vous appr\u00e9cierez sa robe ambr\u00e9e, des notes de noix, de pain d\u2019\u00e9pice, de cire d\u2019abeille, de vanille et de r\u00e9glisse qui lui conf\u00e8re une grande persistance aromatique qui conviendra parfaitement \u00e0 \u00e9lever vos sauces et d\u00e9gla\u00e7ages.<\/p>\n","protected":false},"excerpt":{"rendered":"<p>Son lieu de production et de r\u00e9colte entre soleil m\u00e9diterran\u00e9en et chaine de montagne Pyr\u00e9n\u00e9ennes. Son \u00e9laboration \u00e0 partir d\u2019un vin doux naturel \u00e9lev\u00e9 pendant 4 ans dans des pi\u00e8ces en bois qui d\u00e9veloppe le fameux ar\u00f4me rancio (noix fraiches et menthol). Son process d\u2019ac\u00e9tification en circuit ferm\u00e9 avant d\u2019\u00eatre vieilli en barrique de ch\u00eane [&hellip;]<\/p>\n","protected":false},"featured_media":2127,"template":"","meta":{"_acf_changed":false,"_et_pb_use_builder":"","_et_pb_old_content":"","_et_gb_content_width":""},"pwb-brand":[68],"product_brand":[],"product_cat":[51],"product_tag":[327,325,326],"class_list":{"0":"post-2132","1":"product","2":"type-product","3":"status-publish","4":"has-post-thumbnail","6":"pwb-brand-cave-abbe-rous","7":"product_cat-epicerie","8":"product_tag-banyuls","9":"product_tag-vinaigre","10":"product_tag-vinegar","12":"first","13":"instock","14":"featured","15":"shipping-taxable","16":"product-type-simple"},"acf":[],"yoast_head":"<!-- This site is optimized with the Yoast SEO plugin v27.4 - https:\/\/yoast.com\/product\/yoast-seo-wordpress\/ -->\n<title>Vinaigre Cave Abb\u00e9 Rous - Euroco<\/title>\n<meta name=\"robots\" content=\"index, follow, max-snippet:-1, max-image-preview:large, max-video-preview:-1\" \/>\n<link rel=\"canonical\" href=\"https:\/\/www.euroco.fr\/fr\/produit\/vinaigre-cave-abbe-rous\/\" \/>\n<meta property=\"og:locale\" content=\"fr_FR\" \/>\n<meta property=\"og:type\" content=\"article\" \/>\n<meta property=\"og:title\" content=\"Vinaigre Cave Abb\u00e9 Rous - Euroco\" \/>\n<meta property=\"og:description\" content=\"Son lieu de production et de r\u00e9colte entre soleil m\u00e9diterran\u00e9en et chaine de montagne Pyr\u00e9n\u00e9ennes. Son \u00e9laboration \u00e0 partir d\u2019un vin doux naturel \u00e9lev\u00e9 pendant 4 ans dans des pi\u00e8ces en bois qui d\u00e9veloppe le fameux ar\u00f4me rancio (noix fraiches et menthol). Son process d\u2019ac\u00e9tification en circuit ferm\u00e9 avant d\u2019\u00eatre vieilli en barrique de ch\u00eane [&hellip;]\" \/>\n<meta property=\"og:url\" content=\"https:\/\/www.euroco.fr\/fr\/produit\/vinaigre-cave-abbe-rous\/\" \/>\n<meta property=\"og:site_name\" content=\"Euroco\" \/>\n<meta property=\"article:modified_time\" content=\"2024-02-01T10:07:21+00:00\" \/>\n<meta property=\"og:image\" content=\"https:\/\/www.euroco.fr\/wp-content\/uploads\/2022\/11\/Banyuls-AR-DORICA.jpg\" \/>\n\t<meta property=\"og:image:width\" content=\"1067\" \/>\n\t<meta property=\"og:image:height\" content=\"1600\" \/>\n\t<meta property=\"og:image:type\" content=\"image\/jpeg\" \/>\n<meta name=\"twitter:card\" content=\"summary_large_image\" \/>\n<meta name=\"twitter:label1\" content=\"Dur\u00e9e de lecture estim\u00e9e\" \/>\n\t<meta name=\"twitter:data1\" content=\"1 minute\" \/>\n<script type=\"application\/ld+json\" class=\"yoast-schema-graph\">{\"@context\":\"https:\\\/\\\/schema.org\",\"@graph\":[{\"@type\":\"WebPage\",\"@id\":\"https:\\\/\\\/www.euroco.fr\\\/fr\\\/produit\\\/vinaigre-cave-abbe-rous\\\/\",\"url\":\"https:\\\/\\\/www.euroco.fr\\\/fr\\\/produit\\\/vinaigre-cave-abbe-rous\\\/\",\"name\":\"Vinaigre Cave Abb\u00e9 Rous - Euroco\",\"isPartOf\":{\"@id\":\"https:\\\/\\\/www.euroco.fr\\\/fr\\\/#website\"},\"primaryImageOfPage\":{\"@id\":\"https:\\\/\\\/www.euroco.fr\\\/fr\\\/produit\\\/vinaigre-cave-abbe-rous\\\/#primaryimage\"},\"image\":{\"@id\":\"https:\\\/\\\/www.euroco.fr\\\/fr\\\/produit\\\/vinaigre-cave-abbe-rous\\\/#primaryimage\"},\"thumbnailUrl\":\"https:\\\/\\\/www.euroco.fr\\\/wp-content\\\/uploads\\\/2022\\\/11\\\/Banyuls-AR-DORICA.jpg\",\"datePublished\":\"2024-01-31T23:01:12+00:00\",\"dateModified\":\"2024-02-01T10:07:21+00:00\",\"breadcrumb\":{\"@id\":\"https:\\\/\\\/www.euroco.fr\\\/fr\\\/produit\\\/vinaigre-cave-abbe-rous\\\/#breadcrumb\"},\"inLanguage\":\"fr-FR\",\"potentialAction\":[{\"@type\":\"ReadAction\",\"target\":[\"https:\\\/\\\/www.euroco.fr\\\/fr\\\/produit\\\/vinaigre-cave-abbe-rous\\\/\"]}]},{\"@type\":\"ImageObject\",\"inLanguage\":\"fr-FR\",\"@id\":\"https:\\\/\\\/www.euroco.fr\\\/fr\\\/produit\\\/vinaigre-cave-abbe-rous\\\/#primaryimage\",\"url\":\"https:\\\/\\\/www.euroco.fr\\\/wp-content\\\/uploads\\\/2022\\\/11\\\/Banyuls-AR-DORICA.jpg\",\"contentUrl\":\"https:\\\/\\\/www.euroco.fr\\\/wp-content\\\/uploads\\\/2022\\\/11\\\/Banyuls-AR-DORICA.jpg\",\"width\":1067,\"height\":1600},{\"@type\":\"BreadcrumbList\",\"@id\":\"https:\\\/\\\/www.euroco.fr\\\/fr\\\/produit\\\/vinaigre-cave-abbe-rous\\\/#breadcrumb\",\"itemListElement\":[{\"@type\":\"ListItem\",\"position\":1,\"name\":\"Accueil\",\"item\":\"https:\\\/\\\/www.euroco.fr\\\/fr\\\/\"},{\"@type\":\"ListItem\",\"position\":2,\"name\":\"Les Produits\",\"item\":\"https:\\\/\\\/www.euroco.fr\\\/fr\\\/boutique\\\/\"},{\"@type\":\"ListItem\",\"position\":3,\"name\":\"Vinaigre Cave Abb\u00e9 Rous\"}]},{\"@type\":\"WebSite\",\"@id\":\"https:\\\/\\\/www.euroco.fr\\\/fr\\\/#website\",\"url\":\"https:\\\/\\\/www.euroco.fr\\\/fr\\\/\",\"name\":\"Euroco\",\"description\":\"The French food supplier\",\"publisher\":{\"@id\":\"https:\\\/\\\/www.euroco.fr\\\/fr\\\/#organization\"},\"potentialAction\":[{\"@type\":\"SearchAction\",\"target\":{\"@type\":\"EntryPoint\",\"urlTemplate\":\"https:\\\/\\\/www.euroco.fr\\\/fr\\\/?s={search_term_string}\"},\"query-input\":{\"@type\":\"PropertyValueSpecification\",\"valueRequired\":true,\"valueName\":\"search_term_string\"}}],\"inLanguage\":\"fr-FR\"},{\"@type\":\"Organization\",\"@id\":\"https:\\\/\\\/www.euroco.fr\\\/fr\\\/#organization\",\"name\":\"Euroco\",\"url\":\"https:\\\/\\\/www.euroco.fr\\\/fr\\\/\",\"logo\":{\"@type\":\"ImageObject\",\"inLanguage\":\"fr-FR\",\"@id\":\"https:\\\/\\\/www.euroco.fr\\\/fr\\\/#\\\/schema\\\/logo\\\/image\\\/\",\"url\":\"https:\\\/\\\/www.euroco.fr\\\/wp-content\\\/uploads\\\/2022\\\/03\\\/logo-euroco.png\",\"contentUrl\":\"https:\\\/\\\/www.euroco.fr\\\/wp-content\\\/uploads\\\/2022\\\/03\\\/logo-euroco.png\",\"width\":1231,\"height\":501,\"caption\":\"Euroco\"},\"image\":{\"@id\":\"https:\\\/\\\/www.euroco.fr\\\/fr\\\/#\\\/schema\\\/logo\\\/image\\\/\"}}]}<\/script>\n<!-- \/ Yoast SEO plugin. -->","yoast_head_json":{"title":"Vinaigre Cave Abb\u00e9 Rous - Euroco","robots":{"index":"index","follow":"follow","max-snippet":"max-snippet:-1","max-image-preview":"max-image-preview:large","max-video-preview":"max-video-preview:-1"},"canonical":"https:\/\/www.euroco.fr\/fr\/produit\/vinaigre-cave-abbe-rous\/","og_locale":"fr_FR","og_type":"article","og_title":"Vinaigre Cave Abb\u00e9 Rous - Euroco","og_description":"Son lieu de production et de r\u00e9colte entre soleil m\u00e9diterran\u00e9en et chaine de montagne Pyr\u00e9n\u00e9ennes. Son \u00e9laboration \u00e0 partir d\u2019un vin doux naturel \u00e9lev\u00e9 pendant 4 ans dans des pi\u00e8ces en bois qui d\u00e9veloppe le fameux ar\u00f4me rancio (noix fraiches et menthol). Son process d\u2019ac\u00e9tification en circuit ferm\u00e9 avant d\u2019\u00eatre vieilli en barrique de ch\u00eane [&hellip;]","og_url":"https:\/\/www.euroco.fr\/fr\/produit\/vinaigre-cave-abbe-rous\/","og_site_name":"Euroco","article_modified_time":"2024-02-01T10:07:21+00:00","og_image":[{"width":1067,"height":1600,"url":"https:\/\/www.euroco.fr\/wp-content\/uploads\/2022\/11\/Banyuls-AR-DORICA.jpg","type":"image\/jpeg"}],"twitter_card":"summary_large_image","twitter_misc":{"Dur\u00e9e de lecture estim\u00e9e":"1 minute"},"schema":{"@context":"https:\/\/schema.org","@graph":[{"@type":"WebPage","@id":"https:\/\/www.euroco.fr\/fr\/produit\/vinaigre-cave-abbe-rous\/","url":"https:\/\/www.euroco.fr\/fr\/produit\/vinaigre-cave-abbe-rous\/","name":"Vinaigre Cave Abb\u00e9 Rous - Euroco","isPartOf":{"@id":"https:\/\/www.euroco.fr\/fr\/#website"},"primaryImageOfPage":{"@id":"https:\/\/www.euroco.fr\/fr\/produit\/vinaigre-cave-abbe-rous\/#primaryimage"},"image":{"@id":"https:\/\/www.euroco.fr\/fr\/produit\/vinaigre-cave-abbe-rous\/#primaryimage"},"thumbnailUrl":"https:\/\/www.euroco.fr\/wp-content\/uploads\/2022\/11\/Banyuls-AR-DORICA.jpg","datePublished":"2024-01-31T23:01:12+00:00","dateModified":"2024-02-01T10:07:21+00:00","breadcrumb":{"@id":"https:\/\/www.euroco.fr\/fr\/produit\/vinaigre-cave-abbe-rous\/#breadcrumb"},"inLanguage":"fr-FR","potentialAction":[{"@type":"ReadAction","target":["https:\/\/www.euroco.fr\/fr\/produit\/vinaigre-cave-abbe-rous\/"]}]},{"@type":"ImageObject","inLanguage":"fr-FR","@id":"https:\/\/www.euroco.fr\/fr\/produit\/vinaigre-cave-abbe-rous\/#primaryimage","url":"https:\/\/www.euroco.fr\/wp-content\/uploads\/2022\/11\/Banyuls-AR-DORICA.jpg","contentUrl":"https:\/\/www.euroco.fr\/wp-content\/uploads\/2022\/11\/Banyuls-AR-DORICA.jpg","width":1067,"height":1600},{"@type":"BreadcrumbList","@id":"https:\/\/www.euroco.fr\/fr\/produit\/vinaigre-cave-abbe-rous\/#breadcrumb","itemListElement":[{"@type":"ListItem","position":1,"name":"Accueil","item":"https:\/\/www.euroco.fr\/fr\/"},{"@type":"ListItem","position":2,"name":"Les Produits","item":"https:\/\/www.euroco.fr\/fr\/boutique\/"},{"@type":"ListItem","position":3,"name":"Vinaigre Cave Abb\u00e9 Rous"}]},{"@type":"WebSite","@id":"https:\/\/www.euroco.fr\/fr\/#website","url":"https:\/\/www.euroco.fr\/fr\/","name":"Euroco","description":"The French food supplier","publisher":{"@id":"https:\/\/www.euroco.fr\/fr\/#organization"},"potentialAction":[{"@type":"SearchAction","target":{"@type":"EntryPoint","urlTemplate":"https:\/\/www.euroco.fr\/fr\/?s={search_term_string}"},"query-input":{"@type":"PropertyValueSpecification","valueRequired":true,"valueName":"search_term_string"}}],"inLanguage":"fr-FR"},{"@type":"Organization","@id":"https:\/\/www.euroco.fr\/fr\/#organization","name":"Euroco","url":"https:\/\/www.euroco.fr\/fr\/","logo":{"@type":"ImageObject","inLanguage":"fr-FR","@id":"https:\/\/www.euroco.fr\/fr\/#\/schema\/logo\/image\/","url":"https:\/\/www.euroco.fr\/wp-content\/uploads\/2022\/03\/logo-euroco.png","contentUrl":"https:\/\/www.euroco.fr\/wp-content\/uploads\/2022\/03\/logo-euroco.png","width":1231,"height":501,"caption":"Euroco"},"image":{"@id":"https:\/\/www.euroco.fr\/fr\/#\/schema\/logo\/image\/"}}]}},"brands":[{"id":68,"name":"Cave Abb\u00e9 Rous","slug":"cave-abbe-rous"}],"_links":{"self":[{"href":"https:\/\/www.euroco.fr\/fr\/wp-json\/wp\/v2\/product\/2132","targetHints":{"allow":["GET"]}}],"collection":[{"href":"https:\/\/www.euroco.fr\/fr\/wp-json\/wp\/v2\/product"}],"about":[{"href":"https:\/\/www.euroco.fr\/fr\/wp-json\/wp\/v2\/types\/product"}],"wp:featuredmedia":[{"embeddable":true,"href":"https:\/\/www.euroco.fr\/fr\/wp-json\/wp\/v2\/media\/2127"}],"wp:attachment":[{"href":"https:\/\/www.euroco.fr\/fr\/wp-json\/wp\/v2\/media?parent=2132"}],"wp:term":[{"taxonomy":"pwb-brand","embeddable":true,"href":"https:\/\/www.euroco.fr\/fr\/wp-json\/wp\/v2\/pwb-brand?post=2132"},{"taxonomy":"product_brand","embeddable":true,"href":"https:\/\/www.euroco.fr\/fr\/wp-json\/wp\/v2\/product_brand?post=2132"},{"taxonomy":"product_cat","embeddable":true,"href":"https:\/\/www.euroco.fr\/fr\/wp-json\/wp\/v2\/product_cat?post=2132"},{"taxonomy":"product_tag","embeddable":true,"href":"https:\/\/www.euroco.fr\/fr\/wp-json\/wp\/v2\/product_tag?post=2132"}],"curies":[{"name":"wp","href":"https:\/\/api.w.org\/{rel}","templated":true}]}}