{"id":2002,"date":"2024-05-01T15:58:38","date_gmt":"2024-05-01T13:58:38","guid":{"rendered":"https:\/\/www.euroco.fr\/?post_type=product&#038;p=2002"},"modified":"2024-12-05T17:00:03","modified_gmt":"2024-12-05T16:00:03","slug":"sel-et-fleur-de-sel-de-guerande","status":"publish","type":"product","link":"https:\/\/www.euroco.fr\/fr\/produit\/sel-et-fleur-de-sel-de-guerande\/","title":{"rendered":"Sel et fleur de sel de Gu\u00e9rande Artisans du Sel"},"content":{"rendered":"<p>Le sel et la fleur de sel de Gu\u00e9rande sont cultiv\u00e9s selon une tradition mill\u00e9naire.<\/p>\n<p>Ce sel naturellement \u00e9cologique provient de la plus grande exploitation de sel r\u00e9colt\u00e9 \u00e0 la main au monde situ\u00e9e sur la c\u00f4te Atlantique de France.<\/p>\n<p>Le sel de Gu\u00e9rande et la fleur de sel sont un exhausteur de go\u00fbt naturel, plein de micro nutriments et de min\u00e9raux.<\/p>\n<p>Conseil d&rsquo;utilisation :\u00a0Saupoudrer de fleur de sel avec une petite cuill\u00e8re en bois uniquement sur les aliments (grillades, poisson, salade, soupes) juste avant de servir et non pendant la cuisson.<\/p>\n<p>Cliquez ici pour d\u00e9couvrir la <a href=\"https:\/\/www.euroco.fr\/fr\/produit\/sel-et-fleur-de-sel-de-guerande-artisans-du-sel\/\">gamme de sel<\/a>!!<\/p>\n<p>Cliquez ici pour \u00e9tudier l&rsquo;<a href=\"https:\/\/www.euroco.fr\/fr\/contact\/\">importation<\/a> vers vos marches locaux!!<\/p>\n","protected":false},"excerpt":{"rendered":"<p>Artisans du sel est une soci\u00e9t\u00e9 familiale en activit\u00e9 depuis 2018 qui produit de la fleur de sel de haute qualit\u00e9 en respectant un savoir-faire traditionnel transmis par des g\u00e9n\u00e9rations de paludiers qui garantissent le v\u00e9ritable gout du sel.<\/p>\n","protected":false},"featured_media":1991,"template":"","meta":{"_acf_changed":false,"_et_pb_use_builder":"","_et_pb_old_content":"","_et_gb_content_width":""},"pwb-brand":[62],"product_brand":[],"product_cat":[47],"product_tag":[376,378,377,375],"class_list":{"0":"post-2002","1":"product","2":"type-product","3":"status-publish","4":"has-post-thumbnail","6":"pwb-brand-artisans-du-sel","7":"product_cat-condiments","8":"product_tag-fleur-de-sel","9":"product_tag-guerande","10":"product_tag-salt-fleur-de-salt","11":"product_tag-sel","13":"first","14":"instock","15":"featured","16":"shipping-taxable","17":"product-type-simple"},"acf":[],"yoast_head":"<!-- This site is optimized with the Yoast SEO plugin v27.4 - https:\/\/yoast.com\/product\/yoast-seo-wordpress\/ -->\n<title>Sel et fleur de sel de Gu\u00e9rande Artisans du Sel - Euroco<\/title>\n<meta name=\"description\" content=\"Artisans du sel est une soci\u00e9t\u00e9 familiale qui produit depuis 2018 de la fameuse fleur de sel de Gu\u00e9rande, sel de haute qualit\u00e9, en respectant un savoir-faire traditionnel qui garantit le v\u00e9ritable gout du sel.\" \/>\n<meta name=\"robots\" content=\"index, follow, max-snippet:-1, max-image-preview:large, max-video-preview:-1\" \/>\n<link rel=\"canonical\" href=\"https:\/\/www.euroco.fr\/fr\/produit\/sel-et-fleur-de-sel-de-guerande\/\" \/>\n<meta property=\"og:locale\" content=\"fr_FR\" \/>\n<meta property=\"og:type\" content=\"article\" \/>\n<meta property=\"og:title\" content=\"Sel et fleur de sel de Gu\u00e9rande Artisans du Sel - Euroco\" \/>\n<meta property=\"og:description\" content=\"Artisans du sel est une soci\u00e9t\u00e9 familiale qui produit depuis 2018 de la fameuse fleur de sel de Gu\u00e9rande, sel de haute qualit\u00e9, en respectant un savoir-faire traditionnel qui garantit le v\u00e9ritable gout du sel.\" \/>\n<meta property=\"og:url\" content=\"https:\/\/www.euroco.fr\/fr\/produit\/sel-et-fleur-de-sel-de-guerande\/\" \/>\n<meta property=\"og:site_name\" content=\"Euroco\" \/>\n<meta property=\"article:modified_time\" content=\"2024-12-05T16:00:03+00:00\" \/>\n<meta property=\"og:image\" content=\"https:\/\/www.euroco.fr\/wp-content\/uploads\/2022\/11\/FC-100.jpg\" \/>\n\t<meta property=\"og:image:width\" content=\"666\" \/>\n\t<meta property=\"og:image:height\" content=\"845\" \/>\n\t<meta property=\"og:image:type\" content=\"image\/jpeg\" \/>\n<meta name=\"twitter:card\" content=\"summary_large_image\" \/>\n<meta name=\"twitter:label1\" content=\"Dur\u00e9e de lecture estim\u00e9e\" \/>\n\t<meta name=\"twitter:data1\" content=\"1 minute\" \/>\n<script type=\"application\/ld+json\" class=\"yoast-schema-graph\">{\"@context\":\"https:\\\/\\\/schema.org\",\"@graph\":[{\"@type\":\"WebPage\",\"@id\":\"https:\\\/\\\/www.euroco.fr\\\/fr\\\/produit\\\/sel-et-fleur-de-sel-de-guerande\\\/\",\"url\":\"https:\\\/\\\/www.euroco.fr\\\/fr\\\/produit\\\/sel-et-fleur-de-sel-de-guerande\\\/\",\"name\":\"Sel et fleur de sel de Gu\u00e9rande Artisans du Sel - Euroco\",\"isPartOf\":{\"@id\":\"https:\\\/\\\/www.euroco.fr\\\/fr\\\/#website\"},\"primaryImageOfPage\":{\"@id\":\"https:\\\/\\\/www.euroco.fr\\\/fr\\\/produit\\\/sel-et-fleur-de-sel-de-guerande\\\/#primaryimage\"},\"image\":{\"@id\":\"https:\\\/\\\/www.euroco.fr\\\/fr\\\/produit\\\/sel-et-fleur-de-sel-de-guerande\\\/#primaryimage\"},\"thumbnailUrl\":\"https:\\\/\\\/www.euroco.fr\\\/wp-content\\\/uploads\\\/2022\\\/11\\\/FC-100.jpg\",\"datePublished\":\"2024-05-01T13:58:38+00:00\",\"dateModified\":\"2024-12-05T16:00:03+00:00\",\"description\":\"Artisans du sel est une soci\u00e9t\u00e9 familiale qui produit depuis 2018 de la fameuse fleur de sel de Gu\u00e9rande, sel de haute qualit\u00e9, en respectant un savoir-faire traditionnel qui garantit le v\u00e9ritable gout du sel.\",\"breadcrumb\":{\"@id\":\"https:\\\/\\\/www.euroco.fr\\\/fr\\\/produit\\\/sel-et-fleur-de-sel-de-guerande\\\/#breadcrumb\"},\"inLanguage\":\"fr-FR\",\"potentialAction\":[{\"@type\":\"ReadAction\",\"target\":[\"https:\\\/\\\/www.euroco.fr\\\/fr\\\/produit\\\/sel-et-fleur-de-sel-de-guerande\\\/\"]}]},{\"@type\":\"ImageObject\",\"inLanguage\":\"fr-FR\",\"@id\":\"https:\\\/\\\/www.euroco.fr\\\/fr\\\/produit\\\/sel-et-fleur-de-sel-de-guerande\\\/#primaryimage\",\"url\":\"https:\\\/\\\/www.euroco.fr\\\/wp-content\\\/uploads\\\/2022\\\/11\\\/FC-100.jpg\",\"contentUrl\":\"https:\\\/\\\/www.euroco.fr\\\/wp-content\\\/uploads\\\/2022\\\/11\\\/FC-100.jpg\",\"width\":666,\"height\":845,\"caption\":\"fleur de sel\"},{\"@type\":\"BreadcrumbList\",\"@id\":\"https:\\\/\\\/www.euroco.fr\\\/fr\\\/produit\\\/sel-et-fleur-de-sel-de-guerande\\\/#breadcrumb\",\"itemListElement\":[{\"@type\":\"ListItem\",\"position\":1,\"name\":\"Accueil\",\"item\":\"https:\\\/\\\/www.euroco.fr\\\/fr\\\/\"},{\"@type\":\"ListItem\",\"position\":2,\"name\":\"Les Produits\",\"item\":\"https:\\\/\\\/www.euroco.fr\\\/fr\\\/boutique\\\/\"},{\"@type\":\"ListItem\",\"position\":3,\"name\":\"Sel et fleur de sel de Gu\u00e9rande Artisans du Sel\"}]},{\"@type\":\"WebSite\",\"@id\":\"https:\\\/\\\/www.euroco.fr\\\/fr\\\/#website\",\"url\":\"https:\\\/\\\/www.euroco.fr\\\/fr\\\/\",\"name\":\"Euroco\",\"description\":\"The French food supplier\",\"publisher\":{\"@id\":\"https:\\\/\\\/www.euroco.fr\\\/fr\\\/#organization\"},\"potentialAction\":[{\"@type\":\"SearchAction\",\"target\":{\"@type\":\"EntryPoint\",\"urlTemplate\":\"https:\\\/\\\/www.euroco.fr\\\/fr\\\/?s={search_term_string}\"},\"query-input\":{\"@type\":\"PropertyValueSpecification\",\"valueRequired\":true,\"valueName\":\"search_term_string\"}}],\"inLanguage\":\"fr-FR\"},{\"@type\":\"Organization\",\"@id\":\"https:\\\/\\\/www.euroco.fr\\\/fr\\\/#organization\",\"name\":\"Euroco\",\"url\":\"https:\\\/\\\/www.euroco.fr\\\/fr\\\/\",\"logo\":{\"@type\":\"ImageObject\",\"inLanguage\":\"fr-FR\",\"@id\":\"https:\\\/\\\/www.euroco.fr\\\/fr\\\/#\\\/schema\\\/logo\\\/image\\\/\",\"url\":\"https:\\\/\\\/www.euroco.fr\\\/wp-content\\\/uploads\\\/2022\\\/03\\\/logo-euroco.png\",\"contentUrl\":\"https:\\\/\\\/www.euroco.fr\\\/wp-content\\\/uploads\\\/2022\\\/03\\\/logo-euroco.png\",\"width\":1231,\"height\":501,\"caption\":\"Euroco\"},\"image\":{\"@id\":\"https:\\\/\\\/www.euroco.fr\\\/fr\\\/#\\\/schema\\\/logo\\\/image\\\/\"}}]}<\/script>\n<!-- \/ Yoast SEO plugin. -->","yoast_head_json":{"title":"Sel et fleur de sel de Gu\u00e9rande Artisans du Sel - Euroco","description":"Artisans du sel est une soci\u00e9t\u00e9 familiale qui produit depuis 2018 de la fameuse fleur de sel de Gu\u00e9rande, sel de haute qualit\u00e9, en respectant un savoir-faire traditionnel qui garantit le v\u00e9ritable gout du sel.","robots":{"index":"index","follow":"follow","max-snippet":"max-snippet:-1","max-image-preview":"max-image-preview:large","max-video-preview":"max-video-preview:-1"},"canonical":"https:\/\/www.euroco.fr\/fr\/produit\/sel-et-fleur-de-sel-de-guerande\/","og_locale":"fr_FR","og_type":"article","og_title":"Sel et fleur de sel de Gu\u00e9rande Artisans du Sel - Euroco","og_description":"Artisans du sel est une soci\u00e9t\u00e9 familiale qui produit depuis 2018 de la fameuse fleur de sel de Gu\u00e9rande, sel de haute qualit\u00e9, en respectant un savoir-faire traditionnel qui garantit le v\u00e9ritable gout du sel.","og_url":"https:\/\/www.euroco.fr\/fr\/produit\/sel-et-fleur-de-sel-de-guerande\/","og_site_name":"Euroco","article_modified_time":"2024-12-05T16:00:03+00:00","og_image":[{"width":666,"height":845,"url":"https:\/\/www.euroco.fr\/wp-content\/uploads\/2022\/11\/FC-100.jpg","type":"image\/jpeg"}],"twitter_card":"summary_large_image","twitter_misc":{"Dur\u00e9e de lecture estim\u00e9e":"1 minute"},"schema":{"@context":"https:\/\/schema.org","@graph":[{"@type":"WebPage","@id":"https:\/\/www.euroco.fr\/fr\/produit\/sel-et-fleur-de-sel-de-guerande\/","url":"https:\/\/www.euroco.fr\/fr\/produit\/sel-et-fleur-de-sel-de-guerande\/","name":"Sel et fleur de sel de Gu\u00e9rande Artisans du Sel - Euroco","isPartOf":{"@id":"https:\/\/www.euroco.fr\/fr\/#website"},"primaryImageOfPage":{"@id":"https:\/\/www.euroco.fr\/fr\/produit\/sel-et-fleur-de-sel-de-guerande\/#primaryimage"},"image":{"@id":"https:\/\/www.euroco.fr\/fr\/produit\/sel-et-fleur-de-sel-de-guerande\/#primaryimage"},"thumbnailUrl":"https:\/\/www.euroco.fr\/wp-content\/uploads\/2022\/11\/FC-100.jpg","datePublished":"2024-05-01T13:58:38+00:00","dateModified":"2024-12-05T16:00:03+00:00","description":"Artisans du sel est une soci\u00e9t\u00e9 familiale qui produit depuis 2018 de la fameuse fleur de sel de Gu\u00e9rande, sel de haute qualit\u00e9, en respectant un savoir-faire traditionnel qui garantit le v\u00e9ritable gout du sel.","breadcrumb":{"@id":"https:\/\/www.euroco.fr\/fr\/produit\/sel-et-fleur-de-sel-de-guerande\/#breadcrumb"},"inLanguage":"fr-FR","potentialAction":[{"@type":"ReadAction","target":["https:\/\/www.euroco.fr\/fr\/produit\/sel-et-fleur-de-sel-de-guerande\/"]}]},{"@type":"ImageObject","inLanguage":"fr-FR","@id":"https:\/\/www.euroco.fr\/fr\/produit\/sel-et-fleur-de-sel-de-guerande\/#primaryimage","url":"https:\/\/www.euroco.fr\/wp-content\/uploads\/2022\/11\/FC-100.jpg","contentUrl":"https:\/\/www.euroco.fr\/wp-content\/uploads\/2022\/11\/FC-100.jpg","width":666,"height":845,"caption":"fleur de sel"},{"@type":"BreadcrumbList","@id":"https:\/\/www.euroco.fr\/fr\/produit\/sel-et-fleur-de-sel-de-guerande\/#breadcrumb","itemListElement":[{"@type":"ListItem","position":1,"name":"Accueil","item":"https:\/\/www.euroco.fr\/fr\/"},{"@type":"ListItem","position":2,"name":"Les Produits","item":"https:\/\/www.euroco.fr\/fr\/boutique\/"},{"@type":"ListItem","position":3,"name":"Sel et fleur de sel de Gu\u00e9rande Artisans du Sel"}]},{"@type":"WebSite","@id":"https:\/\/www.euroco.fr\/fr\/#website","url":"https:\/\/www.euroco.fr\/fr\/","name":"Euroco","description":"The French food supplier","publisher":{"@id":"https:\/\/www.euroco.fr\/fr\/#organization"},"potentialAction":[{"@type":"SearchAction","target":{"@type":"EntryPoint","urlTemplate":"https:\/\/www.euroco.fr\/fr\/?s={search_term_string}"},"query-input":{"@type":"PropertyValueSpecification","valueRequired":true,"valueName":"search_term_string"}}],"inLanguage":"fr-FR"},{"@type":"Organization","@id":"https:\/\/www.euroco.fr\/fr\/#organization","name":"Euroco","url":"https:\/\/www.euroco.fr\/fr\/","logo":{"@type":"ImageObject","inLanguage":"fr-FR","@id":"https:\/\/www.euroco.fr\/fr\/#\/schema\/logo\/image\/","url":"https:\/\/www.euroco.fr\/wp-content\/uploads\/2022\/03\/logo-euroco.png","contentUrl":"https:\/\/www.euroco.fr\/wp-content\/uploads\/2022\/03\/logo-euroco.png","width":1231,"height":501,"caption":"Euroco"},"image":{"@id":"https:\/\/www.euroco.fr\/fr\/#\/schema\/logo\/image\/"}}]}},"brands":[{"id":62,"name":"Artisans du sel","slug":"artisans-du-sel"}],"_links":{"self":[{"href":"https:\/\/www.euroco.fr\/fr\/wp-json\/wp\/v2\/product\/2002","targetHints":{"allow":["GET"]}}],"collection":[{"href":"https:\/\/www.euroco.fr\/fr\/wp-json\/wp\/v2\/product"}],"about":[{"href":"https:\/\/www.euroco.fr\/fr\/wp-json\/wp\/v2\/types\/product"}],"wp:featuredmedia":[{"embeddable":true,"href":"https:\/\/www.euroco.fr\/fr\/wp-json\/wp\/v2\/media\/1991"}],"wp:attachment":[{"href":"https:\/\/www.euroco.fr\/fr\/wp-json\/wp\/v2\/media?parent=2002"}],"wp:term":[{"taxonomy":"pwb-brand","embeddable":true,"href":"https:\/\/www.euroco.fr\/fr\/wp-json\/wp\/v2\/pwb-brand?post=2002"},{"taxonomy":"product_brand","embeddable":true,"href":"https:\/\/www.euroco.fr\/fr\/wp-json\/wp\/v2\/product_brand?post=2002"},{"taxonomy":"product_cat","embeddable":true,"href":"https:\/\/www.euroco.fr\/fr\/wp-json\/wp\/v2\/product_cat?post=2002"},{"taxonomy":"product_tag","embeddable":true,"href":"https:\/\/www.euroco.fr\/fr\/wp-json\/wp\/v2\/product_tag?post=2002"}],"curies":[{"name":"wp","href":"https:\/\/api.w.org\/{rel}","templated":true}]}}