{"id":1926,"date":"2022-11-17T17:08:32","date_gmt":"2022-11-17T16:08:32","guid":{"rendered":"https:\/\/www.euroco.fr\/?post_type=product&#038;p=1926"},"modified":"2022-11-17T17:08:32","modified_gmt":"2022-11-17T16:08:32","slug":"biscuits-bretons-filet-bleu","status":"publish","type":"product","link":"https:\/\/www.euroco.fr\/fr\/produit\/biscuits-bretons-filet-bleu\/","title":{"rendered":"Biscuits bretons Filet bleu"},"content":{"rendered":"<p>Typique biscuit breton conventionnel, bio et fairtrade, en etui carton ou m\u00e9lange en boite fer.<\/p>\n<p>Pr\u00e9sent dans de nombreux pays, un design tr\u00e8s chic \u00e0 la fran\u00e7aise.<\/p>\n","protected":false},"excerpt":{"rendered":"<p>Typique biscuit breton conventionnel, bio et fairtrade, en etui carton ou m\u00e9lange en boite fer. Pr\u00e9sent dans de nombreux pays, un design tr\u00e8s chic \u00e0 la fran\u00e7aise.<\/p>\n","protected":false},"featured_media":1910,"template":"","meta":{"_acf_changed":false,"_et_pb_use_builder":"","_et_pb_old_content":"","_et_gb_content_width":""},"pwb-brand":[78],"product_brand":[],"product_cat":[44],"product_tag":[],"class_list":{"0":"post-1926","1":"product","2":"type-product","3":"status-publish","4":"has-post-thumbnail","6":"pwb-brand-biscuits-filet-bleu","7":"product_cat-biscuits-fr","9":"first","10":"instock","11":"shipping-taxable","12":"product-type-simple"},"acf":[],"yoast_head":"<!-- This site is optimized with the Yoast SEO plugin v27.4 - https:\/\/yoast.com\/product\/yoast-seo-wordpress\/ -->\n<title>Biscuits bretons Filet bleu - Euroco<\/title>\n<meta name=\"robots\" content=\"index, follow, max-snippet:-1, max-image-preview:large, max-video-preview:-1\" \/>\n<link rel=\"canonical\" href=\"https:\/\/www.euroco.fr\/fr\/produit\/biscuits-bretons-filet-bleu\/\" \/>\n<meta property=\"og:locale\" content=\"fr_FR\" \/>\n<meta property=\"og:type\" content=\"article\" \/>\n<meta property=\"og:title\" content=\"Biscuits bretons Filet bleu - Euroco\" \/>\n<meta property=\"og:description\" content=\"Typique biscuit breton conventionnel, bio et fairtrade, en etui carton ou m\u00e9lange en boite fer. Pr\u00e9sent dans de nombreux pays, un design tr\u00e8s chic \u00e0 la fran\u00e7aise.\" \/>\n<meta property=\"og:url\" content=\"https:\/\/www.euroco.fr\/fr\/produit\/biscuits-bretons-filet-bleu\/\" \/>\n<meta property=\"og:site_name\" content=\"Euroco\" \/>\n<meta property=\"og:image\" content=\"https:\/\/www.euroco.fr\/wp-content\/uploads\/2022\/11\/Filet-bleu.jpg\" \/>\n\t<meta property=\"og:image:width\" content=\"1754\" \/>\n\t<meta property=\"og:image:height\" content=\"1240\" \/>\n\t<meta property=\"og:image:type\" content=\"image\/jpeg\" \/>\n<meta name=\"twitter:card\" content=\"summary_large_image\" \/>\n<meta name=\"twitter:label1\" content=\"Dur\u00e9e de lecture estim\u00e9e\" \/>\n\t<meta name=\"twitter:data1\" content=\"1 minute\" \/>\n<script type=\"application\/ld+json\" class=\"yoast-schema-graph\">{\"@context\":\"https:\\\/\\\/schema.org\",\"@graph\":[{\"@type\":\"WebPage\",\"@id\":\"https:\\\/\\\/www.euroco.fr\\\/fr\\\/produit\\\/biscuits-bretons-filet-bleu\\\/\",\"url\":\"https:\\\/\\\/www.euroco.fr\\\/fr\\\/produit\\\/biscuits-bretons-filet-bleu\\\/\",\"name\":\"Biscuits bretons Filet bleu - Euroco\",\"isPartOf\":{\"@id\":\"https:\\\/\\\/www.euroco.fr\\\/fr\\\/#website\"},\"primaryImageOfPage\":{\"@id\":\"https:\\\/\\\/www.euroco.fr\\\/fr\\\/produit\\\/biscuits-bretons-filet-bleu\\\/#primaryimage\"},\"image\":{\"@id\":\"https:\\\/\\\/www.euroco.fr\\\/fr\\\/produit\\\/biscuits-bretons-filet-bleu\\\/#primaryimage\"},\"thumbnailUrl\":\"https:\\\/\\\/www.euroco.fr\\\/wp-content\\\/uploads\\\/2022\\\/11\\\/Filet-bleu.jpg\",\"datePublished\":\"2022-11-17T16:08:32+00:00\",\"breadcrumb\":{\"@id\":\"https:\\\/\\\/www.euroco.fr\\\/fr\\\/produit\\\/biscuits-bretons-filet-bleu\\\/#breadcrumb\"},\"inLanguage\":\"fr-FR\",\"potentialAction\":[{\"@type\":\"ReadAction\",\"target\":[\"https:\\\/\\\/www.euroco.fr\\\/fr\\\/produit\\\/biscuits-bretons-filet-bleu\\\/\"]}]},{\"@type\":\"ImageObject\",\"inLanguage\":\"fr-FR\",\"@id\":\"https:\\\/\\\/www.euroco.fr\\\/fr\\\/produit\\\/biscuits-bretons-filet-bleu\\\/#primaryimage\",\"url\":\"https:\\\/\\\/www.euroco.fr\\\/wp-content\\\/uploads\\\/2022\\\/11\\\/Filet-bleu.jpg\",\"contentUrl\":\"https:\\\/\\\/www.euroco.fr\\\/wp-content\\\/uploads\\\/2022\\\/11\\\/Filet-bleu.jpg\",\"width\":1754,\"height\":1240},{\"@type\":\"BreadcrumbList\",\"@id\":\"https:\\\/\\\/www.euroco.fr\\\/fr\\\/produit\\\/biscuits-bretons-filet-bleu\\\/#breadcrumb\",\"itemListElement\":[{\"@type\":\"ListItem\",\"position\":1,\"name\":\"Accueil\",\"item\":\"https:\\\/\\\/www.euroco.fr\\\/fr\\\/\"},{\"@type\":\"ListItem\",\"position\":2,\"name\":\"Les Produits\",\"item\":\"https:\\\/\\\/www.euroco.fr\\\/fr\\\/boutique\\\/\"},{\"@type\":\"ListItem\",\"position\":3,\"name\":\"Biscuits bretons Filet bleu\"}]},{\"@type\":\"WebSite\",\"@id\":\"https:\\\/\\\/www.euroco.fr\\\/fr\\\/#website\",\"url\":\"https:\\\/\\\/www.euroco.fr\\\/fr\\\/\",\"name\":\"Euroco\",\"description\":\"The French food supplier\",\"publisher\":{\"@id\":\"https:\\\/\\\/www.euroco.fr\\\/fr\\\/#organization\"},\"potentialAction\":[{\"@type\":\"SearchAction\",\"target\":{\"@type\":\"EntryPoint\",\"urlTemplate\":\"https:\\\/\\\/www.euroco.fr\\\/fr\\\/?s={search_term_string}\"},\"query-input\":{\"@type\":\"PropertyValueSpecification\",\"valueRequired\":true,\"valueName\":\"search_term_string\"}}],\"inLanguage\":\"fr-FR\"},{\"@type\":\"Organization\",\"@id\":\"https:\\\/\\\/www.euroco.fr\\\/fr\\\/#organization\",\"name\":\"Euroco\",\"url\":\"https:\\\/\\\/www.euroco.fr\\\/fr\\\/\",\"logo\":{\"@type\":\"ImageObject\",\"inLanguage\":\"fr-FR\",\"@id\":\"https:\\\/\\\/www.euroco.fr\\\/fr\\\/#\\\/schema\\\/logo\\\/image\\\/\",\"url\":\"https:\\\/\\\/www.euroco.fr\\\/wp-content\\\/uploads\\\/2022\\\/03\\\/logo-euroco.png\",\"contentUrl\":\"https:\\\/\\\/www.euroco.fr\\\/wp-content\\\/uploads\\\/2022\\\/03\\\/logo-euroco.png\",\"width\":1231,\"height\":501,\"caption\":\"Euroco\"},\"image\":{\"@id\":\"https:\\\/\\\/www.euroco.fr\\\/fr\\\/#\\\/schema\\\/logo\\\/image\\\/\"}}]}<\/script>\n<!-- \/ Yoast SEO plugin. -->","yoast_head_json":{"title":"Biscuits bretons Filet bleu - Euroco","robots":{"index":"index","follow":"follow","max-snippet":"max-snippet:-1","max-image-preview":"max-image-preview:large","max-video-preview":"max-video-preview:-1"},"canonical":"https:\/\/www.euroco.fr\/fr\/produit\/biscuits-bretons-filet-bleu\/","og_locale":"fr_FR","og_type":"article","og_title":"Biscuits bretons Filet bleu - Euroco","og_description":"Typique biscuit breton conventionnel, bio et fairtrade, en etui carton ou m\u00e9lange en boite fer. Pr\u00e9sent dans de nombreux pays, un design tr\u00e8s chic \u00e0 la fran\u00e7aise.","og_url":"https:\/\/www.euroco.fr\/fr\/produit\/biscuits-bretons-filet-bleu\/","og_site_name":"Euroco","og_image":[{"width":1754,"height":1240,"url":"https:\/\/www.euroco.fr\/wp-content\/uploads\/2022\/11\/Filet-bleu.jpg","type":"image\/jpeg"}],"twitter_card":"summary_large_image","twitter_misc":{"Dur\u00e9e de lecture estim\u00e9e":"1 minute"},"schema":{"@context":"https:\/\/schema.org","@graph":[{"@type":"WebPage","@id":"https:\/\/www.euroco.fr\/fr\/produit\/biscuits-bretons-filet-bleu\/","url":"https:\/\/www.euroco.fr\/fr\/produit\/biscuits-bretons-filet-bleu\/","name":"Biscuits bretons Filet bleu - Euroco","isPartOf":{"@id":"https:\/\/www.euroco.fr\/fr\/#website"},"primaryImageOfPage":{"@id":"https:\/\/www.euroco.fr\/fr\/produit\/biscuits-bretons-filet-bleu\/#primaryimage"},"image":{"@id":"https:\/\/www.euroco.fr\/fr\/produit\/biscuits-bretons-filet-bleu\/#primaryimage"},"thumbnailUrl":"https:\/\/www.euroco.fr\/wp-content\/uploads\/2022\/11\/Filet-bleu.jpg","datePublished":"2022-11-17T16:08:32+00:00","breadcrumb":{"@id":"https:\/\/www.euroco.fr\/fr\/produit\/biscuits-bretons-filet-bleu\/#breadcrumb"},"inLanguage":"fr-FR","potentialAction":[{"@type":"ReadAction","target":["https:\/\/www.euroco.fr\/fr\/produit\/biscuits-bretons-filet-bleu\/"]}]},{"@type":"ImageObject","inLanguage":"fr-FR","@id":"https:\/\/www.euroco.fr\/fr\/produit\/biscuits-bretons-filet-bleu\/#primaryimage","url":"https:\/\/www.euroco.fr\/wp-content\/uploads\/2022\/11\/Filet-bleu.jpg","contentUrl":"https:\/\/www.euroco.fr\/wp-content\/uploads\/2022\/11\/Filet-bleu.jpg","width":1754,"height":1240},{"@type":"BreadcrumbList","@id":"https:\/\/www.euroco.fr\/fr\/produit\/biscuits-bretons-filet-bleu\/#breadcrumb","itemListElement":[{"@type":"ListItem","position":1,"name":"Accueil","item":"https:\/\/www.euroco.fr\/fr\/"},{"@type":"ListItem","position":2,"name":"Les Produits","item":"https:\/\/www.euroco.fr\/fr\/boutique\/"},{"@type":"ListItem","position":3,"name":"Biscuits bretons Filet bleu"}]},{"@type":"WebSite","@id":"https:\/\/www.euroco.fr\/fr\/#website","url":"https:\/\/www.euroco.fr\/fr\/","name":"Euroco","description":"The French food supplier","publisher":{"@id":"https:\/\/www.euroco.fr\/fr\/#organization"},"potentialAction":[{"@type":"SearchAction","target":{"@type":"EntryPoint","urlTemplate":"https:\/\/www.euroco.fr\/fr\/?s={search_term_string}"},"query-input":{"@type":"PropertyValueSpecification","valueRequired":true,"valueName":"search_term_string"}}],"inLanguage":"fr-FR"},{"@type":"Organization","@id":"https:\/\/www.euroco.fr\/fr\/#organization","name":"Euroco","url":"https:\/\/www.euroco.fr\/fr\/","logo":{"@type":"ImageObject","inLanguage":"fr-FR","@id":"https:\/\/www.euroco.fr\/fr\/#\/schema\/logo\/image\/","url":"https:\/\/www.euroco.fr\/wp-content\/uploads\/2022\/03\/logo-euroco.png","contentUrl":"https:\/\/www.euroco.fr\/wp-content\/uploads\/2022\/03\/logo-euroco.png","width":1231,"height":501,"caption":"Euroco"},"image":{"@id":"https:\/\/www.euroco.fr\/fr\/#\/schema\/logo\/image\/"}}]}},"brands":[{"id":78,"name":"Biscuits Filet Bleu","slug":"biscuits-filet-bleu"}],"_links":{"self":[{"href":"https:\/\/www.euroco.fr\/fr\/wp-json\/wp\/v2\/product\/1926","targetHints":{"allow":["GET"]}}],"collection":[{"href":"https:\/\/www.euroco.fr\/fr\/wp-json\/wp\/v2\/product"}],"about":[{"href":"https:\/\/www.euroco.fr\/fr\/wp-json\/wp\/v2\/types\/product"}],"wp:featuredmedia":[{"embeddable":true,"href":"https:\/\/www.euroco.fr\/fr\/wp-json\/wp\/v2\/media\/1910"}],"wp:attachment":[{"href":"https:\/\/www.euroco.fr\/fr\/wp-json\/wp\/v2\/media?parent=1926"}],"wp:term":[{"taxonomy":"pwb-brand","embeddable":true,"href":"https:\/\/www.euroco.fr\/fr\/wp-json\/wp\/v2\/pwb-brand?post=1926"},{"taxonomy":"product_brand","embeddable":true,"href":"https:\/\/www.euroco.fr\/fr\/wp-json\/wp\/v2\/product_brand?post=1926"},{"taxonomy":"product_cat","embeddable":true,"href":"https:\/\/www.euroco.fr\/fr\/wp-json\/wp\/v2\/product_cat?post=1926"},{"taxonomy":"product_tag","embeddable":true,"href":"https:\/\/www.euroco.fr\/fr\/wp-json\/wp\/v2\/product_tag?post=1926"}],"curies":[{"name":"wp","href":"https:\/\/api.w.org\/{rel}","templated":true}]}}