{"id":1923,"date":"2022-11-17T17:01:57","date_gmt":"2022-11-17T16:01:57","guid":{"rendered":"https:\/\/www.euroco.fr\/?post_type=product&#038;p=1923"},"modified":"2023-01-02T15:09:58","modified_gmt":"2023-01-02T14:09:58","slug":"boudoirs-et-biscuits-cantreau","status":"publish","type":"product","link":"https:\/\/www.euroco.fr\/fr\/produit\/boudoirs-et-biscuits-cantreau\/","title":{"rendered":"Boudoirs et biscuits Cantreau"},"content":{"rendered":"<p>Biscuits BOUVARD est une soci\u00e9t\u00e9 fran\u00e7aise situ\u00e9e en Vend\u00e9e et cr\u00e9\u00e9e en 1920.<\/p>\n<p>Tout au long des ann\u00e9es, les propri\u00e9taires ont d\u00e9velopp\u00e9 une large gamme de biscuits, du fameux boudoirs et cuiller aux biscuits sucr\u00e9s, biscuits biologiques ainsi que pr\u00eat \u00e0 remplir les p\u00e2tisseries, qui ravissent les enfants et les adultes.<\/p>\n<p>Les recettes sont constamment am\u00e9lior\u00e9es et faites avec des ingr\u00e9dients de premi\u00e8re qualit\u00e9. Aujourd\u2019hui nous vous proposons les boudoir et le cuiller biscuits.<\/p>\n<p>Le boudoir est plus croustillant et juste enduit de sucre fin tandis que le cuiller est plus doux et enduit de sucre glac\u00e9.<\/p>\n<p>Servez avec du caf\u00e9 ou du th\u00e9, ou pr\u00e9parez de d\u00e9licieuses p\u00e2tisseries comme la charlotte aux fraises, le tiramisu, ou cr\u00e9ez votre propre recette.<\/p>\n","protected":false},"excerpt":{"rendered":"<p>Biscuits BOUVARD est une soci\u00e9t\u00e9 fran\u00e7aise situ\u00e9e en Vend\u00e9e et cr\u00e9\u00e9e en 1920. Tout au long des ann\u00e9es, les propri\u00e9taires ont d\u00e9velopp\u00e9 une large gamme de biscuits, du fameux boudoirs et cuiller aux biscuits sucr\u00e9s, biscuits biologiques ainsi que pr\u00eat \u00e0 remplir les p\u00e2tisseries, qui ravissent les enfants et les adultes. Les recettes sont constamment [&hellip;]<\/p>\n","protected":false},"featured_media":1916,"template":"","meta":{"_acf_changed":false,"_et_pb_use_builder":"","_et_pb_old_content":"","_et_gb_content_width":""},"pwb-brand":[67],"product_brand":[],"product_cat":[44],"product_tag":[],"class_list":{"0":"post-1923","1":"product","2":"type-product","3":"status-publish","4":"has-post-thumbnail","6":"pwb-brand-cantreau","7":"product_cat-biscuits-fr","9":"first","10":"instock","11":"shipping-taxable","12":"product-type-simple"},"acf":[],"yoast_head":"<!-- This site is optimized with the Yoast SEO plugin v27.4 - https:\/\/yoast.com\/product\/yoast-seo-wordpress\/ -->\n<title>Boudoirs et biscuits Cantreau - Euroco<\/title>\n<meta name=\"robots\" content=\"index, follow, max-snippet:-1, max-image-preview:large, max-video-preview:-1\" \/>\n<link rel=\"canonical\" href=\"https:\/\/www.euroco.fr\/fr\/produit\/boudoirs-et-biscuits-cantreau\/\" \/>\n<meta property=\"og:locale\" content=\"fr_FR\" \/>\n<meta property=\"og:type\" content=\"article\" \/>\n<meta property=\"og:title\" content=\"Boudoirs et biscuits Cantreau - Euroco\" \/>\n<meta property=\"og:description\" content=\"Biscuits BOUVARD est une soci\u00e9t\u00e9 fran\u00e7aise situ\u00e9e en Vend\u00e9e et cr\u00e9\u00e9e en 1920. Tout au long des ann\u00e9es, les propri\u00e9taires ont d\u00e9velopp\u00e9 une large gamme de biscuits, du fameux boudoirs et cuiller aux biscuits sucr\u00e9s, biscuits biologiques ainsi que pr\u00eat \u00e0 remplir les p\u00e2tisseries, qui ravissent les enfants et les adultes. Les recettes sont constamment [&hellip;]\" \/>\n<meta property=\"og:url\" content=\"https:\/\/www.euroco.fr\/fr\/produit\/boudoirs-et-biscuits-cantreau\/\" \/>\n<meta property=\"og:site_name\" content=\"Euroco\" \/>\n<meta property=\"article:modified_time\" content=\"2023-01-02T14:09:58+00:00\" \/>\n<meta property=\"og:image\" content=\"https:\/\/www.euroco.fr\/wp-content\/uploads\/2022\/11\/cantreau-boudoir-400G-scaled.jpg\" \/>\n\t<meta property=\"og:image:width\" content=\"2160\" \/>\n\t<meta property=\"og:image:height\" content=\"2880\" \/>\n\t<meta property=\"og:image:type\" content=\"image\/jpeg\" \/>\n<meta name=\"twitter:card\" content=\"summary_large_image\" \/>\n<meta name=\"twitter:label1\" content=\"Dur\u00e9e de lecture estim\u00e9e\" \/>\n\t<meta name=\"twitter:data1\" content=\"1 minute\" \/>\n<script type=\"application\/ld+json\" class=\"yoast-schema-graph\">{\"@context\":\"https:\\\/\\\/schema.org\",\"@graph\":[{\"@type\":\"WebPage\",\"@id\":\"https:\\\/\\\/www.euroco.fr\\\/fr\\\/produit\\\/boudoirs-et-biscuits-cantreau\\\/\",\"url\":\"https:\\\/\\\/www.euroco.fr\\\/fr\\\/produit\\\/boudoirs-et-biscuits-cantreau\\\/\",\"name\":\"Boudoirs et biscuits Cantreau - Euroco\",\"isPartOf\":{\"@id\":\"https:\\\/\\\/www.euroco.fr\\\/fr\\\/#website\"},\"primaryImageOfPage\":{\"@id\":\"https:\\\/\\\/www.euroco.fr\\\/fr\\\/produit\\\/boudoirs-et-biscuits-cantreau\\\/#primaryimage\"},\"image\":{\"@id\":\"https:\\\/\\\/www.euroco.fr\\\/fr\\\/produit\\\/boudoirs-et-biscuits-cantreau\\\/#primaryimage\"},\"thumbnailUrl\":\"https:\\\/\\\/www.euroco.fr\\\/wp-content\\\/uploads\\\/2022\\\/11\\\/cantreau-boudoir-400G-scaled.jpg\",\"datePublished\":\"2022-11-17T16:01:57+00:00\",\"dateModified\":\"2023-01-02T14:09:58+00:00\",\"breadcrumb\":{\"@id\":\"https:\\\/\\\/www.euroco.fr\\\/fr\\\/produit\\\/boudoirs-et-biscuits-cantreau\\\/#breadcrumb\"},\"inLanguage\":\"fr-FR\",\"potentialAction\":[{\"@type\":\"ReadAction\",\"target\":[\"https:\\\/\\\/www.euroco.fr\\\/fr\\\/produit\\\/boudoirs-et-biscuits-cantreau\\\/\"]}]},{\"@type\":\"ImageObject\",\"inLanguage\":\"fr-FR\",\"@id\":\"https:\\\/\\\/www.euroco.fr\\\/fr\\\/produit\\\/boudoirs-et-biscuits-cantreau\\\/#primaryimage\",\"url\":\"https:\\\/\\\/www.euroco.fr\\\/wp-content\\\/uploads\\\/2022\\\/11\\\/cantreau-boudoir-400G-scaled.jpg\",\"contentUrl\":\"https:\\\/\\\/www.euroco.fr\\\/wp-content\\\/uploads\\\/2022\\\/11\\\/cantreau-boudoir-400G-scaled.jpg\",\"width\":2160,\"height\":2880},{\"@type\":\"BreadcrumbList\",\"@id\":\"https:\\\/\\\/www.euroco.fr\\\/fr\\\/produit\\\/boudoirs-et-biscuits-cantreau\\\/#breadcrumb\",\"itemListElement\":[{\"@type\":\"ListItem\",\"position\":1,\"name\":\"Accueil\",\"item\":\"https:\\\/\\\/www.euroco.fr\\\/fr\\\/\"},{\"@type\":\"ListItem\",\"position\":2,\"name\":\"Les Produits\",\"item\":\"https:\\\/\\\/www.euroco.fr\\\/fr\\\/boutique\\\/\"},{\"@type\":\"ListItem\",\"position\":3,\"name\":\"Boudoirs et biscuits Cantreau\"}]},{\"@type\":\"WebSite\",\"@id\":\"https:\\\/\\\/www.euroco.fr\\\/fr\\\/#website\",\"url\":\"https:\\\/\\\/www.euroco.fr\\\/fr\\\/\",\"name\":\"Euroco\",\"description\":\"The French food supplier\",\"publisher\":{\"@id\":\"https:\\\/\\\/www.euroco.fr\\\/fr\\\/#organization\"},\"potentialAction\":[{\"@type\":\"SearchAction\",\"target\":{\"@type\":\"EntryPoint\",\"urlTemplate\":\"https:\\\/\\\/www.euroco.fr\\\/fr\\\/?s={search_term_string}\"},\"query-input\":{\"@type\":\"PropertyValueSpecification\",\"valueRequired\":true,\"valueName\":\"search_term_string\"}}],\"inLanguage\":\"fr-FR\"},{\"@type\":\"Organization\",\"@id\":\"https:\\\/\\\/www.euroco.fr\\\/fr\\\/#organization\",\"name\":\"Euroco\",\"url\":\"https:\\\/\\\/www.euroco.fr\\\/fr\\\/\",\"logo\":{\"@type\":\"ImageObject\",\"inLanguage\":\"fr-FR\",\"@id\":\"https:\\\/\\\/www.euroco.fr\\\/fr\\\/#\\\/schema\\\/logo\\\/image\\\/\",\"url\":\"https:\\\/\\\/www.euroco.fr\\\/wp-content\\\/uploads\\\/2022\\\/03\\\/logo-euroco.png\",\"contentUrl\":\"https:\\\/\\\/www.euroco.fr\\\/wp-content\\\/uploads\\\/2022\\\/03\\\/logo-euroco.png\",\"width\":1231,\"height\":501,\"caption\":\"Euroco\"},\"image\":{\"@id\":\"https:\\\/\\\/www.euroco.fr\\\/fr\\\/#\\\/schema\\\/logo\\\/image\\\/\"}}]}<\/script>\n<!-- \/ Yoast SEO plugin. -->","yoast_head_json":{"title":"Boudoirs et biscuits Cantreau - Euroco","robots":{"index":"index","follow":"follow","max-snippet":"max-snippet:-1","max-image-preview":"max-image-preview:large","max-video-preview":"max-video-preview:-1"},"canonical":"https:\/\/www.euroco.fr\/fr\/produit\/boudoirs-et-biscuits-cantreau\/","og_locale":"fr_FR","og_type":"article","og_title":"Boudoirs et biscuits Cantreau - Euroco","og_description":"Biscuits BOUVARD est une soci\u00e9t\u00e9 fran\u00e7aise situ\u00e9e en Vend\u00e9e et cr\u00e9\u00e9e en 1920. Tout au long des ann\u00e9es, les propri\u00e9taires ont d\u00e9velopp\u00e9 une large gamme de biscuits, du fameux boudoirs et cuiller aux biscuits sucr\u00e9s, biscuits biologiques ainsi que pr\u00eat \u00e0 remplir les p\u00e2tisseries, qui ravissent les enfants et les adultes. Les recettes sont constamment [&hellip;]","og_url":"https:\/\/www.euroco.fr\/fr\/produit\/boudoirs-et-biscuits-cantreau\/","og_site_name":"Euroco","article_modified_time":"2023-01-02T14:09:58+00:00","og_image":[{"width":2160,"height":2880,"url":"https:\/\/www.euroco.fr\/wp-content\/uploads\/2022\/11\/cantreau-boudoir-400G-scaled.jpg","type":"image\/jpeg"}],"twitter_card":"summary_large_image","twitter_misc":{"Dur\u00e9e de lecture estim\u00e9e":"1 minute"},"schema":{"@context":"https:\/\/schema.org","@graph":[{"@type":"WebPage","@id":"https:\/\/www.euroco.fr\/fr\/produit\/boudoirs-et-biscuits-cantreau\/","url":"https:\/\/www.euroco.fr\/fr\/produit\/boudoirs-et-biscuits-cantreau\/","name":"Boudoirs et biscuits Cantreau - Euroco","isPartOf":{"@id":"https:\/\/www.euroco.fr\/fr\/#website"},"primaryImageOfPage":{"@id":"https:\/\/www.euroco.fr\/fr\/produit\/boudoirs-et-biscuits-cantreau\/#primaryimage"},"image":{"@id":"https:\/\/www.euroco.fr\/fr\/produit\/boudoirs-et-biscuits-cantreau\/#primaryimage"},"thumbnailUrl":"https:\/\/www.euroco.fr\/wp-content\/uploads\/2022\/11\/cantreau-boudoir-400G-scaled.jpg","datePublished":"2022-11-17T16:01:57+00:00","dateModified":"2023-01-02T14:09:58+00:00","breadcrumb":{"@id":"https:\/\/www.euroco.fr\/fr\/produit\/boudoirs-et-biscuits-cantreau\/#breadcrumb"},"inLanguage":"fr-FR","potentialAction":[{"@type":"ReadAction","target":["https:\/\/www.euroco.fr\/fr\/produit\/boudoirs-et-biscuits-cantreau\/"]}]},{"@type":"ImageObject","inLanguage":"fr-FR","@id":"https:\/\/www.euroco.fr\/fr\/produit\/boudoirs-et-biscuits-cantreau\/#primaryimage","url":"https:\/\/www.euroco.fr\/wp-content\/uploads\/2022\/11\/cantreau-boudoir-400G-scaled.jpg","contentUrl":"https:\/\/www.euroco.fr\/wp-content\/uploads\/2022\/11\/cantreau-boudoir-400G-scaled.jpg","width":2160,"height":2880},{"@type":"BreadcrumbList","@id":"https:\/\/www.euroco.fr\/fr\/produit\/boudoirs-et-biscuits-cantreau\/#breadcrumb","itemListElement":[{"@type":"ListItem","position":1,"name":"Accueil","item":"https:\/\/www.euroco.fr\/fr\/"},{"@type":"ListItem","position":2,"name":"Les Produits","item":"https:\/\/www.euroco.fr\/fr\/boutique\/"},{"@type":"ListItem","position":3,"name":"Boudoirs et biscuits Cantreau"}]},{"@type":"WebSite","@id":"https:\/\/www.euroco.fr\/fr\/#website","url":"https:\/\/www.euroco.fr\/fr\/","name":"Euroco","description":"The French food supplier","publisher":{"@id":"https:\/\/www.euroco.fr\/fr\/#organization"},"potentialAction":[{"@type":"SearchAction","target":{"@type":"EntryPoint","urlTemplate":"https:\/\/www.euroco.fr\/fr\/?s={search_term_string}"},"query-input":{"@type":"PropertyValueSpecification","valueRequired":true,"valueName":"search_term_string"}}],"inLanguage":"fr-FR"},{"@type":"Organization","@id":"https:\/\/www.euroco.fr\/fr\/#organization","name":"Euroco","url":"https:\/\/www.euroco.fr\/fr\/","logo":{"@type":"ImageObject","inLanguage":"fr-FR","@id":"https:\/\/www.euroco.fr\/fr\/#\/schema\/logo\/image\/","url":"https:\/\/www.euroco.fr\/wp-content\/uploads\/2022\/03\/logo-euroco.png","contentUrl":"https:\/\/www.euroco.fr\/wp-content\/uploads\/2022\/03\/logo-euroco.png","width":1231,"height":501,"caption":"Euroco"},"image":{"@id":"https:\/\/www.euroco.fr\/fr\/#\/schema\/logo\/image\/"}}]}},"brands":[{"id":67,"name":"Cantreau","slug":"cantreau"}],"_links":{"self":[{"href":"https:\/\/www.euroco.fr\/fr\/wp-json\/wp\/v2\/product\/1923","targetHints":{"allow":["GET"]}}],"collection":[{"href":"https:\/\/www.euroco.fr\/fr\/wp-json\/wp\/v2\/product"}],"about":[{"href":"https:\/\/www.euroco.fr\/fr\/wp-json\/wp\/v2\/types\/product"}],"wp:featuredmedia":[{"embeddable":true,"href":"https:\/\/www.euroco.fr\/fr\/wp-json\/wp\/v2\/media\/1916"}],"wp:attachment":[{"href":"https:\/\/www.euroco.fr\/fr\/wp-json\/wp\/v2\/media?parent=1923"}],"wp:term":[{"taxonomy":"pwb-brand","embeddable":true,"href":"https:\/\/www.euroco.fr\/fr\/wp-json\/wp\/v2\/pwb-brand?post=1923"},{"taxonomy":"product_brand","embeddable":true,"href":"https:\/\/www.euroco.fr\/fr\/wp-json\/wp\/v2\/product_brand?post=1923"},{"taxonomy":"product_cat","embeddable":true,"href":"https:\/\/www.euroco.fr\/fr\/wp-json\/wp\/v2\/product_cat?post=1923"},{"taxonomy":"product_tag","embeddable":true,"href":"https:\/\/www.euroco.fr\/fr\/wp-json\/wp\/v2\/product_tag?post=1923"}],"curies":[{"name":"wp","href":"https:\/\/api.w.org\/{rel}","templated":true}]}}