{"id":15152,"date":"2026-04-23T14:58:56","date_gmt":"2026-04-23T12:58:56","guid":{"rendered":"https:\/\/www.euroco.fr\/?post_type=product&#038;p=15152"},"modified":"2026-04-23T15:12:33","modified_gmt":"2026-04-23T13:12:33","slug":"maison-moulin","status":"publish","type":"product","link":"https:\/\/www.euroco.fr\/fr\/produit\/maison-moulin\/","title":{"rendered":"MAISON MOULIN \u00e9pices de l&rsquo;oc\u00e9an Indien"},"content":{"rendered":"<p>La maison MOULIN est fond\u00e9e en 1903 \u00e0 Carpentras, en plein c\u0153ur de la r\u00e9gion trufficole du Comtat Venaissin. Son fondateur Laurent Moulin se sp\u00e9cialise dans les truffes fra\u00eeches.<\/p>\n<p>En 1970, lors d\u2019un voyage \u00e0 Madagascar, Pierre Moulin, fils de Laurent Moulin, d\u00e9couvre le poivre vert. cette vari\u00e9t\u00e9 est alors inconnu en Occident. Il d\u00e9veloppe une conserve de poivre vert appertis\u00e9e, qui rencontre un succ\u00e8s imm\u00e9diat.<\/p>\n<p>C&rsquo;est en 1979 que Fran\u00e7ois Moulin, troisi\u00e8me g\u00e9n\u00e9ration, int\u00e8gre l\u2019entreprise. Apr\u00e8s un s\u00e9jour d&rsquo;observation et de d\u00e9couverte \u00e0 Madagascar et aux \u00celes Mascareignes, il enrichit la gamme avec les Baies Roses au vinaigre et le M\u00e9lange Gourmet.<\/p>\n<p><strong>La Philosophie<\/strong> de la maison MOULIN :<\/p>\n<ul>\n<li><strong>S\u00e9lection rigoureuse<\/strong> : Truffes m\u00e9lanosporum (P\u00e9rigord) et poivre vert de Madagascar, r\u00e9put\u00e9 pour sa qualit\u00e9 exceptionnelle.<\/li>\n<li><strong>Conservation naturelle<\/strong> : Utilisation de techniques modernes de st\u00e9rilisation, sans additifs chimiques.<\/li>\n<\/ul>\n","protected":false},"excerpt":{"rendered":"<p>La maison MOULIN est fond\u00e9e en 1903 \u00e0 Carpentras, en plein c\u0153ur de la r\u00e9gion trufficole du Comtat Venaissin. Son fondateur Laurent Moulin se sp\u00e9cialise dans les truffes fra\u00eeches. En 1970, lors d\u2019un voyage \u00e0 Madagascar, Pierre Moulin, fils de Laurent Moulin, d\u00e9couvre le poivre vert. cette vari\u00e9t\u00e9 est alors inconnu en Occident. Il d\u00e9veloppe [&hellip;]<\/p>\n","protected":false},"featured_media":15154,"template":"","meta":{"_acf_changed":false,"_et_pb_use_builder":"","_et_pb_old_content":"","_et_gb_content_width":""},"pwb-brand":[],"product_brand":[],"product_cat":[51],"product_tag":[680,679],"class_list":{"0":"post-15152","1":"product","2":"type-product","3":"status-publish","4":"has-post-thumbnail","6":"product_cat-epicerie","7":"product_tag-green-peppercorn","8":"product_tag-poivre-vert","10":"first","11":"instock","12":"shipping-taxable","13":"product-type-simple"},"acf":[],"yoast_head":"<!-- This site is optimized with the Yoast SEO plugin v27.4 - https:\/\/yoast.com\/product\/yoast-seo-wordpress\/ -->\n<title>MAISON MOULIN \u00e9pices de l&#039;oc\u00e9an Indien - Euroco<\/title>\n<meta name=\"description\" content=\"D\u00e9couvrez le poivre vert de Madagascar en saumure de la maison MOULIN, ses saveurs uniques et ses utilisations. Un tr\u00e9sor culinaire \u00e0 essayer absolument !\" \/>\n<meta name=\"robots\" content=\"index, follow, max-snippet:-1, max-image-preview:large, max-video-preview:-1\" \/>\n<link rel=\"canonical\" href=\"https:\/\/www.euroco.fr\/fr\/produit\/maison-moulin\/\" \/>\n<meta property=\"og:locale\" content=\"fr_FR\" \/>\n<meta property=\"og:type\" content=\"article\" \/>\n<meta property=\"og:title\" content=\"MAISON MOULIN \u00e9pices de l&#039;oc\u00e9an Indien - Euroco\" \/>\n<meta property=\"og:description\" content=\"D\u00e9couvrez le poivre vert de Madagascar en saumure de la maison MOULIN, ses saveurs uniques et ses utilisations. Un tr\u00e9sor culinaire \u00e0 essayer absolument !\" \/>\n<meta property=\"og:url\" content=\"https:\/\/www.euroco.fr\/fr\/produit\/maison-moulin\/\" \/>\n<meta property=\"og:site_name\" content=\"Euroco\" \/>\n<meta property=\"article:modified_time\" content=\"2026-04-23T13:12:33+00:00\" \/>\n<meta property=\"og:image\" content=\"https:\/\/www.euroco.fr\/wp-content\/uploads\/2026\/04\/poivre-vert.jpg\" \/>\n\t<meta property=\"og:image:width\" content=\"192\" \/>\n\t<meta property=\"og:image:height\" content=\"192\" \/>\n\t<meta property=\"og:image:type\" content=\"image\/jpeg\" \/>\n<meta name=\"twitter:card\" content=\"summary_large_image\" \/>\n<meta name=\"twitter:label1\" content=\"Dur\u00e9e de lecture estim\u00e9e\" \/>\n\t<meta name=\"twitter:data1\" content=\"1 minute\" \/>\n<script type=\"application\/ld+json\" class=\"yoast-schema-graph\">{\"@context\":\"https:\\\/\\\/schema.org\",\"@graph\":[{\"@type\":\"WebPage\",\"@id\":\"https:\\\/\\\/www.euroco.fr\\\/fr\\\/produit\\\/maison-moulin\\\/\",\"url\":\"https:\\\/\\\/www.euroco.fr\\\/fr\\\/produit\\\/maison-moulin\\\/\",\"name\":\"MAISON MOULIN \u00e9pices de l'oc\u00e9an Indien - Euroco\",\"isPartOf\":{\"@id\":\"https:\\\/\\\/www.euroco.fr\\\/fr\\\/#website\"},\"primaryImageOfPage\":{\"@id\":\"https:\\\/\\\/www.euroco.fr\\\/fr\\\/produit\\\/maison-moulin\\\/#primaryimage\"},\"image\":{\"@id\":\"https:\\\/\\\/www.euroco.fr\\\/fr\\\/produit\\\/maison-moulin\\\/#primaryimage\"},\"thumbnailUrl\":\"https:\\\/\\\/www.euroco.fr\\\/wp-content\\\/uploads\\\/2026\\\/04\\\/poivre-vert.jpg\",\"datePublished\":\"2026-04-23T12:58:56+00:00\",\"dateModified\":\"2026-04-23T13:12:33+00:00\",\"description\":\"D\u00e9couvrez le poivre vert de Madagascar en saumure de la maison MOULIN, ses saveurs uniques et ses utilisations. Un tr\u00e9sor culinaire \u00e0 essayer absolument !\",\"breadcrumb\":{\"@id\":\"https:\\\/\\\/www.euroco.fr\\\/fr\\\/produit\\\/maison-moulin\\\/#breadcrumb\"},\"inLanguage\":\"fr-FR\",\"potentialAction\":[{\"@type\":\"ReadAction\",\"target\":[\"https:\\\/\\\/www.euroco.fr\\\/fr\\\/produit\\\/maison-moulin\\\/\"]}]},{\"@type\":\"ImageObject\",\"inLanguage\":\"fr-FR\",\"@id\":\"https:\\\/\\\/www.euroco.fr\\\/fr\\\/produit\\\/maison-moulin\\\/#primaryimage\",\"url\":\"https:\\\/\\\/www.euroco.fr\\\/wp-content\\\/uploads\\\/2026\\\/04\\\/poivre-vert.jpg\",\"contentUrl\":\"https:\\\/\\\/www.euroco.fr\\\/wp-content\\\/uploads\\\/2026\\\/04\\\/poivre-vert.jpg\",\"width\":192,\"height\":192,\"caption\":\"Moulin poivre vert en saumure\"},{\"@type\":\"BreadcrumbList\",\"@id\":\"https:\\\/\\\/www.euroco.fr\\\/fr\\\/produit\\\/maison-moulin\\\/#breadcrumb\",\"itemListElement\":[{\"@type\":\"ListItem\",\"position\":1,\"name\":\"Accueil\",\"item\":\"https:\\\/\\\/www.euroco.fr\\\/fr\\\/\"},{\"@type\":\"ListItem\",\"position\":2,\"name\":\"Les Produits\",\"item\":\"https:\\\/\\\/www.euroco.fr\\\/fr\\\/boutique\\\/\"},{\"@type\":\"ListItem\",\"position\":3,\"name\":\"MAISON MOULIN \u00e9pices de l&#8217;oc\u00e9an Indien\"}]},{\"@type\":\"WebSite\",\"@id\":\"https:\\\/\\\/www.euroco.fr\\\/fr\\\/#website\",\"url\":\"https:\\\/\\\/www.euroco.fr\\\/fr\\\/\",\"name\":\"Euroco\",\"description\":\"The French food supplier\",\"publisher\":{\"@id\":\"https:\\\/\\\/www.euroco.fr\\\/fr\\\/#organization\"},\"potentialAction\":[{\"@type\":\"SearchAction\",\"target\":{\"@type\":\"EntryPoint\",\"urlTemplate\":\"https:\\\/\\\/www.euroco.fr\\\/fr\\\/?s={search_term_string}\"},\"query-input\":{\"@type\":\"PropertyValueSpecification\",\"valueRequired\":true,\"valueName\":\"search_term_string\"}}],\"inLanguage\":\"fr-FR\"},{\"@type\":\"Organization\",\"@id\":\"https:\\\/\\\/www.euroco.fr\\\/fr\\\/#organization\",\"name\":\"Euroco\",\"url\":\"https:\\\/\\\/www.euroco.fr\\\/fr\\\/\",\"logo\":{\"@type\":\"ImageObject\",\"inLanguage\":\"fr-FR\",\"@id\":\"https:\\\/\\\/www.euroco.fr\\\/fr\\\/#\\\/schema\\\/logo\\\/image\\\/\",\"url\":\"https:\\\/\\\/www.euroco.fr\\\/wp-content\\\/uploads\\\/2022\\\/03\\\/logo-euroco.png\",\"contentUrl\":\"https:\\\/\\\/www.euroco.fr\\\/wp-content\\\/uploads\\\/2022\\\/03\\\/logo-euroco.png\",\"width\":1231,\"height\":501,\"caption\":\"Euroco\"},\"image\":{\"@id\":\"https:\\\/\\\/www.euroco.fr\\\/fr\\\/#\\\/schema\\\/logo\\\/image\\\/\"}}]}<\/script>\n<!-- \/ Yoast SEO plugin. -->","yoast_head_json":{"title":"MAISON MOULIN \u00e9pices de l'oc\u00e9an Indien - Euroco","description":"D\u00e9couvrez le poivre vert de Madagascar en saumure de la maison MOULIN, ses saveurs uniques et ses utilisations. Un tr\u00e9sor culinaire \u00e0 essayer absolument !","robots":{"index":"index","follow":"follow","max-snippet":"max-snippet:-1","max-image-preview":"max-image-preview:large","max-video-preview":"max-video-preview:-1"},"canonical":"https:\/\/www.euroco.fr\/fr\/produit\/maison-moulin\/","og_locale":"fr_FR","og_type":"article","og_title":"MAISON MOULIN \u00e9pices de l'oc\u00e9an Indien - Euroco","og_description":"D\u00e9couvrez le poivre vert de Madagascar en saumure de la maison MOULIN, ses saveurs uniques et ses utilisations. Un tr\u00e9sor culinaire \u00e0 essayer absolument !","og_url":"https:\/\/www.euroco.fr\/fr\/produit\/maison-moulin\/","og_site_name":"Euroco","article_modified_time":"2026-04-23T13:12:33+00:00","og_image":[{"width":192,"height":192,"url":"https:\/\/www.euroco.fr\/wp-content\/uploads\/2026\/04\/poivre-vert.jpg","type":"image\/jpeg"}],"twitter_card":"summary_large_image","twitter_misc":{"Dur\u00e9e de lecture estim\u00e9e":"1 minute"},"schema":{"@context":"https:\/\/schema.org","@graph":[{"@type":"WebPage","@id":"https:\/\/www.euroco.fr\/fr\/produit\/maison-moulin\/","url":"https:\/\/www.euroco.fr\/fr\/produit\/maison-moulin\/","name":"MAISON MOULIN \u00e9pices de l'oc\u00e9an Indien - Euroco","isPartOf":{"@id":"https:\/\/www.euroco.fr\/fr\/#website"},"primaryImageOfPage":{"@id":"https:\/\/www.euroco.fr\/fr\/produit\/maison-moulin\/#primaryimage"},"image":{"@id":"https:\/\/www.euroco.fr\/fr\/produit\/maison-moulin\/#primaryimage"},"thumbnailUrl":"https:\/\/www.euroco.fr\/wp-content\/uploads\/2026\/04\/poivre-vert.jpg","datePublished":"2026-04-23T12:58:56+00:00","dateModified":"2026-04-23T13:12:33+00:00","description":"D\u00e9couvrez le poivre vert de Madagascar en saumure de la maison MOULIN, ses saveurs uniques et ses utilisations. Un tr\u00e9sor culinaire \u00e0 essayer absolument !","breadcrumb":{"@id":"https:\/\/www.euroco.fr\/fr\/produit\/maison-moulin\/#breadcrumb"},"inLanguage":"fr-FR","potentialAction":[{"@type":"ReadAction","target":["https:\/\/www.euroco.fr\/fr\/produit\/maison-moulin\/"]}]},{"@type":"ImageObject","inLanguage":"fr-FR","@id":"https:\/\/www.euroco.fr\/fr\/produit\/maison-moulin\/#primaryimage","url":"https:\/\/www.euroco.fr\/wp-content\/uploads\/2026\/04\/poivre-vert.jpg","contentUrl":"https:\/\/www.euroco.fr\/wp-content\/uploads\/2026\/04\/poivre-vert.jpg","width":192,"height":192,"caption":"Moulin poivre vert en saumure"},{"@type":"BreadcrumbList","@id":"https:\/\/www.euroco.fr\/fr\/produit\/maison-moulin\/#breadcrumb","itemListElement":[{"@type":"ListItem","position":1,"name":"Accueil","item":"https:\/\/www.euroco.fr\/fr\/"},{"@type":"ListItem","position":2,"name":"Les Produits","item":"https:\/\/www.euroco.fr\/fr\/boutique\/"},{"@type":"ListItem","position":3,"name":"MAISON MOULIN \u00e9pices de l&#8217;oc\u00e9an Indien"}]},{"@type":"WebSite","@id":"https:\/\/www.euroco.fr\/fr\/#website","url":"https:\/\/www.euroco.fr\/fr\/","name":"Euroco","description":"The French food supplier","publisher":{"@id":"https:\/\/www.euroco.fr\/fr\/#organization"},"potentialAction":[{"@type":"SearchAction","target":{"@type":"EntryPoint","urlTemplate":"https:\/\/www.euroco.fr\/fr\/?s={search_term_string}"},"query-input":{"@type":"PropertyValueSpecification","valueRequired":true,"valueName":"search_term_string"}}],"inLanguage":"fr-FR"},{"@type":"Organization","@id":"https:\/\/www.euroco.fr\/fr\/#organization","name":"Euroco","url":"https:\/\/www.euroco.fr\/fr\/","logo":{"@type":"ImageObject","inLanguage":"fr-FR","@id":"https:\/\/www.euroco.fr\/fr\/#\/schema\/logo\/image\/","url":"https:\/\/www.euroco.fr\/wp-content\/uploads\/2022\/03\/logo-euroco.png","contentUrl":"https:\/\/www.euroco.fr\/wp-content\/uploads\/2022\/03\/logo-euroco.png","width":1231,"height":501,"caption":"Euroco"},"image":{"@id":"https:\/\/www.euroco.fr\/fr\/#\/schema\/logo\/image\/"}}]}},"brands":[],"_links":{"self":[{"href":"https:\/\/www.euroco.fr\/fr\/wp-json\/wp\/v2\/product\/15152","targetHints":{"allow":["GET"]}}],"collection":[{"href":"https:\/\/www.euroco.fr\/fr\/wp-json\/wp\/v2\/product"}],"about":[{"href":"https:\/\/www.euroco.fr\/fr\/wp-json\/wp\/v2\/types\/product"}],"wp:featuredmedia":[{"embeddable":true,"href":"https:\/\/www.euroco.fr\/fr\/wp-json\/wp\/v2\/media\/15154"}],"wp:attachment":[{"href":"https:\/\/www.euroco.fr\/fr\/wp-json\/wp\/v2\/media?parent=15152"}],"wp:term":[{"taxonomy":"pwb-brand","embeddable":true,"href":"https:\/\/www.euroco.fr\/fr\/wp-json\/wp\/v2\/pwb-brand?post=15152"},{"taxonomy":"product_brand","embeddable":true,"href":"https:\/\/www.euroco.fr\/fr\/wp-json\/wp\/v2\/product_brand?post=15152"},{"taxonomy":"product_cat","embeddable":true,"href":"https:\/\/www.euroco.fr\/fr\/wp-json\/wp\/v2\/product_cat?post=15152"},{"taxonomy":"product_tag","embeddable":true,"href":"https:\/\/www.euroco.fr\/fr\/wp-json\/wp\/v2\/product_tag?post=15152"}],"curies":[{"name":"wp","href":"https:\/\/api.w.org\/{rel}","templated":true}]}}