{"id":14636,"date":"2025-03-27T00:01:50","date_gmt":"2025-03-26T23:01:50","guid":{"rendered":"https:\/\/www.euroco.fr\/?post_type=product&#038;p=14636"},"modified":"2025-03-28T10:17:15","modified_gmt":"2025-03-28T09:17:15","slug":"huilerie-lapalisse","status":"publish","type":"product","link":"https:\/\/www.euroco.fr\/fr\/produit\/huilerie-lapalisse\/","title":{"rendered":"Huilerie de Lapalisse"},"content":{"rendered":"<p>C\u2019est en 1898 que commence l&rsquo;histoire de l&rsquo;huilerie Lapalisse, une v\u00e9ritable aventure familiale, dans le village de Lapalisse et qui continue encore aujourd\u2019hui.<\/p>\n<p>Le ma\u00eetre huilier Abel PAILLARD produit de l\u2019huile de noix, de noisette, de colza grill\u00e9, et de l\u2019huile de lin fine servant au coupage des huiles noit\u00e9es. Les tourteaux transform\u00e9s en farine de lin pharmaceutique servaient \u00e0 la confection des cataplasmes<\/p>\n<p>A partir des ann\u00e9es 50, Abel Charvier, petit-fils du fondateur, met en place une politique d\u2019investissement qui transforme le petit atelier et permet d\u2019augmenter la capacit\u00e9 de capacit\u00e9 de raffinage \u00e0 2000 kg par op\u00e9ration, soit 8000 kg\/24H.<\/p>\n<p>Dans les ann\u00e9es soixante-dix, les investissements continuent avec de nouvelles unit\u00e9s de production \u00e9levant la capacit\u00e9 de trituration jusqu\u2019\u00e0 62 tonnes de graines par 24 heure.<br \/>\nCet essor ne se fait pas au d\u00e9triment de l\u2019unit\u00e9 artisanale qui a b\u00e2ti l\u2019histoire de la famille depuis 4 g\u00e9n\u00e9rations.<\/p>\n<p>En 2012, un incendie ravage l\u2019atelier artisanal originel. Il sera vite reconstruit. Un plan de relance sera mis en place avec le d\u00e9veloppement des ventes en France et \u00e0 l\u2019export, d\u00e9veloppement de la trituration et du conditionnement des huiles biologiques (2015\/16), nouvelle ligne de conditionnement automatis\u00e9e (2018), nouvel atelier de trituration fruits en 2020.<\/p>\n<p>En 2022, l\u2019huilerie de Lapalisse renoue avec les origines. Pour se faire conna\u00eetre et reconna\u00eetre, elle se dote d\u2019une marque forte : ABEL 1898, une marque empreinte de symbolisme, qui s\u2019appuie sur le nom d\u2019Abel PAILLARD, fondateur de l\u2019entreprise et la date d\u2019acquisition du premier moulin \u00e0 Lapalisse.<\/p>\n<p>L\u2019histoire est un \u00e9ternel recommencement !!!<\/p>\n","protected":false},"excerpt":{"rendered":"<p>C\u2019est en 1898 que commence l&rsquo;histoire de l&rsquo;huilerie Lapalisse, une v\u00e9ritable aventure familiale, dans le village de Lapalisse et qui continue encore aujourd\u2019hui. Le ma\u00eetre huilier Abel PAILLARD produit de l\u2019huile de noix, de noisette, de colza grill\u00e9, et de l\u2019huile de lin fine servant au coupage des huiles noit\u00e9es. Les tourteaux transform\u00e9s en farine [&hellip;]<\/p>\n","protected":false},"featured_media":14641,"template":"","meta":{"_acf_changed":false,"_et_pb_use_builder":"","_et_pb_old_content":"","_et_gb_content_width":""},"pwb-brand":[428],"product_brand":[],"product_cat":[51],"product_tag":[431,430,429,452,453],"class_list":{"0":"post-14636","1":"product","2":"type-product","3":"status-publish","4":"has-post-thumbnail","6":"pwb-brand-la-palisse","7":"product_cat-epicerie","8":"product_tag-avocado-oil","9":"product_tag-avocat","10":"product_tag-huile","11":"product_tag-lapalisse","12":"product_tag-organic-oil","14":"first","15":"instock","16":"featured","17":"shipping-taxable","18":"product-type-simple"},"acf":[],"yoast_head":"<!-- This site is optimized with the Yoast SEO plugin v27.4 - https:\/\/yoast.com\/product\/yoast-seo-wordpress\/ -->\n<title>Huilerie de Lapalisse - Euroco<\/title>\n<meta name=\"description\" content=\"L&#039;Huilerie Lapalisse est une histoire familiale depuis 1898 et l&#039;achat d&#039;un moulin \u00e0 Lapalisse pour produire des huiles de fruits \u00e0 coque et de c\u00e9r\u00e9ales.\" \/>\n<meta name=\"robots\" content=\"index, follow, max-snippet:-1, max-image-preview:large, max-video-preview:-1\" \/>\n<link rel=\"canonical\" href=\"https:\/\/www.euroco.fr\/fr\/produit\/huilerie-lapalisse\/\" \/>\n<meta property=\"og:locale\" content=\"fr_FR\" \/>\n<meta property=\"og:type\" content=\"article\" \/>\n<meta property=\"og:title\" content=\"Huilerie de Lapalisse - Euroco\" \/>\n<meta property=\"og:description\" content=\"L&#039;Huilerie Lapalisse est une histoire familiale depuis 1898 et l&#039;achat d&#039;un moulin \u00e0 Lapalisse pour produire des huiles de fruits \u00e0 coque et de c\u00e9r\u00e9ales.\" \/>\n<meta property=\"og:url\" content=\"https:\/\/www.euroco.fr\/fr\/produit\/huilerie-lapalisse\/\" \/>\n<meta property=\"og:site_name\" content=\"Euroco\" \/>\n<meta property=\"article:modified_time\" content=\"2025-03-28T09:17:15+00:00\" \/>\n<meta property=\"og:image\" content=\"https:\/\/www.euroco.fr\/wp-content\/uploads\/2024\/12\/045AVOCAT-BM50-459x1024.png\" \/>\n\t<meta property=\"og:image:width\" content=\"459\" \/>\n\t<meta property=\"og:image:height\" content=\"1024\" \/>\n\t<meta property=\"og:image:type\" content=\"image\/png\" \/>\n<meta name=\"twitter:card\" content=\"summary_large_image\" \/>\n<meta name=\"twitter:label1\" content=\"Dur\u00e9e de lecture estim\u00e9e\" \/>\n\t<meta name=\"twitter:data1\" content=\"2 minutes\" \/>\n<script type=\"application\/ld+json\" class=\"yoast-schema-graph\">{\"@context\":\"https:\\\/\\\/schema.org\",\"@graph\":[{\"@type\":\"WebPage\",\"@id\":\"https:\\\/\\\/www.euroco.fr\\\/fr\\\/produit\\\/huilerie-lapalisse\\\/\",\"url\":\"https:\\\/\\\/www.euroco.fr\\\/fr\\\/produit\\\/huilerie-lapalisse\\\/\",\"name\":\"Huilerie de Lapalisse - Euroco\",\"isPartOf\":{\"@id\":\"https:\\\/\\\/www.euroco.fr\\\/fr\\\/#website\"},\"primaryImageOfPage\":{\"@id\":\"https:\\\/\\\/www.euroco.fr\\\/fr\\\/produit\\\/huilerie-lapalisse\\\/#primaryimage\"},\"image\":{\"@id\":\"https:\\\/\\\/www.euroco.fr\\\/fr\\\/produit\\\/huilerie-lapalisse\\\/#primaryimage\"},\"thumbnailUrl\":\"https:\\\/\\\/www.euroco.fr\\\/wp-content\\\/uploads\\\/2024\\\/12\\\/045AVOCAT-BM50.png\",\"datePublished\":\"2025-03-26T23:01:50+00:00\",\"dateModified\":\"2025-03-28T09:17:15+00:00\",\"description\":\"L'Huilerie Lapalisse est une histoire familiale depuis 1898 et l'achat d'un moulin \u00e0 Lapalisse pour produire des huiles de fruits \u00e0 coque et de c\u00e9r\u00e9ales.\",\"breadcrumb\":{\"@id\":\"https:\\\/\\\/www.euroco.fr\\\/fr\\\/produit\\\/huilerie-lapalisse\\\/#breadcrumb\"},\"inLanguage\":\"fr-FR\",\"potentialAction\":[{\"@type\":\"ReadAction\",\"target\":[\"https:\\\/\\\/www.euroco.fr\\\/fr\\\/produit\\\/huilerie-lapalisse\\\/\"]}]},{\"@type\":\"ImageObject\",\"inLanguage\":\"fr-FR\",\"@id\":\"https:\\\/\\\/www.euroco.fr\\\/fr\\\/produit\\\/huilerie-lapalisse\\\/#primaryimage\",\"url\":\"https:\\\/\\\/www.euroco.fr\\\/wp-content\\\/uploads\\\/2024\\\/12\\\/045AVOCAT-BM50.png\",\"contentUrl\":\"https:\\\/\\\/www.euroco.fr\\\/wp-content\\\/uploads\\\/2024\\\/12\\\/045AVOCAT-BM50.png\",\"width\":2147,\"height\":4795,\"caption\":\"Huilerie Lapalisse\"},{\"@type\":\"BreadcrumbList\",\"@id\":\"https:\\\/\\\/www.euroco.fr\\\/fr\\\/produit\\\/huilerie-lapalisse\\\/#breadcrumb\",\"itemListElement\":[{\"@type\":\"ListItem\",\"position\":1,\"name\":\"Accueil\",\"item\":\"https:\\\/\\\/www.euroco.fr\\\/fr\\\/\"},{\"@type\":\"ListItem\",\"position\":2,\"name\":\"Les Produits\",\"item\":\"https:\\\/\\\/www.euroco.fr\\\/fr\\\/boutique\\\/\"},{\"@type\":\"ListItem\",\"position\":3,\"name\":\"Huilerie de Lapalisse\"}]},{\"@type\":\"WebSite\",\"@id\":\"https:\\\/\\\/www.euroco.fr\\\/fr\\\/#website\",\"url\":\"https:\\\/\\\/www.euroco.fr\\\/fr\\\/\",\"name\":\"Euroco\",\"description\":\"The French food supplier\",\"publisher\":{\"@id\":\"https:\\\/\\\/www.euroco.fr\\\/fr\\\/#organization\"},\"potentialAction\":[{\"@type\":\"SearchAction\",\"target\":{\"@type\":\"EntryPoint\",\"urlTemplate\":\"https:\\\/\\\/www.euroco.fr\\\/fr\\\/?s={search_term_string}\"},\"query-input\":{\"@type\":\"PropertyValueSpecification\",\"valueRequired\":true,\"valueName\":\"search_term_string\"}}],\"inLanguage\":\"fr-FR\"},{\"@type\":\"Organization\",\"@id\":\"https:\\\/\\\/www.euroco.fr\\\/fr\\\/#organization\",\"name\":\"Euroco\",\"url\":\"https:\\\/\\\/www.euroco.fr\\\/fr\\\/\",\"logo\":{\"@type\":\"ImageObject\",\"inLanguage\":\"fr-FR\",\"@id\":\"https:\\\/\\\/www.euroco.fr\\\/fr\\\/#\\\/schema\\\/logo\\\/image\\\/\",\"url\":\"https:\\\/\\\/www.euroco.fr\\\/wp-content\\\/uploads\\\/2022\\\/03\\\/logo-euroco.png\",\"contentUrl\":\"https:\\\/\\\/www.euroco.fr\\\/wp-content\\\/uploads\\\/2022\\\/03\\\/logo-euroco.png\",\"width\":1231,\"height\":501,\"caption\":\"Euroco\"},\"image\":{\"@id\":\"https:\\\/\\\/www.euroco.fr\\\/fr\\\/#\\\/schema\\\/logo\\\/image\\\/\"}}]}<\/script>\n<!-- \/ Yoast SEO plugin. -->","yoast_head_json":{"title":"Huilerie de Lapalisse - Euroco","description":"L'Huilerie Lapalisse est une histoire familiale depuis 1898 et l'achat d'un moulin \u00e0 Lapalisse pour produire des huiles de fruits \u00e0 coque et de c\u00e9r\u00e9ales.","robots":{"index":"index","follow":"follow","max-snippet":"max-snippet:-1","max-image-preview":"max-image-preview:large","max-video-preview":"max-video-preview:-1"},"canonical":"https:\/\/www.euroco.fr\/fr\/produit\/huilerie-lapalisse\/","og_locale":"fr_FR","og_type":"article","og_title":"Huilerie de Lapalisse - Euroco","og_description":"L'Huilerie Lapalisse est une histoire familiale depuis 1898 et l'achat d'un moulin \u00e0 Lapalisse pour produire des huiles de fruits \u00e0 coque et de c\u00e9r\u00e9ales.","og_url":"https:\/\/www.euroco.fr\/fr\/produit\/huilerie-lapalisse\/","og_site_name":"Euroco","article_modified_time":"2025-03-28T09:17:15+00:00","og_image":[{"width":459,"height":1024,"url":"https:\/\/www.euroco.fr\/wp-content\/uploads\/2024\/12\/045AVOCAT-BM50-459x1024.png","type":"image\/png"}],"twitter_card":"summary_large_image","twitter_misc":{"Dur\u00e9e de lecture estim\u00e9e":"2 minutes"},"schema":{"@context":"https:\/\/schema.org","@graph":[{"@type":"WebPage","@id":"https:\/\/www.euroco.fr\/fr\/produit\/huilerie-lapalisse\/","url":"https:\/\/www.euroco.fr\/fr\/produit\/huilerie-lapalisse\/","name":"Huilerie de Lapalisse - Euroco","isPartOf":{"@id":"https:\/\/www.euroco.fr\/fr\/#website"},"primaryImageOfPage":{"@id":"https:\/\/www.euroco.fr\/fr\/produit\/huilerie-lapalisse\/#primaryimage"},"image":{"@id":"https:\/\/www.euroco.fr\/fr\/produit\/huilerie-lapalisse\/#primaryimage"},"thumbnailUrl":"https:\/\/www.euroco.fr\/wp-content\/uploads\/2024\/12\/045AVOCAT-BM50.png","datePublished":"2025-03-26T23:01:50+00:00","dateModified":"2025-03-28T09:17:15+00:00","description":"L'Huilerie Lapalisse est une histoire familiale depuis 1898 et l'achat d'un moulin \u00e0 Lapalisse pour produire des huiles de fruits \u00e0 coque et de c\u00e9r\u00e9ales.","breadcrumb":{"@id":"https:\/\/www.euroco.fr\/fr\/produit\/huilerie-lapalisse\/#breadcrumb"},"inLanguage":"fr-FR","potentialAction":[{"@type":"ReadAction","target":["https:\/\/www.euroco.fr\/fr\/produit\/huilerie-lapalisse\/"]}]},{"@type":"ImageObject","inLanguage":"fr-FR","@id":"https:\/\/www.euroco.fr\/fr\/produit\/huilerie-lapalisse\/#primaryimage","url":"https:\/\/www.euroco.fr\/wp-content\/uploads\/2024\/12\/045AVOCAT-BM50.png","contentUrl":"https:\/\/www.euroco.fr\/wp-content\/uploads\/2024\/12\/045AVOCAT-BM50.png","width":2147,"height":4795,"caption":"Huilerie Lapalisse"},{"@type":"BreadcrumbList","@id":"https:\/\/www.euroco.fr\/fr\/produit\/huilerie-lapalisse\/#breadcrumb","itemListElement":[{"@type":"ListItem","position":1,"name":"Accueil","item":"https:\/\/www.euroco.fr\/fr\/"},{"@type":"ListItem","position":2,"name":"Les Produits","item":"https:\/\/www.euroco.fr\/fr\/boutique\/"},{"@type":"ListItem","position":3,"name":"Huilerie de Lapalisse"}]},{"@type":"WebSite","@id":"https:\/\/www.euroco.fr\/fr\/#website","url":"https:\/\/www.euroco.fr\/fr\/","name":"Euroco","description":"The French food supplier","publisher":{"@id":"https:\/\/www.euroco.fr\/fr\/#organization"},"potentialAction":[{"@type":"SearchAction","target":{"@type":"EntryPoint","urlTemplate":"https:\/\/www.euroco.fr\/fr\/?s={search_term_string}"},"query-input":{"@type":"PropertyValueSpecification","valueRequired":true,"valueName":"search_term_string"}}],"inLanguage":"fr-FR"},{"@type":"Organization","@id":"https:\/\/www.euroco.fr\/fr\/#organization","name":"Euroco","url":"https:\/\/www.euroco.fr\/fr\/","logo":{"@type":"ImageObject","inLanguage":"fr-FR","@id":"https:\/\/www.euroco.fr\/fr\/#\/schema\/logo\/image\/","url":"https:\/\/www.euroco.fr\/wp-content\/uploads\/2022\/03\/logo-euroco.png","contentUrl":"https:\/\/www.euroco.fr\/wp-content\/uploads\/2022\/03\/logo-euroco.png","width":1231,"height":501,"caption":"Euroco"},"image":{"@id":"https:\/\/www.euroco.fr\/fr\/#\/schema\/logo\/image\/"}}]}},"brands":[{"id":428,"name":"Abel","slug":"la-palisse"}],"_links":{"self":[{"href":"https:\/\/www.euroco.fr\/fr\/wp-json\/wp\/v2\/product\/14636","targetHints":{"allow":["GET"]}}],"collection":[{"href":"https:\/\/www.euroco.fr\/fr\/wp-json\/wp\/v2\/product"}],"about":[{"href":"https:\/\/www.euroco.fr\/fr\/wp-json\/wp\/v2\/types\/product"}],"wp:featuredmedia":[{"embeddable":true,"href":"https:\/\/www.euroco.fr\/fr\/wp-json\/wp\/v2\/media\/14641"}],"wp:attachment":[{"href":"https:\/\/www.euroco.fr\/fr\/wp-json\/wp\/v2\/media?parent=14636"}],"wp:term":[{"taxonomy":"pwb-brand","embeddable":true,"href":"https:\/\/www.euroco.fr\/fr\/wp-json\/wp\/v2\/pwb-brand?post=14636"},{"taxonomy":"product_brand","embeddable":true,"href":"https:\/\/www.euroco.fr\/fr\/wp-json\/wp\/v2\/product_brand?post=14636"},{"taxonomy":"product_cat","embeddable":true,"href":"https:\/\/www.euroco.fr\/fr\/wp-json\/wp\/v2\/product_cat?post=14636"},{"taxonomy":"product_tag","embeddable":true,"href":"https:\/\/www.euroco.fr\/fr\/wp-json\/wp\/v2\/product_tag?post=14636"}],"curies":[{"name":"wp","href":"https:\/\/api.w.org\/{rel}","templated":true}]}}