{"id":14232,"date":"2025-04-01T00:01:12","date_gmt":"2025-03-31T22:01:12","guid":{"rendered":"https:\/\/www.euroco.fr\/?post_type=product&#038;p=14232"},"modified":"2025-04-01T09:48:01","modified_gmt":"2025-04-01T07:48:01","slug":"alcool-gelifies-distillerie-du-perigord","status":"publish","type":"product","link":"https:\/\/www.euroco.fr\/fr\/produit\/alcool-gelifies-distillerie-du-perigord\/","title":{"rendered":"Alcools g\u00e9lifi\u00e9s Distillerie du P\u00e9rigord"},"content":{"rendered":"<p>La soci\u00e9t\u00e9 Distillerie du P\u00e9rigord a \u00e9t\u00e9 fond\u00e9 1860 par Emile Lapouge au c\u0153ur du P\u00e9rigord Noir.<br \/>\nHistoriquement, la soci\u00e9t\u00e9 produit des eaux-de-vie qualitatives qui fera sa r\u00e9putation.<br \/>\nA partir des ann\u00e9es 1980, elle se sp\u00e9cialise dans la production de fruits \u00e0 l\u2019alcool destin\u00e9e pour la consommation de bouche ou en vrac pour la transformation industrielle ou artisanale pour les glaciers, chocolatiers et p\u00e2tissiers.<\/p>\n","protected":false},"excerpt":{"rendered":"<p>Distillerie du P\u00e9rigord \u00e0 d\u00e9velopp\u00e9 des eaux-de-vie de fruits qualitatives et \u00e0 partir de 1980 elle se sp\u00e9cialise dans le traitement des fruits \u00e0 l\u2019alcool : produits conditionn\u00e9s pour la consommation de bouche ou en vrac pour la transformation.<\/p>\n","protected":false},"featured_media":14233,"template":"","meta":{"_acf_changed":false,"_et_pb_use_builder":"","_et_pb_old_content":"","_et_gb_content_width":""},"pwb-brand":[268],"product_brand":[],"product_cat":[54],"product_tag":[260,262,261,263],"class_list":{"0":"post-14232","1":"product","2":"type-product","3":"status-publish","4":"has-post-thumbnail","6":"pwb-brand-distillerie-du-perigord","7":"product_cat-patisserie","8":"product_tag-cerie","9":"product_tag-cherrie","10":"product_tag-framboise","11":"product_tag-strawberry","13":"first","14":"instock","15":"featured","16":"shipping-taxable","17":"product-type-simple"},"acf":[],"yoast_head":"<!-- This site is optimized with the Yoast SEO plugin v27.4 - https:\/\/yoast.com\/product\/yoast-seo-wordpress\/ -->\n<title>Alcools g\u00e9lifi\u00e9s Distillerie du P\u00e9rigord - Euroco<\/title>\n<meta name=\"description\" content=\"La distillerie du P\u00e9rigord produit des eaux-de-vie de fruits qualitatives avant de se sp\u00e9cialiser dans les alcools g\u00e9lifi\u00e9s pour professionnels.\" \/>\n<meta name=\"robots\" content=\"index, follow, max-snippet:-1, max-image-preview:large, max-video-preview:-1\" \/>\n<link rel=\"canonical\" href=\"https:\/\/www.euroco.fr\/fr\/produit\/alcool-gelifies-distillerie-du-perigord\/\" \/>\n<meta property=\"og:locale\" content=\"fr_FR\" \/>\n<meta property=\"og:type\" content=\"article\" \/>\n<meta property=\"og:title\" content=\"Alcools g\u00e9lifi\u00e9s Distillerie du P\u00e9rigord - Euroco\" \/>\n<meta property=\"og:description\" content=\"La distillerie du P\u00e9rigord produit des eaux-de-vie de fruits qualitatives avant de se sp\u00e9cialiser dans les alcools g\u00e9lifi\u00e9s pour professionnels.\" \/>\n<meta property=\"og:url\" content=\"https:\/\/www.euroco.fr\/fr\/produit\/alcool-gelifies-distillerie-du-perigord\/\" \/>\n<meta property=\"og:site_name\" content=\"Euroco\" \/>\n<meta property=\"article:modified_time\" content=\"2025-04-01T07:48:01+00:00\" \/>\n<meta property=\"og:image\" content=\"https:\/\/www.euroco.fr\/wp-content\/uploads\/2023\/07\/cerise.jpg\" \/>\n\t<meta property=\"og:image:width\" content=\"278\" \/>\n\t<meta property=\"og:image:height\" content=\"208\" \/>\n\t<meta property=\"og:image:type\" content=\"image\/jpeg\" \/>\n<meta name=\"twitter:card\" content=\"summary_large_image\" \/>\n<meta name=\"twitter:label1\" content=\"Dur\u00e9e de lecture estim\u00e9e\" \/>\n\t<meta name=\"twitter:data1\" content=\"1 minute\" \/>\n<script type=\"application\/ld+json\" class=\"yoast-schema-graph\">{\"@context\":\"https:\\\/\\\/schema.org\",\"@graph\":[{\"@type\":\"WebPage\",\"@id\":\"https:\\\/\\\/www.euroco.fr\\\/fr\\\/produit\\\/alcool-gelifies-distillerie-du-perigord\\\/\",\"url\":\"https:\\\/\\\/www.euroco.fr\\\/fr\\\/produit\\\/alcool-gelifies-distillerie-du-perigord\\\/\",\"name\":\"Alcools g\u00e9lifi\u00e9s Distillerie du P\u00e9rigord - Euroco\",\"isPartOf\":{\"@id\":\"https:\\\/\\\/www.euroco.fr\\\/fr\\\/#website\"},\"primaryImageOfPage\":{\"@id\":\"https:\\\/\\\/www.euroco.fr\\\/fr\\\/produit\\\/alcool-gelifies-distillerie-du-perigord\\\/#primaryimage\"},\"image\":{\"@id\":\"https:\\\/\\\/www.euroco.fr\\\/fr\\\/produit\\\/alcool-gelifies-distillerie-du-perigord\\\/#primaryimage\"},\"thumbnailUrl\":\"https:\\\/\\\/www.euroco.fr\\\/wp-content\\\/uploads\\\/2023\\\/07\\\/cerise.jpg\",\"datePublished\":\"2025-03-31T22:01:12+00:00\",\"dateModified\":\"2025-04-01T07:48:01+00:00\",\"description\":\"La distillerie du P\u00e9rigord produit des eaux-de-vie de fruits qualitatives avant de se sp\u00e9cialiser dans les alcools g\u00e9lifi\u00e9s pour professionnels.\",\"breadcrumb\":{\"@id\":\"https:\\\/\\\/www.euroco.fr\\\/fr\\\/produit\\\/alcool-gelifies-distillerie-du-perigord\\\/#breadcrumb\"},\"inLanguage\":\"fr-FR\",\"potentialAction\":[{\"@type\":\"ReadAction\",\"target\":[\"https:\\\/\\\/www.euroco.fr\\\/fr\\\/produit\\\/alcool-gelifies-distillerie-du-perigord\\\/\"]}]},{\"@type\":\"ImageObject\",\"inLanguage\":\"fr-FR\",\"@id\":\"https:\\\/\\\/www.euroco.fr\\\/fr\\\/produit\\\/alcool-gelifies-distillerie-du-perigord\\\/#primaryimage\",\"url\":\"https:\\\/\\\/www.euroco.fr\\\/wp-content\\\/uploads\\\/2023\\\/07\\\/cerise.jpg\",\"contentUrl\":\"https:\\\/\\\/www.euroco.fr\\\/wp-content\\\/uploads\\\/2023\\\/07\\\/cerise.jpg\",\"width\":278,\"height\":208,\"caption\":\"distillerie du p\u00e9rigord\"},{\"@type\":\"BreadcrumbList\",\"@id\":\"https:\\\/\\\/www.euroco.fr\\\/fr\\\/produit\\\/alcool-gelifies-distillerie-du-perigord\\\/#breadcrumb\",\"itemListElement\":[{\"@type\":\"ListItem\",\"position\":1,\"name\":\"Accueil\",\"item\":\"https:\\\/\\\/www.euroco.fr\\\/fr\\\/\"},{\"@type\":\"ListItem\",\"position\":2,\"name\":\"Les Produits\",\"item\":\"https:\\\/\\\/www.euroco.fr\\\/fr\\\/boutique\\\/\"},{\"@type\":\"ListItem\",\"position\":3,\"name\":\"Alcools g\u00e9lifi\u00e9s Distillerie du P\u00e9rigord\"}]},{\"@type\":\"WebSite\",\"@id\":\"https:\\\/\\\/www.euroco.fr\\\/fr\\\/#website\",\"url\":\"https:\\\/\\\/www.euroco.fr\\\/fr\\\/\",\"name\":\"Euroco\",\"description\":\"The French food supplier\",\"publisher\":{\"@id\":\"https:\\\/\\\/www.euroco.fr\\\/fr\\\/#organization\"},\"potentialAction\":[{\"@type\":\"SearchAction\",\"target\":{\"@type\":\"EntryPoint\",\"urlTemplate\":\"https:\\\/\\\/www.euroco.fr\\\/fr\\\/?s={search_term_string}\"},\"query-input\":{\"@type\":\"PropertyValueSpecification\",\"valueRequired\":true,\"valueName\":\"search_term_string\"}}],\"inLanguage\":\"fr-FR\"},{\"@type\":\"Organization\",\"@id\":\"https:\\\/\\\/www.euroco.fr\\\/fr\\\/#organization\",\"name\":\"Euroco\",\"url\":\"https:\\\/\\\/www.euroco.fr\\\/fr\\\/\",\"logo\":{\"@type\":\"ImageObject\",\"inLanguage\":\"fr-FR\",\"@id\":\"https:\\\/\\\/www.euroco.fr\\\/fr\\\/#\\\/schema\\\/logo\\\/image\\\/\",\"url\":\"https:\\\/\\\/www.euroco.fr\\\/wp-content\\\/uploads\\\/2022\\\/03\\\/logo-euroco.png\",\"contentUrl\":\"https:\\\/\\\/www.euroco.fr\\\/wp-content\\\/uploads\\\/2022\\\/03\\\/logo-euroco.png\",\"width\":1231,\"height\":501,\"caption\":\"Euroco\"},\"image\":{\"@id\":\"https:\\\/\\\/www.euroco.fr\\\/fr\\\/#\\\/schema\\\/logo\\\/image\\\/\"}}]}<\/script>\n<!-- \/ Yoast SEO plugin. -->","yoast_head_json":{"title":"Alcools g\u00e9lifi\u00e9s Distillerie du P\u00e9rigord - Euroco","description":"La distillerie du P\u00e9rigord produit des eaux-de-vie de fruits qualitatives avant de se sp\u00e9cialiser dans les alcools g\u00e9lifi\u00e9s pour professionnels.","robots":{"index":"index","follow":"follow","max-snippet":"max-snippet:-1","max-image-preview":"max-image-preview:large","max-video-preview":"max-video-preview:-1"},"canonical":"https:\/\/www.euroco.fr\/fr\/produit\/alcool-gelifies-distillerie-du-perigord\/","og_locale":"fr_FR","og_type":"article","og_title":"Alcools g\u00e9lifi\u00e9s Distillerie du P\u00e9rigord - Euroco","og_description":"La distillerie du P\u00e9rigord produit des eaux-de-vie de fruits qualitatives avant de se sp\u00e9cialiser dans les alcools g\u00e9lifi\u00e9s pour professionnels.","og_url":"https:\/\/www.euroco.fr\/fr\/produit\/alcool-gelifies-distillerie-du-perigord\/","og_site_name":"Euroco","article_modified_time":"2025-04-01T07:48:01+00:00","og_image":[{"width":278,"height":208,"url":"https:\/\/www.euroco.fr\/wp-content\/uploads\/2023\/07\/cerise.jpg","type":"image\/jpeg"}],"twitter_card":"summary_large_image","twitter_misc":{"Dur\u00e9e de lecture estim\u00e9e":"1 minute"},"schema":{"@context":"https:\/\/schema.org","@graph":[{"@type":"WebPage","@id":"https:\/\/www.euroco.fr\/fr\/produit\/alcool-gelifies-distillerie-du-perigord\/","url":"https:\/\/www.euroco.fr\/fr\/produit\/alcool-gelifies-distillerie-du-perigord\/","name":"Alcools g\u00e9lifi\u00e9s Distillerie du P\u00e9rigord - Euroco","isPartOf":{"@id":"https:\/\/www.euroco.fr\/fr\/#website"},"primaryImageOfPage":{"@id":"https:\/\/www.euroco.fr\/fr\/produit\/alcool-gelifies-distillerie-du-perigord\/#primaryimage"},"image":{"@id":"https:\/\/www.euroco.fr\/fr\/produit\/alcool-gelifies-distillerie-du-perigord\/#primaryimage"},"thumbnailUrl":"https:\/\/www.euroco.fr\/wp-content\/uploads\/2023\/07\/cerise.jpg","datePublished":"2025-03-31T22:01:12+00:00","dateModified":"2025-04-01T07:48:01+00:00","description":"La distillerie du P\u00e9rigord produit des eaux-de-vie de fruits qualitatives avant de se sp\u00e9cialiser dans les alcools g\u00e9lifi\u00e9s pour professionnels.","breadcrumb":{"@id":"https:\/\/www.euroco.fr\/fr\/produit\/alcool-gelifies-distillerie-du-perigord\/#breadcrumb"},"inLanguage":"fr-FR","potentialAction":[{"@type":"ReadAction","target":["https:\/\/www.euroco.fr\/fr\/produit\/alcool-gelifies-distillerie-du-perigord\/"]}]},{"@type":"ImageObject","inLanguage":"fr-FR","@id":"https:\/\/www.euroco.fr\/fr\/produit\/alcool-gelifies-distillerie-du-perigord\/#primaryimage","url":"https:\/\/www.euroco.fr\/wp-content\/uploads\/2023\/07\/cerise.jpg","contentUrl":"https:\/\/www.euroco.fr\/wp-content\/uploads\/2023\/07\/cerise.jpg","width":278,"height":208,"caption":"distillerie du p\u00e9rigord"},{"@type":"BreadcrumbList","@id":"https:\/\/www.euroco.fr\/fr\/produit\/alcool-gelifies-distillerie-du-perigord\/#breadcrumb","itemListElement":[{"@type":"ListItem","position":1,"name":"Accueil","item":"https:\/\/www.euroco.fr\/fr\/"},{"@type":"ListItem","position":2,"name":"Les Produits","item":"https:\/\/www.euroco.fr\/fr\/boutique\/"},{"@type":"ListItem","position":3,"name":"Alcools g\u00e9lifi\u00e9s Distillerie du P\u00e9rigord"}]},{"@type":"WebSite","@id":"https:\/\/www.euroco.fr\/fr\/#website","url":"https:\/\/www.euroco.fr\/fr\/","name":"Euroco","description":"The French food supplier","publisher":{"@id":"https:\/\/www.euroco.fr\/fr\/#organization"},"potentialAction":[{"@type":"SearchAction","target":{"@type":"EntryPoint","urlTemplate":"https:\/\/www.euroco.fr\/fr\/?s={search_term_string}"},"query-input":{"@type":"PropertyValueSpecification","valueRequired":true,"valueName":"search_term_string"}}],"inLanguage":"fr-FR"},{"@type":"Organization","@id":"https:\/\/www.euroco.fr\/fr\/#organization","name":"Euroco","url":"https:\/\/www.euroco.fr\/fr\/","logo":{"@type":"ImageObject","inLanguage":"fr-FR","@id":"https:\/\/www.euroco.fr\/fr\/#\/schema\/logo\/image\/","url":"https:\/\/www.euroco.fr\/wp-content\/uploads\/2022\/03\/logo-euroco.png","contentUrl":"https:\/\/www.euroco.fr\/wp-content\/uploads\/2022\/03\/logo-euroco.png","width":1231,"height":501,"caption":"Euroco"},"image":{"@id":"https:\/\/www.euroco.fr\/fr\/#\/schema\/logo\/image\/"}}]}},"brands":[{"id":268,"name":"Distillerie du P\u00e9rigord","slug":"distillerie-du-perigord"}],"_links":{"self":[{"href":"https:\/\/www.euroco.fr\/fr\/wp-json\/wp\/v2\/product\/14232","targetHints":{"allow":["GET"]}}],"collection":[{"href":"https:\/\/www.euroco.fr\/fr\/wp-json\/wp\/v2\/product"}],"about":[{"href":"https:\/\/www.euroco.fr\/fr\/wp-json\/wp\/v2\/types\/product"}],"wp:featuredmedia":[{"embeddable":true,"href":"https:\/\/www.euroco.fr\/fr\/wp-json\/wp\/v2\/media\/14233"}],"wp:attachment":[{"href":"https:\/\/www.euroco.fr\/fr\/wp-json\/wp\/v2\/media?parent=14232"}],"wp:term":[{"taxonomy":"pwb-brand","embeddable":true,"href":"https:\/\/www.euroco.fr\/fr\/wp-json\/wp\/v2\/pwb-brand?post=14232"},{"taxonomy":"product_brand","embeddable":true,"href":"https:\/\/www.euroco.fr\/fr\/wp-json\/wp\/v2\/product_brand?post=14232"},{"taxonomy":"product_cat","embeddable":true,"href":"https:\/\/www.euroco.fr\/fr\/wp-json\/wp\/v2\/product_cat?post=14232"},{"taxonomy":"product_tag","embeddable":true,"href":"https:\/\/www.euroco.fr\/fr\/wp-json\/wp\/v2\/product_tag?post=14232"}],"curies":[{"name":"wp","href":"https:\/\/api.w.org\/{rel}","templated":true}]}}