{"id":805,"date":"2022-07-06T10:52:46","date_gmt":"2022-07-06T08:52:46","guid":{"rendered":"https:\/\/www.euroco.fr\/?page_id=805"},"modified":"2022-11-13T18:21:14","modified_gmt":"2022-11-13T17:21:14","slug":"logistique-export","status":"publish","type":"page","link":"https:\/\/www.euroco.fr\/fr\/logistique-export\/","title":{"rendered":"Logistique export"},"content":{"rendered":"<p>[et_pb_section fb_built=\u00a0\u00bb1&Prime; _builder_version=\u00a0\u00bb4.16&Prime; _module_preset=\u00a0\u00bbdefault\u00a0\u00bb background_image=\u00a0\u00bbhttps:\/\/www.euroco.fr\/wp-content\/uploads\/2022\/03\/Metiers-photo-scaled.jpg\u00a0\u00bb global_colors_info=\u00a0\u00bb{}\u00a0\u00bb][et_pb_row _builder_version=\u00a0\u00bb4.16&Prime; _module_preset=\u00a0\u00bbdefault\u00a0\u00bb custom_margin=\u00a0\u00bb0px||0px||false|false\u00a0\u00bb custom_padding=\u00a0\u00bb0px||0px||false|false\u00a0\u00bb global_colors_info=\u00a0\u00bb{}\u00a0\u00bb][et_pb_column type=\u00a0\u00bb4_4&Prime; _builder_version=\u00a0\u00bb4.16&Prime; _module_preset=\u00a0\u00bbdefault\u00a0\u00bb global_colors_info=\u00a0\u00bb{}\u00a0\u00bb][et_pb_text _builder_version=\u00a0\u00bb4.16&Prime; _module_preset=\u00a0\u00bbdefault\u00a0\u00bb header_text_color=\u00a0\u00bb#FFFFFF\u00a0\u00bb header_font_size=\u00a0\u00bb90px\u00a0\u00bb global_colors_info=\u00a0\u00bb{}\u00a0\u00bb]<\/p>\n<h1>M\u00e9tiers <\/h1>\n<p>[\/et_pb_text][\/et_pb_column][\/et_pb_row][\/et_pb_section][et_pb_section fb_built=\u00a0\u00bb1&Prime; _builder_version=\u00a0\u00bb4.17.4&Prime; _module_preset=\u00a0\u00bbdefault\u00a0\u00bb custom_margin=\u00a0\u00bb||||false|false\u00a0\u00bb custom_padding=\u00a0\u00bb||0px||false|false\u00a0\u00bb locked=\u00a0\u00bboff\u00a0\u00bb global_colors_info=\u00a0\u00bb{}\u00a0\u00bb][et_pb_row column_structure=\u00a0\u00bb1_2,1_2&Prime; _builder_version=\u00a0\u00bb4.17.4&Prime; _module_preset=\u00a0\u00bbdefault\u00a0\u00bb custom_margin=\u00a0\u00bb||||false|false\u00a0\u00bb custom_padding=\u00a0\u00bb0px||||false|false\u00a0\u00bb global_colors_info=\u00a0\u00bb{}\u00a0\u00bb][et_pb_column type=\u00a0\u00bb1_2&Prime; _builder_version=\u00a0\u00bb4.16&Prime; _module_preset=\u00a0\u00bbdefault\u00a0\u00bb global_colors_info=\u00a0\u00bb{}\u00a0\u00bb][et_pb_image src=\u00a0\u00bbhttps:\/\/www.euroco.fr\/wp-content\/uploads\/2022\/07\/marseille.jpg\u00a0\u00bb title_text=\u00a0\u00bbAerial panoramic view of Major cathedral and houses in Marseille, France\u00a0\u00bb _builder_version=\u00a0\u00bb4.17.4&Prime; _module_preset=\u00a0\u00bbdefault\u00a0\u00bb animation_style=\u00a0\u00bbfade\u00a0\u00bb animation_delay=\u00a0\u00bb600ms\u00a0\u00bb global_colors_info=\u00a0\u00bb{}\u00a0\u00bb][\/et_pb_image][et_pb_text content_last_edited=\u00a0\u00bboff|desktop\u00a0\u00bb _builder_version=\u00a0\u00bb4.19.0&Prime; _module_preset=\u00a0\u00bbdefault\u00a0\u00bb text_font_size=\u00a0\u00bb17px\u00a0\u00bb text_line_height=\u00a0\u00bb1.8em\u00a0\u00bb header_text_color=\u00a0\u00bb#0E72B5&Prime; header_2_text_color=\u00a0\u00bb#0E72B5&Prime; header_2_line_height=\u00a0\u00bb1.5em\u00a0\u00bb text_orientation=\u00a0\u00bbjustified\u00a0\u00bb custom_margin=\u00a0\u00bb||||false|false\u00a0\u00bb custom_padding=\u00a0\u00bb||||false|false\u00a0\u00bb animation_style=\u00a0\u00bbfade\u00a0\u00bb hover_enabled=\u00a0\u00bb0&Prime; global_colors_info=\u00a0\u00bb{}\u00a0\u00bb sticky_enabled=\u00a0\u00bb0&Prime;]<\/p>\n<p>Situ\u00e9e \u00e0 Marseille, aux portes de la Provence, <strong>EUROCO est au c\u0153ur de la logistique multimodale<\/strong> pour l\u2019approche des marchandises par voie terrestre (route et rail) et fluviale et l\u2019exp\u00e9dition export par voie maritime et a\u00e9rienne.<\/p>\n<p>EUROCO organise ses consolidations maritimes export FCL ou LCL \u00e0 partir du <strong>terminal Fos 2XL, qui fait partie des principaux ports europ\u00e9ens en nombre EVP et de tonnages transport\u00e9s.<\/strong> Les containers complets charg\u00e9s directement en usine seront exp\u00e9di\u00e9s depuis le port de sortie le plus proche du lieu de chargement pour r\u00e9duire les co\u00fbts d\u2019approche.<span class=\"Apple-converted-space\">\u00a0<\/span><\/p>\n<p>[\/et_pb_text][\/et_pb_column][et_pb_column type=\u00a0\u00bb1_2&Prime; _builder_version=\u00a0\u00bb4.16&Prime; _module_preset=\u00a0\u00bbdefault\u00a0\u00bb global_colors_info=\u00a0\u00bb{}\u00a0\u00bb][et_pb_text content_last_edited=\u00a0\u00bboff|desktop\u00a0\u00bb _builder_version=\u00a0\u00bb4.19.0&Prime; _module_preset=\u00a0\u00bbdefault\u00a0\u00bb text_font_size=\u00a0\u00bb17px\u00a0\u00bb text_line_height=\u00a0\u00bb1.8em\u00a0\u00bb header_text_color=\u00a0\u00bb#0E72B5&Prime; header_2_text_color=\u00a0\u00bb#0E72B5&Prime; header_2_line_height=\u00a0\u00bb1.5em\u00a0\u00bb text_orientation=\u00a0\u00bbjustified\u00a0\u00bb custom_margin=\u00a0\u00bb||58px||false|false\u00a0\u00bb custom_padding=\u00a0\u00bb||||false|false\u00a0\u00bb animation_style=\u00a0\u00bbfade\u00a0\u00bb hover_enabled=\u00a0\u00bb0&Prime; global_colors_info=\u00a0\u00bb{}\u00a0\u00bb sticky_enabled=\u00a0\u00bb0&Prime;]<\/p>\n<p>EUROCO dispose d\u2019un outil id\u00e9al \u00e0 proximit\u00e9 pour exp\u00e9dier des marchandises en sec, r\u00e9frig\u00e9r\u00e9es ou surgel\u00e9es vers le monde entier selon les incoterms discut\u00e9s avec ses partenaires.<span class=\"Apple-converted-space\">\u00a0<\/span><\/p>\n<p>La <strong>proximit\u00e9 des entrep\u00f4ts de consolidation \u00e0 Marseille<\/strong> permet de contr\u00f4ler l\u2019\u00e9tat des marchandises avant empotage en container maritime.\u00a0La <strong>proximit\u00e9 de l\u2019a\u00e9roport International de Marseille<\/strong> facilite \u00e9galement l\u2019exp\u00e9dition des marchandises par voie a\u00e9rienne pour les exp\u00e9ditions de faible volume de grandes valeurs et\/ou autres exp\u00e9ditions urgentes.<\/p>\n<p><strong>Possibilit\u00e9 d\u2019exp\u00e9dier aussi des a\u00e9roports proches des lieux de productions.<\/strong><\/p>\n<p>[\/et_pb_text][et_pb_image src=\u00a0\u00bbhttps:\/\/www.euroco.fr\/wp-content\/uploads\/2022\/07\/logitistique-multimodale.png\u00a0\u00bb title_text=\u00a0\u00bblogitistique multimodale\u00a0\u00bb _builder_version=\u00a0\u00bb4.17.4&Prime; _module_preset=\u00a0\u00bbdefault\u00a0\u00bb z_index=\u00a0\u00bb1&Prime; custom_margin=\u00a0\u00bb1px|||||\u00a0\u00bb animation_style=\u00a0\u00bbslide\u00a0\u00bb animation_direction=\u00a0\u00bbbottom\u00a0\u00bb animation_delay=\u00a0\u00bb1300ms\u00a0\u00bb animation_intensity_slide=\u00a0\u00bb5%\u00a0\u00bb global_colors_info=\u00a0\u00bb{}\u00a0\u00bb][\/et_pb_image][\/et_pb_column][\/et_pb_row][et_pb_row _builder_version=\u00a0\u00bb4.17.4&Prime; _module_preset=\u00a0\u00bbdefault\u00a0\u00bb global_colors_info=\u00a0\u00bb{}\u00a0\u00bb][et_pb_column type=\u00a0\u00bb4_4&Prime; _builder_version=\u00a0\u00bb4.16&Prime; _module_preset=\u00a0\u00bbdefault\u00a0\u00bb global_colors_info=\u00a0\u00bb{}\u00a0\u00bb][et_pb_button button_url=\u00a0\u00bb@ET-DC@eyJkeW5hbWljIjp0cnVlLCJjb250ZW50IjoicG9zdF9saW5rX3VybF9wYWdlIiwic2V0dGluZ3MiOnsicG9zdF9pZCI6IjYzIn19@\u00a0\u00bb button_text=\u00a0\u00bbContactez-nous\u00a0\u00bb button_alignment=\u00a0\u00bbcenter\u00a0\u00bb _builder_version=\u00a0\u00bb4.17.4&Prime; _dynamic_attributes=\u00a0\u00bbbutton_url\u00a0\u00bb _module_preset=\u00a0\u00bbdefault\u00a0\u00bb custom_button=\u00a0\u00bbon\u00a0\u00bb button_text_color=\u00a0\u00bb#FFFFFF\u00a0\u00bb button_bg_color=\u00a0\u00bb#E66504&Prime; global_colors_info=\u00a0\u00bb{}\u00a0\u00bb][\/et_pb_button][\/et_pb_column][\/et_pb_row][\/et_pb_section]<\/p>\n","protected":false},"excerpt":{"rendered":"<p>M\u00e9tiers Situ\u00e9e \u00e0 Marseille, aux portes de la Provence, EUROCO est au c\u0153ur de la logistique multimodale pour l\u2019approche des marchandises par voie terrestre (route et rail) et fluviale et l\u2019exp\u00e9dition export par voie maritime et a\u00e9rienne. EUROCO organise ses consolidations maritimes export FCL ou LCL \u00e0 partir du terminal Fos 2XL, qui fait partie [&hellip;]<\/p>\n","protected":false},"author":1,"featured_media":0,"parent":0,"menu_order":0,"comment_status":"closed","ping_status":"closed","template":"","meta":{"_acf_changed":false,"_et_pb_use_builder":"on","_et_pb_old_content":"","_et_gb_content_width":"","footnotes":""},"class_list":["post-805","page","type-page","status-publish","hentry"],"acf":[],"yoast_head":"<!-- This site is optimized with the Yoast SEO plugin v27.4 - https:\/\/yoast.com\/product\/yoast-seo-wordpress\/ -->\n<title>Logistique export - Euroco<\/title>\n<meta name=\"robots\" content=\"index, follow, max-snippet:-1, max-image-preview:large, max-video-preview:-1\" \/>\n<link rel=\"canonical\" href=\"https:\/\/www.euroco.fr\/fr\/logistique-export\/\" \/>\n<meta property=\"og:locale\" content=\"fr_FR\" \/>\n<meta property=\"og:type\" content=\"article\" \/>\n<meta property=\"og:title\" content=\"Logistique export - Euroco\" \/>\n<meta property=\"og:description\" content=\"M\u00e9tiers Situ\u00e9e \u00e0 Marseille, aux portes de la Provence, EUROCO est au c\u0153ur de la logistique multimodale pour l\u2019approche des marchandises par voie terrestre (route et rail) et fluviale et l\u2019exp\u00e9dition export par voie maritime et a\u00e9rienne. EUROCO organise ses consolidations maritimes export FCL ou LCL \u00e0 partir du terminal Fos 2XL, qui fait partie [&hellip;]\" \/>\n<meta property=\"og:url\" content=\"https:\/\/www.euroco.fr\/fr\/logistique-export\/\" \/>\n<meta property=\"og:site_name\" content=\"Euroco\" \/>\n<meta property=\"article:modified_time\" content=\"2022-11-13T17:21:14+00:00\" \/>\n<meta name=\"twitter:card\" content=\"summary_large_image\" \/>\n<meta name=\"twitter:label1\" content=\"Dur\u00e9e de lecture estim\u00e9e\" \/>\n\t<meta name=\"twitter:data1\" content=\"2 minutes\" \/>\n<script type=\"application\/ld+json\" class=\"yoast-schema-graph\">{\"@context\":\"https:\\\/\\\/schema.org\",\"@graph\":[{\"@type\":\"WebPage\",\"@id\":\"https:\\\/\\\/www.euroco.fr\\\/fr\\\/logistique-export\\\/\",\"url\":\"https:\\\/\\\/www.euroco.fr\\\/fr\\\/logistique-export\\\/\",\"name\":\"Logistique export - Euroco\",\"isPartOf\":{\"@id\":\"https:\\\/\\\/www.euroco.fr\\\/fr\\\/#website\"},\"datePublished\":\"2022-07-06T08:52:46+00:00\",\"dateModified\":\"2022-11-13T17:21:14+00:00\",\"breadcrumb\":{\"@id\":\"https:\\\/\\\/www.euroco.fr\\\/fr\\\/logistique-export\\\/#breadcrumb\"},\"inLanguage\":\"fr-FR\",\"potentialAction\":[{\"@type\":\"ReadAction\",\"target\":[\"https:\\\/\\\/www.euroco.fr\\\/fr\\\/logistique-export\\\/\"]}]},{\"@type\":\"BreadcrumbList\",\"@id\":\"https:\\\/\\\/www.euroco.fr\\\/fr\\\/logistique-export\\\/#breadcrumb\",\"itemListElement\":[{\"@type\":\"ListItem\",\"position\":1,\"name\":\"Accueil\",\"item\":\"https:\\\/\\\/www.euroco.fr\\\/fr\\\/\"},{\"@type\":\"ListItem\",\"position\":2,\"name\":\"Logistique export\"}]},{\"@type\":\"WebSite\",\"@id\":\"https:\\\/\\\/www.euroco.fr\\\/fr\\\/#website\",\"url\":\"https:\\\/\\\/www.euroco.fr\\\/fr\\\/\",\"name\":\"Euroco\",\"description\":\"The French food supplier\",\"publisher\":{\"@id\":\"https:\\\/\\\/www.euroco.fr\\\/fr\\\/#organization\"},\"potentialAction\":[{\"@type\":\"SearchAction\",\"target\":{\"@type\":\"EntryPoint\",\"urlTemplate\":\"https:\\\/\\\/www.euroco.fr\\\/fr\\\/?s={search_term_string}\"},\"query-input\":{\"@type\":\"PropertyValueSpecification\",\"valueRequired\":true,\"valueName\":\"search_term_string\"}}],\"inLanguage\":\"fr-FR\"},{\"@type\":\"Organization\",\"@id\":\"https:\\\/\\\/www.euroco.fr\\\/fr\\\/#organization\",\"name\":\"Euroco\",\"url\":\"https:\\\/\\\/www.euroco.fr\\\/fr\\\/\",\"logo\":{\"@type\":\"ImageObject\",\"inLanguage\":\"fr-FR\",\"@id\":\"https:\\\/\\\/www.euroco.fr\\\/fr\\\/#\\\/schema\\\/logo\\\/image\\\/\",\"url\":\"https:\\\/\\\/www.euroco.fr\\\/wp-content\\\/uploads\\\/2022\\\/03\\\/logo-euroco.png\",\"contentUrl\":\"https:\\\/\\\/www.euroco.fr\\\/wp-content\\\/uploads\\\/2022\\\/03\\\/logo-euroco.png\",\"width\":1231,\"height\":501,\"caption\":\"Euroco\"},\"image\":{\"@id\":\"https:\\\/\\\/www.euroco.fr\\\/fr\\\/#\\\/schema\\\/logo\\\/image\\\/\"}}]}<\/script>\n<!-- \/ Yoast SEO plugin. -->","yoast_head_json":{"title":"Logistique export - Euroco","robots":{"index":"index","follow":"follow","max-snippet":"max-snippet:-1","max-image-preview":"max-image-preview:large","max-video-preview":"max-video-preview:-1"},"canonical":"https:\/\/www.euroco.fr\/fr\/logistique-export\/","og_locale":"fr_FR","og_type":"article","og_title":"Logistique export - Euroco","og_description":"M\u00e9tiers Situ\u00e9e \u00e0 Marseille, aux portes de la Provence, EUROCO est au c\u0153ur de la logistique multimodale pour l\u2019approche des marchandises par voie terrestre (route et rail) et fluviale et l\u2019exp\u00e9dition export par voie maritime et a\u00e9rienne. EUROCO organise ses consolidations maritimes export FCL ou LCL \u00e0 partir du terminal Fos 2XL, qui fait partie [&hellip;]","og_url":"https:\/\/www.euroco.fr\/fr\/logistique-export\/","og_site_name":"Euroco","article_modified_time":"2022-11-13T17:21:14+00:00","twitter_card":"summary_large_image","twitter_misc":{"Dur\u00e9e de lecture estim\u00e9e":"2 minutes"},"schema":{"@context":"https:\/\/schema.org","@graph":[{"@type":"WebPage","@id":"https:\/\/www.euroco.fr\/fr\/logistique-export\/","url":"https:\/\/www.euroco.fr\/fr\/logistique-export\/","name":"Logistique export - Euroco","isPartOf":{"@id":"https:\/\/www.euroco.fr\/fr\/#website"},"datePublished":"2022-07-06T08:52:46+00:00","dateModified":"2022-11-13T17:21:14+00:00","breadcrumb":{"@id":"https:\/\/www.euroco.fr\/fr\/logistique-export\/#breadcrumb"},"inLanguage":"fr-FR","potentialAction":[{"@type":"ReadAction","target":["https:\/\/www.euroco.fr\/fr\/logistique-export\/"]}]},{"@type":"BreadcrumbList","@id":"https:\/\/www.euroco.fr\/fr\/logistique-export\/#breadcrumb","itemListElement":[{"@type":"ListItem","position":1,"name":"Accueil","item":"https:\/\/www.euroco.fr\/fr\/"},{"@type":"ListItem","position":2,"name":"Logistique export"}]},{"@type":"WebSite","@id":"https:\/\/www.euroco.fr\/fr\/#website","url":"https:\/\/www.euroco.fr\/fr\/","name":"Euroco","description":"The French food supplier","publisher":{"@id":"https:\/\/www.euroco.fr\/fr\/#organization"},"potentialAction":[{"@type":"SearchAction","target":{"@type":"EntryPoint","urlTemplate":"https:\/\/www.euroco.fr\/fr\/?s={search_term_string}"},"query-input":{"@type":"PropertyValueSpecification","valueRequired":true,"valueName":"search_term_string"}}],"inLanguage":"fr-FR"},{"@type":"Organization","@id":"https:\/\/www.euroco.fr\/fr\/#organization","name":"Euroco","url":"https:\/\/www.euroco.fr\/fr\/","logo":{"@type":"ImageObject","inLanguage":"fr-FR","@id":"https:\/\/www.euroco.fr\/fr\/#\/schema\/logo\/image\/","url":"https:\/\/www.euroco.fr\/wp-content\/uploads\/2022\/03\/logo-euroco.png","contentUrl":"https:\/\/www.euroco.fr\/wp-content\/uploads\/2022\/03\/logo-euroco.png","width":1231,"height":501,"caption":"Euroco"},"image":{"@id":"https:\/\/www.euroco.fr\/fr\/#\/schema\/logo\/image\/"}}]}},"_links":{"self":[{"href":"https:\/\/www.euroco.fr\/fr\/wp-json\/wp\/v2\/pages\/805","targetHints":{"allow":["GET"]}}],"collection":[{"href":"https:\/\/www.euroco.fr\/fr\/wp-json\/wp\/v2\/pages"}],"about":[{"href":"https:\/\/www.euroco.fr\/fr\/wp-json\/wp\/v2\/types\/page"}],"author":[{"embeddable":true,"href":"https:\/\/www.euroco.fr\/fr\/wp-json\/wp\/v2\/users\/1"}],"replies":[{"embeddable":true,"href":"https:\/\/www.euroco.fr\/fr\/wp-json\/wp\/v2\/comments?post=805"}],"version-history":[{"count":14,"href":"https:\/\/www.euroco.fr\/fr\/wp-json\/wp\/v2\/pages\/805\/revisions"}],"predecessor-version":[{"id":1236,"href":"https:\/\/www.euroco.fr\/fr\/wp-json\/wp\/v2\/pages\/805\/revisions\/1236"}],"wp:attachment":[{"href":"https:\/\/www.euroco.fr\/fr\/wp-json\/wp\/v2\/media?parent=805"}],"curies":[{"name":"wp","href":"https:\/\/api.w.org\/{rel}","templated":true}]}}