{"id":1173,"date":"2022-11-08T17:56:04","date_gmt":"2022-11-08T16:56:04","guid":{"rendered":"https:\/\/www.euroco.fr\/?page_id=1173"},"modified":"2024-10-21T18:01:51","modified_gmt":"2024-10-21T16:01:51","slug":"mentions-legales","status":"publish","type":"page","link":"https:\/\/www.euroco.fr\/fr\/mentions-legales\/","title":{"rendered":"Mentions l\u00e9gales"},"content":{"rendered":"<p>Le site euroco.fr est \u00e9dit\u00e9 par la soci\u00e9t\u00e9\u00a0<strong>Europ\u00e9enne de Commercialisation et de Courtage<\/strong>\u00a0(<strong>EUROCO)<\/strong>,<br \/>\nSAS au capital de 100 000 \u20ac \u2013 RCS Marseille 315413476<br \/>\nDont le si\u00e8ge social est au :\u00a02 Boulevard Faidherbe \u2013 13012 Marseille \u2013 FRANCE<br \/>\nTel : +33 (0)4 91 34 41 34<br \/>\nDirecteur de la publication : Patrice DE ROUX, pr\u00e9sident.<\/p>\n<p>Le site Internet a \u00e9t\u00e9 con\u00e7u et est h\u00e9berg\u00e9 et maintenu par la soci\u00e9t\u00e9 <a href=\"https:\/\/www.duwebdanslesepinards.fr\/\" target=\"_blank\" rel=\"noopener noreferrer\">Du Web dans les \u00e9pinards<\/a>\u00a0 Si\u00e8ge social : 93, all\u00e9es de Craponne &#8211; 13300 Salon de Provence &#8211; France &#8211; SIRET : 98243163700015<\/p>\n<p>&nbsp;<\/p>\n","protected":false},"excerpt":{"rendered":"<p>Le site euroco.fr est \u00e9dit\u00e9 par la soci\u00e9t\u00e9\u00a0Europ\u00e9enne de Commercialisation et de Courtage\u00a0(EUROCO), SAS au capital de 100 000 \u20ac \u2013 RCS Marseille 315413476 Dont le si\u00e8ge social est au :\u00a02 Boulevard Faidherbe \u2013 13012 Marseille \u2013 FRANCE Tel : +33 (0)4 91 34 41 34 Directeur de la publication : Patrice DE ROUX, pr\u00e9sident. [&hellip;]<\/p>\n","protected":false},"author":1,"featured_media":0,"parent":0,"menu_order":0,"comment_status":"closed","ping_status":"closed","template":"","meta":{"_acf_changed":false,"_et_pb_use_builder":"","_et_pb_old_content":"","_et_gb_content_width":"","footnotes":""},"class_list":["post-1173","page","type-page","status-publish","hentry"],"acf":[],"yoast_head":"<!-- This site is optimized with the Yoast SEO plugin v27.4 - https:\/\/yoast.com\/product\/yoast-seo-wordpress\/ -->\n<title>Mentions l\u00e9gales - Euroco<\/title>\n<meta name=\"robots\" content=\"index, follow, max-snippet:-1, max-image-preview:large, max-video-preview:-1\" \/>\n<link rel=\"canonical\" href=\"https:\/\/www.euroco.fr\/fr\/mentions-legales\/\" \/>\n<meta property=\"og:locale\" content=\"fr_FR\" \/>\n<meta property=\"og:type\" content=\"article\" \/>\n<meta property=\"og:title\" content=\"Mentions l\u00e9gales - Euroco\" \/>\n<meta property=\"og:description\" content=\"Le site euroco.fr est \u00e9dit\u00e9 par la soci\u00e9t\u00e9\u00a0Europ\u00e9enne de Commercialisation et de Courtage\u00a0(EUROCO), SAS au capital de 100 000 \u20ac \u2013 RCS Marseille 315413476 Dont le si\u00e8ge social est au :\u00a02 Boulevard Faidherbe \u2013 13012 Marseille \u2013 FRANCE Tel : +33 (0)4 91 34 41 34 Directeur de la publication : Patrice DE ROUX, pr\u00e9sident. [&hellip;]\" \/>\n<meta property=\"og:url\" content=\"https:\/\/www.euroco.fr\/fr\/mentions-legales\/\" \/>\n<meta property=\"og:site_name\" content=\"Euroco\" \/>\n<meta property=\"article:modified_time\" content=\"2024-10-21T16:01:51+00:00\" \/>\n<meta name=\"twitter:card\" content=\"summary_large_image\" \/>\n<meta name=\"twitter:label1\" content=\"Dur\u00e9e de lecture estim\u00e9e\" \/>\n\t<meta name=\"twitter:data1\" content=\"1 minute\" \/>\n<script type=\"application\/ld+json\" class=\"yoast-schema-graph\">{\"@context\":\"https:\\\/\\\/schema.org\",\"@graph\":[{\"@type\":\"WebPage\",\"@id\":\"https:\\\/\\\/www.euroco.fr\\\/fr\\\/mentions-legales\\\/\",\"url\":\"https:\\\/\\\/www.euroco.fr\\\/fr\\\/mentions-legales\\\/\",\"name\":\"Mentions l\u00e9gales - Euroco\",\"isPartOf\":{\"@id\":\"https:\\\/\\\/www.euroco.fr\\\/fr\\\/#website\"},\"datePublished\":\"2022-11-08T16:56:04+00:00\",\"dateModified\":\"2024-10-21T16:01:51+00:00\",\"breadcrumb\":{\"@id\":\"https:\\\/\\\/www.euroco.fr\\\/fr\\\/mentions-legales\\\/#breadcrumb\"},\"inLanguage\":\"fr-FR\",\"potentialAction\":[{\"@type\":\"ReadAction\",\"target\":[\"https:\\\/\\\/www.euroco.fr\\\/fr\\\/mentions-legales\\\/\"]}]},{\"@type\":\"BreadcrumbList\",\"@id\":\"https:\\\/\\\/www.euroco.fr\\\/fr\\\/mentions-legales\\\/#breadcrumb\",\"itemListElement\":[{\"@type\":\"ListItem\",\"position\":1,\"name\":\"Accueil\",\"item\":\"https:\\\/\\\/www.euroco.fr\\\/fr\\\/\"},{\"@type\":\"ListItem\",\"position\":2,\"name\":\"Mentions l\u00e9gales\"}]},{\"@type\":\"WebSite\",\"@id\":\"https:\\\/\\\/www.euroco.fr\\\/fr\\\/#website\",\"url\":\"https:\\\/\\\/www.euroco.fr\\\/fr\\\/\",\"name\":\"Euroco\",\"description\":\"The French food supplier\",\"publisher\":{\"@id\":\"https:\\\/\\\/www.euroco.fr\\\/fr\\\/#organization\"},\"potentialAction\":[{\"@type\":\"SearchAction\",\"target\":{\"@type\":\"EntryPoint\",\"urlTemplate\":\"https:\\\/\\\/www.euroco.fr\\\/fr\\\/?s={search_term_string}\"},\"query-input\":{\"@type\":\"PropertyValueSpecification\",\"valueRequired\":true,\"valueName\":\"search_term_string\"}}],\"inLanguage\":\"fr-FR\"},{\"@type\":\"Organization\",\"@id\":\"https:\\\/\\\/www.euroco.fr\\\/fr\\\/#organization\",\"name\":\"Euroco\",\"url\":\"https:\\\/\\\/www.euroco.fr\\\/fr\\\/\",\"logo\":{\"@type\":\"ImageObject\",\"inLanguage\":\"fr-FR\",\"@id\":\"https:\\\/\\\/www.euroco.fr\\\/fr\\\/#\\\/schema\\\/logo\\\/image\\\/\",\"url\":\"https:\\\/\\\/www.euroco.fr\\\/wp-content\\\/uploads\\\/2022\\\/03\\\/logo-euroco.png\",\"contentUrl\":\"https:\\\/\\\/www.euroco.fr\\\/wp-content\\\/uploads\\\/2022\\\/03\\\/logo-euroco.png\",\"width\":1231,\"height\":501,\"caption\":\"Euroco\"},\"image\":{\"@id\":\"https:\\\/\\\/www.euroco.fr\\\/fr\\\/#\\\/schema\\\/logo\\\/image\\\/\"}}]}<\/script>\n<!-- \/ Yoast SEO plugin. -->","yoast_head_json":{"title":"Mentions l\u00e9gales - Euroco","robots":{"index":"index","follow":"follow","max-snippet":"max-snippet:-1","max-image-preview":"max-image-preview:large","max-video-preview":"max-video-preview:-1"},"canonical":"https:\/\/www.euroco.fr\/fr\/mentions-legales\/","og_locale":"fr_FR","og_type":"article","og_title":"Mentions l\u00e9gales - Euroco","og_description":"Le site euroco.fr est \u00e9dit\u00e9 par la soci\u00e9t\u00e9\u00a0Europ\u00e9enne de Commercialisation et de Courtage\u00a0(EUROCO), SAS au capital de 100 000 \u20ac \u2013 RCS Marseille 315413476 Dont le si\u00e8ge social est au :\u00a02 Boulevard Faidherbe \u2013 13012 Marseille \u2013 FRANCE Tel : +33 (0)4 91 34 41 34 Directeur de la publication : Patrice DE ROUX, pr\u00e9sident. [&hellip;]","og_url":"https:\/\/www.euroco.fr\/fr\/mentions-legales\/","og_site_name":"Euroco","article_modified_time":"2024-10-21T16:01:51+00:00","twitter_card":"summary_large_image","twitter_misc":{"Dur\u00e9e de lecture estim\u00e9e":"1 minute"},"schema":{"@context":"https:\/\/schema.org","@graph":[{"@type":"WebPage","@id":"https:\/\/www.euroco.fr\/fr\/mentions-legales\/","url":"https:\/\/www.euroco.fr\/fr\/mentions-legales\/","name":"Mentions l\u00e9gales - Euroco","isPartOf":{"@id":"https:\/\/www.euroco.fr\/fr\/#website"},"datePublished":"2022-11-08T16:56:04+00:00","dateModified":"2024-10-21T16:01:51+00:00","breadcrumb":{"@id":"https:\/\/www.euroco.fr\/fr\/mentions-legales\/#breadcrumb"},"inLanguage":"fr-FR","potentialAction":[{"@type":"ReadAction","target":["https:\/\/www.euroco.fr\/fr\/mentions-legales\/"]}]},{"@type":"BreadcrumbList","@id":"https:\/\/www.euroco.fr\/fr\/mentions-legales\/#breadcrumb","itemListElement":[{"@type":"ListItem","position":1,"name":"Accueil","item":"https:\/\/www.euroco.fr\/fr\/"},{"@type":"ListItem","position":2,"name":"Mentions l\u00e9gales"}]},{"@type":"WebSite","@id":"https:\/\/www.euroco.fr\/fr\/#website","url":"https:\/\/www.euroco.fr\/fr\/","name":"Euroco","description":"The French food supplier","publisher":{"@id":"https:\/\/www.euroco.fr\/fr\/#organization"},"potentialAction":[{"@type":"SearchAction","target":{"@type":"EntryPoint","urlTemplate":"https:\/\/www.euroco.fr\/fr\/?s={search_term_string}"},"query-input":{"@type":"PropertyValueSpecification","valueRequired":true,"valueName":"search_term_string"}}],"inLanguage":"fr-FR"},{"@type":"Organization","@id":"https:\/\/www.euroco.fr\/fr\/#organization","name":"Euroco","url":"https:\/\/www.euroco.fr\/fr\/","logo":{"@type":"ImageObject","inLanguage":"fr-FR","@id":"https:\/\/www.euroco.fr\/fr\/#\/schema\/logo\/image\/","url":"https:\/\/www.euroco.fr\/wp-content\/uploads\/2022\/03\/logo-euroco.png","contentUrl":"https:\/\/www.euroco.fr\/wp-content\/uploads\/2022\/03\/logo-euroco.png","width":1231,"height":501,"caption":"Euroco"},"image":{"@id":"https:\/\/www.euroco.fr\/fr\/#\/schema\/logo\/image\/"}}]}},"_links":{"self":[{"href":"https:\/\/www.euroco.fr\/fr\/wp-json\/wp\/v2\/pages\/1173","targetHints":{"allow":["GET"]}}],"collection":[{"href":"https:\/\/www.euroco.fr\/fr\/wp-json\/wp\/v2\/pages"}],"about":[{"href":"https:\/\/www.euroco.fr\/fr\/wp-json\/wp\/v2\/types\/page"}],"author":[{"embeddable":true,"href":"https:\/\/www.euroco.fr\/fr\/wp-json\/wp\/v2\/users\/1"}],"replies":[{"embeddable":true,"href":"https:\/\/www.euroco.fr\/fr\/wp-json\/wp\/v2\/comments?post=1173"}],"version-history":[{"count":7,"href":"https:\/\/www.euroco.fr\/fr\/wp-json\/wp\/v2\/pages\/1173\/revisions"}],"predecessor-version":[{"id":14583,"href":"https:\/\/www.euroco.fr\/fr\/wp-json\/wp\/v2\/pages\/1173\/revisions\/14583"}],"wp:attachment":[{"href":"https:\/\/www.euroco.fr\/fr\/wp-json\/wp\/v2\/media?parent=1173"}],"curies":[{"name":"wp","href":"https:\/\/api.w.org\/{rel}","templated":true}]}}